{"id":1459,"date":"2026-04-24T14:57:34","date_gmt":"2026-04-24T14:57:34","guid":{"rendered":"https:\/\/www.heatecx.com\/pt\/?post_type=product&#038;p=1459"},"modified":"2026-04-24T16:39:12","modified_gmt":"2026-04-24T16:39:12","slug":"maquina-de-secagem-para-cabo-mi-x-b60","status":"publish","type":"product","link":"https:\/\/www.heatecx.com\/pt\/producto\/maquina-de-secagem-para-cabo-mi-x-b60\/","title":{"rendered":"M\u00e1quina de Secagem para Cabo MI X-B60"},"content":{"rendered":"<p>A M\u00e1quina de Secagem de Armadura X-B60 \u00e9 um equipamento de alta efici\u00eancia projetado especificamente para o pr\u00e9-tratamento antes da soldagem de cabos MI e termopares blindados. Ela pode controlar com precis\u00e3o a temperatura de secagem at\u00e9 200\u00b0C, removendo efetivamente a umidade dos materiais isolantes, garantindo assim a qualidade da soldagem e a estabilidade e confiabilidade do desempenho do produto.<\/p>\n","protected":false},"excerpt":{"rendered":"<p>A M\u00e1quina de Secagem de Armadura X-B60 \u00e9 um equipamento de alta efici\u00eancia projetado especificamente para o pr\u00e9-tratamento antes da soldagem de cabos MI e termopares blindados. Ela pode controlar com precis\u00e3o a temperatura de secagem at\u00e9 200\u00b0C, removendo efetivamente a umidade dos materiais isolantes, garantindo assim a qualidade da soldagem e a estabilidade e confiabilidade do desempenho do produto.<\/p>\n","protected":false},"featured_media":1460,"comment_status":"open","ping_status":"closed","template":"","meta":{"site-sidebar-layout":"default","site-content-layout":"default","ast-global-header-display":"","ast-main-header-display":"","ast-hfb-above-header-display":"","ast-hfb-below-header-display":"","ast-hfb-mobile-header-display":"","site-post-title":"disabled","ast-breadcrumbs-content":"","ast-featured-img":"","footer-sml-layout":"","theme-transparent-header-meta":"default","adv-header-id-meta":"","stick-header-meta":"","header-above-stick-meta":"","header-main-stick-meta":"","header-below-stick-meta":""},"product_brand":[],"product_cat":[47,17],"product_tag":[],"class_list":{"0":"post-1459","1":"product","2":"type-product","3":"status-publish","4":"has-post-thumbnail","6":"product_cat-maquinas-para-cabos-mi","7":"product_cat-maquinas","9":"first","10":"instock","11":"shipping-taxable","12":"product-type-simple"},"_links":{"self":[{"href":"https:\/\/www.heatecx.com\/pt\/wp-json\/wp\/v2\/product\/1459","targetHints":{"allow":["GET"]}}],"collection":[{"href":"https:\/\/www.heatecx.com\/pt\/wp-json\/wp\/v2\/product"}],"about":[{"href":"https:\/\/www.heatecx.com\/pt\/wp-json\/wp\/v2\/types\/product"}],"replies":[{"embeddable":true,"href":"https:\/\/www.heatecx.com\/pt\/wp-json\/wp\/v2\/comments?post=1459"}],"wp:featuredmedia":[{"embeddable":true,"href":"https:\/\/www.heatecx.com\/pt\/wp-json\/wp\/v2\/media\/1460"}],"wp:attachment":[{"href":"https:\/\/www.heatecx.com\/pt\/wp-json\/wp\/v2\/media?parent=1459"}],"wp:term":[{"taxonomy":"product_brand","embeddable":true,"href":"https:\/\/www.heatecx.com\/pt\/wp-json\/wp\/v2\/product_brand?post=1459"},{"taxonomy":"product_cat","embeddable":true,"href":"https:\/\/www.heatecx.com\/pt\/wp-json\/wp\/v2\/product_cat?post=1459"},{"taxonomy":"product_tag","embeddable":true,"href":"https:\/\/www.heatecx.com\/pt\/wp-json\/wp\/v2\/product_tag?post=1459"}],"curies":[{"name":"wp","href":"https:\/\/api.w.org\/{rel}","templated":true}]}}