{"id":1467,"date":"2026-04-27T02:13:07","date_gmt":"2026-04-27T02:13:07","guid":{"rendered":"https:\/\/www.heatecx.com\/pt\/?post_type=product&#038;p=1467"},"modified":"2026-04-27T02:21:13","modified_gmt":"2026-04-27T02:21:13","slug":"retificadora-semiautomatica-de-cabo-mi-xb-80","status":"publish","type":"product","link":"https:\/\/www.heatecx.com\/pt\/producto\/retificadora-semiautomatica-de-cabo-mi-xb-80\/","title":{"rendered":"Retificadora Semiautom\u00e1tica de Cabo MI XB-80"},"content":{"rendered":"<p>A Retificadora Semiautom\u00e1tica de Cabo MI XB-80 \u00e9 uma solu\u00e7\u00e3o compacta e eficiente projetada para o retificado preciso de cabos com isolamento mineral (MI) e cabos blindados com di\u00e2metros de 1 a 6 mm. Este equipamento robusto e de f\u00e1cil uso garante uma retifica\u00e7\u00e3o ideal, essencial para a prepara\u00e7\u00e3o de cabos de termopar e sensores, melhorando significativamente a qualidade e a efici\u00eancia no processo de fabrica\u00e7\u00e3o e montagem.<\/p>\n","protected":false},"excerpt":{"rendered":"<p>A Retificadora Semiautom\u00e1tica de Cabo MI XB-80 \u00e9 uma solu\u00e7\u00e3o compacta e eficiente projetada para o retificado preciso de cabos com isolamento mineral (MI) e cabos blindados com di\u00e2metros de 1 a 6 mm. Este equipamento robusto e de f\u00e1cil uso garante uma retifica\u00e7\u00e3o ideal, essencial para a prepara\u00e7\u00e3o de cabos de termopar e sensores, melhorando significativamente a qualidade e a efici\u00eancia no processo de fabrica\u00e7\u00e3o e montagem.<\/p>\n","protected":false},"featured_media":1468,"comment_status":"open","ping_status":"closed","template":"","meta":{"site-sidebar-layout":"default","site-content-layout":"default","ast-global-header-display":"","ast-main-header-display":"","ast-hfb-above-header-display":"","ast-hfb-below-header-display":"","ast-hfb-mobile-header-display":"","site-post-title":"disabled","ast-breadcrumbs-content":"","ast-featured-img":"","footer-sml-layout":"","theme-transparent-header-meta":"default","adv-header-id-meta":"","stick-header-meta":"","header-above-stick-meta":"","header-main-stick-meta":"","header-below-stick-meta":""},"product_brand":[],"product_cat":[47,17],"product_tag":[],"class_list":{"0":"post-1467","1":"product","2":"type-product","3":"status-publish","4":"has-post-thumbnail","6":"product_cat-maquinas-para-cabos-mi","7":"product_cat-maquinas","9":"first","10":"instock","11":"shipping-taxable","12":"product-type-simple"},"_links":{"self":[{"href":"https:\/\/www.heatecx.com\/pt\/wp-json\/wp\/v2\/product\/1467","targetHints":{"allow":["GET"]}}],"collection":[{"href":"https:\/\/www.heatecx.com\/pt\/wp-json\/wp\/v2\/product"}],"about":[{"href":"https:\/\/www.heatecx.com\/pt\/wp-json\/wp\/v2\/types\/product"}],"replies":[{"embeddable":true,"href":"https:\/\/www.heatecx.com\/pt\/wp-json\/wp\/v2\/comments?post=1467"}],"wp:featuredmedia":[{"embeddable":true,"href":"https:\/\/www.heatecx.com\/pt\/wp-json\/wp\/v2\/media\/1468"}],"wp:attachment":[{"href":"https:\/\/www.heatecx.com\/pt\/wp-json\/wp\/v2\/media?parent=1467"}],"wp:term":[{"taxonomy":"product_brand","embeddable":true,"href":"https:\/\/www.heatecx.com\/pt\/wp-json\/wp\/v2\/product_brand?post=1467"},{"taxonomy":"product_cat","embeddable":true,"href":"https:\/\/www.heatecx.com\/pt\/wp-json\/wp\/v2\/product_cat?post=1467"},{"taxonomy":"product_tag","embeddable":true,"href":"https:\/\/www.heatecx.com\/pt\/wp-json\/wp\/v2\/product_tag?post=1467"}],"curies":[{"name":"wp","href":"https:\/\/api.w.org\/{rel}","templated":true}]}}