{"id":1475,"date":"2026-04-29T02:42:06","date_gmt":"2026-04-29T02:42:06","guid":{"rendered":"https:\/\/www.heatecx.com\/pt\/?post_type=product&#038;p=1475"},"modified":"2026-04-29T03:20:49","modified_gmt":"2026-04-29T03:20:49","slug":"maquina-de-marcacao-laser-fibra-mopa-ml-02","status":"publish","type":"product","link":"https:\/\/www.heatecx.com\/pt\/producto\/maquina-de-marcacao-laser-fibra-mopa-ml-02\/","title":{"rendered":"M\u00e1quina de Marca\u00e7\u00e3o Laser Fibra MOPA ML-02"},"content":{"rendered":"<p><span data-slate-node=\"text\"><span class=\"\" data-slate-leaf=\"true\">A <\/span><\/span><span data-slate-node=\"text\"><span class=\"font-[600]\" data-slate-leaf=\"true\">M\u00e1quina de Marca\u00e7\u00e3o Laser Fibra MOPA ML-02<\/span><\/span><span data-slate-node=\"text\" data-slate-fragment=\"JTVCJTdCJTIydHlwZSUyMiUzQSUyMnAlMjIlMkMlMjJjaGlsZHJlbiUyMiUzQSU1QiU3QiUyMnRleHQlMjIlM0ElMjJBJTIwJTIyJTdEJTJDJTdCJTIydGV4dCUyMiUzQSUyMk0lQzMlQTFxdWluYSUyMGRlJTIwTWFyY2ElQzMlQTclQzMlQTNvJTIwTGFzZXIlMjBGaWJyYSUyME1PUEElMjBNTC0wMiUyMiUyQyUyMmJvbGQlMjIlM0F0cnVlJTdEJTJDJTdCJTIydGV4dCUyMiUzQSUyMiUyMCVDMyVBOSUyMHVtYSUyMHNvbHUlQzMlQTclQzMlQTNvJTIwZGUlMjBhbHRhJTIwcHJlY2lzJUMzJUEzbyUyMHByb2pldGFkYSUyMHBhcmElMjBleGNlbCVDMyVBQW5jaWElMjBpbmR1c3RyaWFsLiUyMFV0aWxpemFuZG8lMjBhJTIwYXZhbiVDMyVBN2FkYSUyMHRlY25vbG9naWElMjBNT1BBJTJDJTIwb2ZlcmVjZSUyMHVtJTIwY29udHJvbGUlMjBleGNlcGNpb25hbCUyMHNvYnJlJTIwYSUyMGR1cmElQzMlQTclQzMlQTNvJTIwZG8lMjBwdWxzbyUyMGxhc2VyJTJDJTIwZ2FyYW50aW5kbyUyMHJlc3VsdGFkb3MlMjBuJUMzJUFEdGlkb3MlMjBlJTIwZGUlMjBhbHRvJTIwY29udHJhc3RlJTIwZW0lMjB1bWElMjB2YXN0YSUyMGdhbWElMjBkZSUyMG1hdGVyaWFpcyUyQyUyMHNlbSUyMGdlcmFyJTIwZXN0cmVzc2UlMjBtZWMlQzMlQTJuaWNvLiUyMENvbSUyMHZlbG9jaWRhZGVzJTIwZGUlMjBtYXJjYSVDMyVBNyVDMyVBM28lMjBkZSUyMGF0JUMzJUE5JTIwNzAwMCUyMG1tJTJGcyUyMGUlMjB1bWElMjB2aWRhJTIwJUMzJUJBdGlsJTIwZG8lMjBsYXNlciUyMGRlJTIwMTAwLjAwMCUyMGhvcmFzJTJDJTIwJUMzJUE5JTIwYSUyMGZlcnJhbWVudGElMjBkZWZpbml0aXZhJTIwcGFyYSUyMGFtYmllbnRlcyUyMGRlJTIwcHJvZHUlQzMlQTclQzMlQTNvJTIwZGUlMjBhbHRhJTIwZWZpY2klQzMlQUFuY2lhLiUyMiU3RCU1RCU3RCU1RA==\"><span class=\"\" data-slate-leaf=\"true\"> \u00e9 uma solu\u00e7\u00e3o de alta precis\u00e3o projetada para excel\u00eancia industrial. Utilizando a avan\u00e7ada tecnologia MOPA, oferece um controle excepcional sobre a dura\u00e7\u00e3o do pulso laser, garantindo resultados n\u00edtidos e de alto contraste em uma vasta gama de materiais, sem gerar estresse mec\u00e2nico. Com velocidades de marca\u00e7\u00e3o de at\u00e9 7000 mm\/s e uma vida \u00fatil do laser de 100.000 horas, \u00e9 a ferramenta definitiva para ambientes de produ\u00e7\u00e3o de alta efici\u00eancia.<\/span><\/span><\/p>\n","protected":false},"excerpt":{"rendered":"<p><span data-slate-node=\"text\"><span class=\"\" data-slate-leaf=\"true\">A <\/span><\/span><span data-slate-node=\"text\"><span class=\"font-[600]\" data-slate-leaf=\"true\">M\u00e1quina de Marca\u00e7\u00e3o Laser Fibra MOPA ML-02<\/span><\/span><span data-slate-node=\"text\" data-slate-fragment=\"JTVCJTdCJTIydHlwZSUyMiUzQSUyMnAlMjIlMkMlMjJjaGlsZHJlbiUyMiUzQSU1QiU3QiUyMnRleHQlMjIlM0ElMjJBJTIwJTIyJTdEJTJDJTdCJTIydGV4dCUyMiUzQSUyMk0lQzMlQTFxdWluYSUyMGRlJTIwTWFyY2ElQzMlQTclQzMlQTNvJTIwTGFzZXIlMjBGaWJyYSUyME1PUEElMjBNTC0wMiUyMiUyQyUyMmJvbGQlMjIlM0F0cnVlJTdEJTJDJTdCJTIydGV4dCUyMiUzQSUyMiUyMCVDMyVBOSUyMHVtYSUyMHNvbHUlQzMlQTclQzMlQTNvJTIwZGUlMjBhbHRhJTIwcHJlY2lzJUMzJUEzbyUyMHByb2pldGFkYSUyMHBhcmElMjBleGNlbCVDMyVBQW5jaWElMjBpbmR1c3RyaWFsLiUyMFV0aWxpemFuZG8lMjBhJTIwYXZhbiVDMyVBN2FkYSUyMHRlY25vbG9naWElMjBNT1BBJTJDJTIwb2ZlcmVjZSUyMHVtJTIwY29udHJvbGUlMjBleGNlcGNpb25hbCUyMHNvYnJlJTIwYSUyMGR1cmElQzMlQTclQzMlQTNvJTIwZG8lMjBwdWxzbyUyMGxhc2VyJTJDJTIwZ2FyYW50aW5kbyUyMHJlc3VsdGFkb3MlMjBuJUMzJUFEdGlkb3MlMjBlJTIwZGUlMjBhbHRvJTIwY29udHJhc3RlJTIwZW0lMjB1bWElMjB2YXN0YSUyMGdhbWElMjBkZSUyMG1hdGVyaWFpcyUyQyUyMHNlbSUyMGdlcmFyJTIwZXN0cmVzc2UlMjBtZWMlQzMlQTJuaWNvLiUyMENvbSUyMHZlbG9jaWRhZGVzJTIwZGUlMjBtYXJjYSVDMyVBNyVDMyVBM28lMjBkZSUyMGF0JUMzJUE5JTIwNzAwMCUyMG1tJTJGcyUyMGUlMjB1bWElMjB2aWRhJTIwJUMzJUJBdGlsJTIwZG8lMjBsYXNlciUyMGRlJTIwMTAwLjAwMCUyMGhvcmFzJTJDJTIwJUMzJUE5JTIwYSUyMGZlcnJhbWVudGElMjBkZWZpbml0aXZhJTIwcGFyYSUyMGFtYmllbnRlcyUyMGRlJTIwcHJvZHUlQzMlQTclQzMlQTNvJTIwZGUlMjBhbHRhJTIwZWZpY2klQzMlQUFuY2lhLiUyMiU3RCU1RCU3RCU1RA==\"><span class=\"\" data-slate-leaf=\"true\"> \u00e9 uma solu\u00e7\u00e3o de alta precis\u00e3o projetada para excel\u00eancia industrial. Utilizando a avan\u00e7ada tecnologia MOPA, oferece um controle excepcional sobre a dura\u00e7\u00e3o do pulso laser, garantindo resultados n\u00edtidos e de alto contraste em uma vasta gama de materiais, sem gerar estresse mec\u00e2nico. Com velocidades de marca\u00e7\u00e3o de at\u00e9 7000 mm\/s e uma vida \u00fatil do laser de 100.000 horas, \u00e9 a ferramenta definitiva para ambientes de produ\u00e7\u00e3o de alta efici\u00eancia.<\/span><\/span><\/p>\n","protected":false},"featured_media":1476,"comment_status":"open","ping_status":"closed","template":"","meta":{"site-sidebar-layout":"default","site-content-layout":"default","ast-global-header-display":"","ast-main-header-display":"","ast-hfb-above-header-display":"","ast-hfb-below-header-display":"","ast-hfb-mobile-header-display":"","site-post-title":"disabled","ast-breadcrumbs-content":"","ast-featured-img":"","footer-sml-layout":"","theme-transparent-header-meta":"default","adv-header-id-meta":"","stick-header-meta":"","header-above-stick-meta":"","header-main-stick-meta":"","header-below-stick-meta":""},"product_brand":[],"product_cat":[37,17],"product_tag":[],"class_list":{"0":"post-1475","1":"product","2":"type-product","3":"status-publish","4":"has-post-thumbnail","6":"product_cat-maquina-de-gravacao","7":"product_cat-maquinas","9":"first","10":"instock","11":"shipping-taxable","12":"product-type-simple"},"_links":{"self":[{"href":"https:\/\/www.heatecx.com\/pt\/wp-json\/wp\/v2\/product\/1475","targetHints":{"allow":["GET"]}}],"collection":[{"href":"https:\/\/www.heatecx.com\/pt\/wp-json\/wp\/v2\/product"}],"about":[{"href":"https:\/\/www.heatecx.com\/pt\/wp-json\/wp\/v2\/types\/product"}],"replies":[{"embeddable":true,"href":"https:\/\/www.heatecx.com\/pt\/wp-json\/wp\/v2\/comments?post=1475"}],"wp:featuredmedia":[{"embeddable":true,"href":"https:\/\/www.heatecx.com\/pt\/wp-json\/wp\/v2\/media\/1476"}],"wp:attachment":[{"href":"https:\/\/www.heatecx.com\/pt\/wp-json\/wp\/v2\/media?parent=1475"}],"wp:term":[{"taxonomy":"product_brand","embeddable":true,"href":"https:\/\/www.heatecx.com\/pt\/wp-json\/wp\/v2\/product_brand?post=1475"},{"taxonomy":"product_cat","embeddable":true,"href":"https:\/\/www.heatecx.com\/pt\/wp-json\/wp\/v2\/product_cat?post=1475"},{"taxonomy":"product_tag","embeddable":true,"href":"https:\/\/www.heatecx.com\/pt\/wp-json\/wp\/v2\/product_tag?post=1475"}],"curies":[{"name":"wp","href":"https:\/\/api.w.org\/{rel}","templated":true}]}}