{"id":1479,"date":"2026-04-29T05:27:47","date_gmt":"2026-04-29T05:27:47","guid":{"rendered":"https:\/\/www.heatecx.com\/pt\/?post_type=product&#038;p=1479"},"modified":"2026-04-29T06:33:37","modified_gmt":"2026-04-29T06:33:37","slug":"termopoco-bainha-de-protecao","status":"publish","type":"product","link":"https:\/\/www.heatecx.com\/pt\/producto\/termopoco-bainha-de-protecao\/","title":{"rendered":"Termopo\u00e7o (Bainha de Prote\u00e7\u00e3o)"},"content":{"rendered":"<p><span data-slate-node=\"text\"><span class=\"\" data-slate-leaf=\"true\">Nossos <\/span><\/span><span data-slate-node=\"text\"><span class=\"font-[600]\" data-slate-leaf=\"true\">Termopo\u00e7os<\/span><\/span><span data-slate-node=\"text\"><span class=\"\" data-slate-leaf=\"true\"> (<\/span><\/span><span data-slate-node=\"text\"><span class=\"font-[600]\" data-slate-leaf=\"true\">Bainhas de Prote\u00e7\u00e3o<\/span><\/span><span data-slate-node=\"text\"><span class=\"\" data-slate-leaf=\"true\">) s\u00e3o projetados para oferecer a m\u00e1xima prote\u00e7\u00e3o aos seus sensores de temperatura (termopares e RTD) em ambientes industriais exigentes. Fabricados com materiais de alta qualidade como <\/span><\/span><span data-slate-node=\"text\"><span class=\"font-[600]\" data-slate-leaf=\"true\">a\u00e7o inoxid\u00e1vel<\/span><\/span><span data-slate-node=\"text\"><span class=\"\" data-slate-leaf=\"true\"> e <\/span><\/span><span data-slate-node=\"text\"><span class=\"font-[600]\" data-slate-leaf=\"true\">ligas especiais<\/span><\/span><span data-slate-node=\"text\"><span class=\"\" data-slate-leaf=\"true\">, garantem uma excelente <\/span><\/span><span data-slate-node=\"text\"><span class=\"font-[600]\" data-slate-leaf=\"true\">resist\u00eancia \u00e0 corros\u00e3o<\/span><\/span><span data-slate-node=\"text\"><span class=\"\" data-slate-leaf=\"true\"> e suportam condi\u00e7\u00f5es de <\/span><\/span><span data-slate-node=\"text\"><span class=\"font-[600]\" data-slate-leaf=\"true\">alta press\u00e3o<\/span><\/span><span data-slate-node=\"text\"><span class=\"\" data-slate-leaf=\"true\">. Seu design otimizado assegura uma <\/span><\/span><span data-slate-node=\"text\"><span class=\"font-[600]\" data-slate-leaf=\"true\">transfer\u00eancia t\u00e9rmica<\/span><\/span><span data-slate-node=\"text\"><span class=\"\" data-slate-leaf=\"true\"> eficiente, permitindo medi\u00e7\u00f5es precisas e r\u00e1pidas sem comprometer a integridade do sensor. Dispon\u00edveis em diversas configura\u00e7\u00f5es, incluindo <\/span><\/span><span data-slate-node=\"text\"><span class=\"font-[600]\" data-slate-leaf=\"true\">termopo\u00e7o roscado<\/span><\/span><span data-slate-node=\"text\"><span class=\"\" data-slate-leaf=\"true\">, <\/span><\/span><span data-slate-node=\"text\"><span class=\"font-[600]\" data-slate-leaf=\"true\">termopo\u00e7o flangeado<\/span><\/span><span data-slate-node=\"text\"><span class=\"\" data-slate-leaf=\"true\"> e <\/span><\/span><span data-slate-node=\"text\"><span class=\"font-[600]\" data-slate-leaf=\"true\">termopo\u00e7o para soldar<\/span><\/span><span data-slate-node=\"text\" data-slate-fragment=\"JTVCJTdCJTIydHlwZSUyMiUzQSUyMnAlMjIlMkMlMjJjaGlsZHJlbiUyMiUzQSU1QiU3QiUyMnRleHQlMjIlM0ElMjJOb3Nzb3MlMjAlMjIlN0QlMkMlN0IlMjJ0ZXh0JTIyJTNBJTIyVGVybW9wbyVDMyVBN29zJTIyJTJDJTIyYm9sZCUyMiUzQXRydWUlN0QlMkMlN0IlMjJ0ZXh0JTIyJTNBJTIyJTIwKCUyMiU3RCUyQyU3QiUyMnRleHQlMjIlM0ElMjJCYWluaGFzJTIwZGUlMjBQcm90ZSVDMyVBNyVDMyVBM28lMjIlMkMlMjJib2xkJTIyJTNBdHJ1ZSU3RCUyQyU3QiUyMnRleHQlMjIlM0ElMjIpJTIwcyVDMyVBM28lMjBwcm9qZXRhZG9zJTIwcGFyYSUyMG9mZXJlY2VyJTIwYSUyMG0lQzMlQTF4aW1hJTIwcHJvdGUlQzMlQTclQzMlQTNvJTIwYW9zJTIwc2V1cyUyMHNlbnNvcmVzJTIwZGUlMjB0ZW1wZXJhdHVyYSUyMCh0ZXJtb3BhcmVzJTIwZSUyMFJURCklMjBlbSUyMGFtYmllbnRlcyUyMGluZHVzdHJpYWlzJTIwZXhpZ2VudGVzLiUyMEZhYnJpY2Fkb3MlMjBjb20lMjBtYXRlcmlhaXMlMjBkZSUyMGFsdGElMjBxdWFsaWRhZGUlMjBjb21vJTIwJTIyJTdEJTJDJTdCJTIydGV4dCUyMiUzQSUyMmElQzMlQTdvJTIwaW5veGlkJUMzJUExdmVsJTIyJTJDJTIyYm9sZCUyMiUzQXRydWUlN0QlMkMlN0IlMjJ0ZXh0JTIyJTNBJTIyJTIwZSUyMCUyMiU3RCUyQyU3QiUyMnRleHQlMjIlM0ElMjJsaWdhcyUyMGVzcGVjaWFpcyUyMiUyQyUyMmJvbGQlMjIlM0F0cnVlJTdEJTJDJTdCJTIydGV4dCUyMiUzQSUyMiUyQyUyMGdhcmFudGVtJTIwdW1hJTIwZXhjZWxlbnRlJTIwJTIyJTdEJTJDJTdCJTIydGV4dCUyMiUzQSUyMnJlc2lzdCVDMyVBQW5jaWElMjAlQzMlQTAlMjBjb3Jyb3MlQzMlQTNvJTIyJTJDJTIyYm9sZCUyMiUzQXRydWUlN0QlMkMlN0IlMjJ0ZXh0JTIyJTNBJTIyJTIwZSUyMHN1cG9ydGFtJTIwY29uZGklQzMlQTclQzMlQjVlcyUyMGRlJTIwJTIyJTdEJTJDJTdCJTIydGV4dCUyMiUzQSUyMmFsdGElMjBwcmVzcyVDMyVBM28lMjIlMkMlMjJib2xkJTIyJTNBdHJ1ZSU3RCUyQyU3QiUyMnRleHQlMjIlM0ElMjIuJTIwU2V1JTIwZGVzaWduJTIwb3RpbWl6YWRvJTIwYXNzZWd1cmElMjB1bWElMjAlMjIlN0QlMkMlN0IlMjJ0ZXh0JTIyJTNBJTIydHJhbnNmZXIlQzMlQUFuY2lhJTIwdCVDMyVBOXJtaWNhJTIyJTJDJTIyYm9sZCUyMiUzQXRydWUlN0QlMkMlN0IlMjJ0ZXh0JTIyJTNBJTIyJTIwZWZpY2llbnRlJTJDJTIwcGVybWl0aW5kbyUyMG1lZGklQzMlQTclQzMlQjVlcyUyMHByZWNpc2FzJTIwZSUyMHIlQzMlQTFwaWRhcyUyMHNlbSUyMGNvbXByb21ldGVyJTIwYSUyMGludGVncmlkYWRlJTIwZG8lMjBzZW5zb3IuJTIwRGlzcG9uJUMzJUFEdmVpcyUyMGVtJTIwZGl2ZXJzYXMlMjBjb25maWd1cmElQzMlQTclQzMlQjVlcyUyQyUyMGluY2x1aW5kbyUyMCUyMiU3RCUyQyU3QiUyMnRleHQlMjIlM0ElMjJ0ZXJtb3BvJUMzJUE3byUyMHJvc2NhZG8lMjIlMkMlMjJib2xkJTIyJTNBdHJ1ZSU3RCUyQyU3QiUyMnRleHQlMjIlM0ElMjIlMkMlMjAlMjIlN0QlMkMlN0IlMjJ0ZXh0JTIyJTNBJTIydGVybW9wbyVDMyVBN28lMjBmbGFuZ2VhZG8lMjIlMkMlMjJib2xkJTIyJTNBdHJ1ZSU3RCUyQyU3QiUyMnRleHQlMjIlM0ElMjIlMjBlJTIwJTIyJTdEJTJDJTdCJTIydGV4dCUyMiUzQSUyMnRlcm1vcG8lQzMlQTdvJTIwcGFyYSUyMHNvbGRhciUyMiUyQyUyMmJvbGQlMjIlM0F0cnVlJTdEJTJDJTdCJTIydGV4dCUyMiUzQSUyMiUyQyUyMGFkYXB0YW0tc2UlMjBwZXJmZWl0YW1lbnRlJTIwJUMzJUEwcyUyMG5lY2Vzc2lkYWRlcyUyMGVzcGVjJUMzJUFEZmljYXMlMjBkbyUyMHNldSUyMHByb2Nlc3NvLiUyMiU3RCU1RCU3RCU1RA==\"><span class=\"\" data-slate-leaf=\"true\">, adaptam-se perfeitamente \u00e0s necessidades espec\u00edficas do seu processo.<\/span><\/span><\/p>\n","protected":false},"excerpt":{"rendered":"<p><span data-slate-node=\"text\"><span class=\"\" data-slate-leaf=\"true\">Nossos <\/span><\/span><span data-slate-node=\"text\"><span class=\"font-[600]\" data-slate-leaf=\"true\">Termopo\u00e7os<\/span><\/span><span data-slate-node=\"text\"><span class=\"\" data-slate-leaf=\"true\"> (<\/span><\/span><span data-slate-node=\"text\"><span class=\"font-[600]\" data-slate-leaf=\"true\">Bainhas de Prote\u00e7\u00e3o<\/span><\/span><span data-slate-node=\"text\"><span class=\"\" data-slate-leaf=\"true\">) s\u00e3o projetados para oferecer a m\u00e1xima prote\u00e7\u00e3o aos seus sensores de temperatura (termopares e RTD) em ambientes industriais exigentes. Fabricados com materiais de alta qualidade como <\/span><\/span><span data-slate-node=\"text\"><span class=\"font-[600]\" data-slate-leaf=\"true\">a\u00e7o inoxid\u00e1vel<\/span><\/span><span data-slate-node=\"text\"><span class=\"\" data-slate-leaf=\"true\"> e <\/span><\/span><span data-slate-node=\"text\"><span class=\"font-[600]\" data-slate-leaf=\"true\">ligas especiais<\/span><\/span><span data-slate-node=\"text\"><span class=\"\" data-slate-leaf=\"true\">, garantem uma excelente <\/span><\/span><span data-slate-node=\"text\"><span class=\"font-[600]\" data-slate-leaf=\"true\">resist\u00eancia \u00e0 corros\u00e3o<\/span><\/span><span data-slate-node=\"text\"><span class=\"\" data-slate-leaf=\"true\"> e suportam condi\u00e7\u00f5es de <\/span><\/span><span data-slate-node=\"text\"><span class=\"font-[600]\" data-slate-leaf=\"true\">alta press\u00e3o<\/span><\/span><span data-slate-node=\"text\"><span class=\"\" data-slate-leaf=\"true\">. Seu design otimizado assegura uma <\/span><\/span><span data-slate-node=\"text\"><span class=\"font-[600]\" data-slate-leaf=\"true\">transfer\u00eancia t\u00e9rmica<\/span><\/span><span data-slate-node=\"text\"><span class=\"\" data-slate-leaf=\"true\"> eficiente, permitindo medi\u00e7\u00f5es precisas e r\u00e1pidas sem comprometer a integridade do sensor. Dispon\u00edveis em diversas configura\u00e7\u00f5es, incluindo <\/span><\/span><span data-slate-node=\"text\"><span class=\"font-[600]\" data-slate-leaf=\"true\">termopo\u00e7o roscado<\/span><\/span><span data-slate-node=\"text\"><span class=\"\" data-slate-leaf=\"true\">, <\/span><\/span><span data-slate-node=\"text\"><span class=\"font-[600]\" data-slate-leaf=\"true\">termopo\u00e7o flangeado<\/span><\/span><span data-slate-node=\"text\"><span class=\"\" data-slate-leaf=\"true\"> e <\/span><\/span><span data-slate-node=\"text\"><span class=\"font-[600]\" data-slate-leaf=\"true\">termopo\u00e7o para soldar<\/span><\/span><span data-slate-node=\"text\" data-slate-fragment=\"JTVCJTdCJTIydHlwZSUyMiUzQSUyMnAlMjIlMkMlMjJjaGlsZHJlbiUyMiUzQSU1QiU3QiUyMnRleHQlMjIlM0ElMjJOb3Nzb3MlMjAlMjIlN0QlMkMlN0IlMjJ0ZXh0JTIyJTNBJTIyVGVybW9wbyVDMyVBN29zJTIyJTJDJTIyYm9sZCUyMiUzQXRydWUlN0QlMkMlN0IlMjJ0ZXh0JTIyJTNBJTIyJTIwKCUyMiU3RCUyQyU3QiUyMnRleHQlMjIlM0ElMjJCYWluaGFzJTIwZGUlMjBQcm90ZSVDMyVBNyVDMyVBM28lMjIlMkMlMjJib2xkJTIyJTNBdHJ1ZSU3RCUyQyU3QiUyMnRleHQlMjIlM0ElMjIpJTIwcyVDMyVBM28lMjBwcm9qZXRhZG9zJTIwcGFyYSUyMG9mZXJlY2VyJTIwYSUyMG0lQzMlQTF4aW1hJTIwcHJvdGUlQzMlQTclQzMlQTNvJTIwYW9zJTIwc2V1cyUyMHNlbnNvcmVzJTIwZGUlMjB0ZW1wZXJhdHVyYSUyMCh0ZXJtb3BhcmVzJTIwZSUyMFJURCklMjBlbSUyMGFtYmllbnRlcyUyMGluZHVzdHJpYWlzJTIwZXhpZ2VudGVzLiUyMEZhYnJpY2Fkb3MlMjBjb20lMjBtYXRlcmlhaXMlMjBkZSUyMGFsdGElMjBxdWFsaWRhZGUlMjBjb21vJTIwJTIyJTdEJTJDJTdCJTIydGV4dCUyMiUzQSUyMmElQzMlQTdvJTIwaW5veGlkJUMzJUExdmVsJTIyJTJDJTIyYm9sZCUyMiUzQXRydWUlN0QlMkMlN0IlMjJ0ZXh0JTIyJTNBJTIyJTIwZSUyMCUyMiU3RCUyQyU3QiUyMnRleHQlMjIlM0ElMjJsaWdhcyUyMGVzcGVjaWFpcyUyMiUyQyUyMmJvbGQlMjIlM0F0cnVlJTdEJTJDJTdCJTIydGV4dCUyMiUzQSUyMiUyQyUyMGdhcmFudGVtJTIwdW1hJTIwZXhjZWxlbnRlJTIwJTIyJTdEJTJDJTdCJTIydGV4dCUyMiUzQSUyMnJlc2lzdCVDMyVBQW5jaWElMjAlQzMlQTAlMjBjb3Jyb3MlQzMlQTNvJTIyJTJDJTIyYm9sZCUyMiUzQXRydWUlN0QlMkMlN0IlMjJ0ZXh0JTIyJTNBJTIyJTIwZSUyMHN1cG9ydGFtJTIwY29uZGklQzMlQTclQzMlQjVlcyUyMGRlJTIwJTIyJTdEJTJDJTdCJTIydGV4dCUyMiUzQSUyMmFsdGElMjBwcmVzcyVDMyVBM28lMjIlMkMlMjJib2xkJTIyJTNBdHJ1ZSU3RCUyQyU3QiUyMnRleHQlMjIlM0ElMjIuJTIwU2V1JTIwZGVzaWduJTIwb3RpbWl6YWRvJTIwYXNzZWd1cmElMjB1bWElMjAlMjIlN0QlMkMlN0IlMjJ0ZXh0JTIyJTNBJTIydHJhbnNmZXIlQzMlQUFuY2lhJTIwdCVDMyVBOXJtaWNhJTIyJTJDJTIyYm9sZCUyMiUzQXRydWUlN0QlMkMlN0IlMjJ0ZXh0JTIyJTNBJTIyJTIwZWZpY2llbnRlJTJDJTIwcGVybWl0aW5kbyUyMG1lZGklQzMlQTclQzMlQjVlcyUyMHByZWNpc2FzJTIwZSUyMHIlQzMlQTFwaWRhcyUyMHNlbSUyMGNvbXByb21ldGVyJTIwYSUyMGludGVncmlkYWRlJTIwZG8lMjBzZW5zb3IuJTIwRGlzcG9uJUMzJUFEdmVpcyUyMGVtJTIwZGl2ZXJzYXMlMjBjb25maWd1cmElQzMlQTclQzMlQjVlcyUyQyUyMGluY2x1aW5kbyUyMCUyMiU3RCUyQyU3QiUyMnRleHQlMjIlM0ElMjJ0ZXJtb3BvJUMzJUE3byUyMHJvc2NhZG8lMjIlMkMlMjJib2xkJTIyJTNBdHJ1ZSU3RCUyQyU3QiUyMnRleHQlMjIlM0ElMjIlMkMlMjAlMjIlN0QlMkMlN0IlMjJ0ZXh0JTIyJTNBJTIydGVybW9wbyVDMyVBN28lMjBmbGFuZ2VhZG8lMjIlMkMlMjJib2xkJTIyJTNBdHJ1ZSU3RCUyQyU3QiUyMnRleHQlMjIlM0ElMjIlMjBlJTIwJTIyJTdEJTJDJTdCJTIydGV4dCUyMiUzQSUyMnRlcm1vcG8lQzMlQTdvJTIwcGFyYSUyMHNvbGRhciUyMiUyQyUyMmJvbGQlMjIlM0F0cnVlJTdEJTJDJTdCJTIydGV4dCUyMiUzQSUyMiUyQyUyMGFkYXB0YW0tc2UlMjBwZXJmZWl0YW1lbnRlJTIwJUMzJUEwcyUyMG5lY2Vzc2lkYWRlcyUyMGVzcGVjJUMzJUFEZmljYXMlMjBkbyUyMHNldSUyMHByb2Nlc3NvLiUyMiU3RCU1RCU3RCU1RA==\"><span class=\"\" data-slate-leaf=\"true\">, adaptam-se perfeitamente \u00e0s necessidades espec\u00edficas do seu processo.<\/span><\/span><\/p>\n","protected":false},"featured_media":1480,"comment_status":"open","ping_status":"closed","template":"","meta":{"site-sidebar-layout":"default","site-content-layout":"default","ast-global-header-display":"","ast-main-header-display":"","ast-hfb-above-header-display":"","ast-hfb-below-header-display":"","ast-hfb-mobile-header-display":"","site-post-title":"disabled","ast-breadcrumbs-content":"","ast-featured-img":"","footer-sml-layout":"","theme-transparent-header-meta":"default","adv-header-id-meta":"","stick-header-meta":"","header-above-stick-meta":"","header-main-stick-meta":"","header-below-stick-meta":""},"product_brand":[],"product_cat":[60,18],"product_tag":[],"class_list":{"0":"post-1479","1":"product","2":"type-product","3":"status-publish","4":"has-post-thumbnail","6":"product_cat-acessorios-para-sensores","7":"product_cat-materias-primas","9":"first","10":"instock","11":"shipping-taxable","12":"product-type-simple"},"_links":{"self":[{"href":"https:\/\/www.heatecx.com\/pt\/wp-json\/wp\/v2\/product\/1479","targetHints":{"allow":["GET"]}}],"collection":[{"href":"https:\/\/www.heatecx.com\/pt\/wp-json\/wp\/v2\/product"}],"about":[{"href":"https:\/\/www.heatecx.com\/pt\/wp-json\/wp\/v2\/types\/product"}],"replies":[{"embeddable":true,"href":"https:\/\/www.heatecx.com\/pt\/wp-json\/wp\/v2\/comments?post=1479"}],"wp:featuredmedia":[{"embeddable":true,"href":"https:\/\/www.heatecx.com\/pt\/wp-json\/wp\/v2\/media\/1480"}],"wp:attachment":[{"href":"https:\/\/www.heatecx.com\/pt\/wp-json\/wp\/v2\/media?parent=1479"}],"wp:term":[{"taxonomy":"product_brand","embeddable":true,"href":"https:\/\/www.heatecx.com\/pt\/wp-json\/wp\/v2\/product_brand?post=1479"},{"taxonomy":"product_cat","embeddable":true,"href":"https:\/\/www.heatecx.com\/pt\/wp-json\/wp\/v2\/product_cat?post=1479"},{"taxonomy":"product_tag","embeddable":true,"href":"https:\/\/www.heatecx.com\/pt\/wp-json\/wp\/v2\/product_tag?post=1479"}],"curies":[{"name":"wp","href":"https:\/\/api.w.org\/{rel}","templated":true}]}}