{"id":1487,"date":"2026-04-30T03:57:46","date_gmt":"2026-04-30T03:57:46","guid":{"rendered":"https:\/\/www.heatecx.com\/pt\/?post_type=product&#038;p=1487"},"modified":"2026-04-30T05:13:23","modified_gmt":"2026-04-30T05:13:23","slug":"cabo-aquecedor-de-silicone","status":"publish","type":"product","link":"https:\/\/www.heatecx.com\/pt\/producto\/cabo-aquecedor-de-silicone\/","title":{"rendered":"Cabo Aquecedor de Silicone"},"content":{"rendered":"<p><span data-slate-node=\"text\"><span class=\"\" data-slate-leaf=\"true\">O <\/span><\/span><span data-slate-node=\"text\"><span class=\"font-[600]\" data-slate-leaf=\"true\">Cabo aquecedor de silicone<\/span><\/span><span data-slate-node=\"text\" data-slate-fragment=\"JTVCJTdCJTIydHlwZSUyMiUzQSUyMnAlMjIlMkMlMjJjaGlsZHJlbiUyMiUzQSU1QiU3QiUyMnRleHQlMjIlM0ElMjJPJTIwJTIyJTdEJTJDJTdCJTIydGV4dCUyMiUzQSUyMkNhYm8lMjBhcXVlY2Vkb3IlMjBkZSUyMHNpbGljb25lJTIyJTJDJTIyYm9sZCUyMiUzQXRydWUlN0QlMkMlN0IlMjJ0ZXh0JTIyJTNBJTIyJTIwJUMzJUE5JTIwdW1hJTIwc29sdSVDMyVBNyVDMyVBM28lMjBkZSUyMGFxdWVjaW1lbnRvJTIwZmxleCVDMyVBRHZlbCUyMGUlMjBkdXIlQzMlQTF2ZWwlMkMlMjBwcm9qZXRhZGElMjBwYXJhJTIwdW1hJTIwYW1wbGElMjBnYW1hJTIwZGUlMjBhcGxpY2ElQzMlQTclQzMlQjVlcy4lMjBGYWJyaWNhZG8lMjBjb20lMjBmaWxhbWVudG9zJTIwZGUlMjBhcXVlY2ltZW50byUyMGRlJTIwbWV0YWwlMjBvdSUyMGxpZ2ElMjBkZSUyMGFsdGElMjBxdWFsaWRhZGUlMjBlJTIwdW1hJTIwcm9idXN0YSUyMGNhbWFkYSUyMGlzb2xhbnRlJTIwZGUlMjBzaWxpY29uZSUyQyUyMGVzdGUlMjBjYWJvJTIwb2ZlcmVjZSUyMGRlc2VtcGVuaG8lMjB0JUMzJUE5cm1pY28lMjBleGNlcGNpb25hbCUyMGUlMjBsb25nYSUyMHZpZGElMjAlQzMlQkF0aWwuJTIwJUMzJTg5JTIwaWRlYWwlMjBwYXJhJTIwYW1iaWVudGVzJTIwcXVlJTIwZXhpZ2VtJTIwYXF1ZWNpbWVudG8lMjB1bmlmb3JtZSUyMGUlMjBjb25maSVDMyVBMXZlbCUyQyUyMGFwcmVzZW50YW5kbyUyMGV4Y2VsZW50ZSUyMHJlc2lzdCVDMyVBQW5jaWElMjBhJTIwYWx0YXMlMjB0ZW1wZXJhdHVyYXMlMjBlJTIwcHJvcHJpZWRhZGVzJTIwZGUlMjBpc29sYW1lbnRvLiUyMiU3RCU1RCU3RCU1RA==\"><span class=\"\" data-slate-leaf=\"true\"> \u00e9 uma solu\u00e7\u00e3o de aquecimento flex\u00edvel e dur\u00e1vel, projetada para uma ampla gama de aplica\u00e7\u00f5es. Fabricado com filamentos de aquecimento de metal ou liga de alta qualidade e uma robusta camada isolante de silicone, este cabo oferece desempenho t\u00e9rmico excepcional e longa vida \u00fatil. \u00c9 ideal para ambientes que exigem aquecimento uniforme e confi\u00e1vel, apresentando excelente resist\u00eancia a altas temperaturas e propriedades de isolamento.<\/span><\/span><\/p>\n","protected":false},"excerpt":{"rendered":"<p><span data-slate-node=\"text\"><span class=\"\" data-slate-leaf=\"true\">O <\/span><\/span><span data-slate-node=\"text\"><span class=\"font-[600]\" data-slate-leaf=\"true\">Cabo aquecedor de silicone<\/span><\/span><span data-slate-node=\"text\" data-slate-fragment=\"JTVCJTdCJTIydHlwZSUyMiUzQSUyMnAlMjIlMkMlMjJjaGlsZHJlbiUyMiUzQSU1QiU3QiUyMnRleHQlMjIlM0ElMjJPJTIwJTIyJTdEJTJDJTdCJTIydGV4dCUyMiUzQSUyMkNhYm8lMjBhcXVlY2Vkb3IlMjBkZSUyMHNpbGljb25lJTIyJTJDJTIyYm9sZCUyMiUzQXRydWUlN0QlMkMlN0IlMjJ0ZXh0JTIyJTNBJTIyJTIwJUMzJUE5JTIwdW1hJTIwc29sdSVDMyVBNyVDMyVBM28lMjBkZSUyMGFxdWVjaW1lbnRvJTIwZmxleCVDMyVBRHZlbCUyMGUlMjBkdXIlQzMlQTF2ZWwlMkMlMjBwcm9qZXRhZGElMjBwYXJhJTIwdW1hJTIwYW1wbGElMjBnYW1hJTIwZGUlMjBhcGxpY2ElQzMlQTclQzMlQjVlcy4lMjBGYWJyaWNhZG8lMjBjb20lMjBmaWxhbWVudG9zJTIwZGUlMjBhcXVlY2ltZW50byUyMGRlJTIwbWV0YWwlMjBvdSUyMGxpZ2ElMjBkZSUyMGFsdGElMjBxdWFsaWRhZGUlMjBlJTIwdW1hJTIwcm9idXN0YSUyMGNhbWFkYSUyMGlzb2xhbnRlJTIwZGUlMjBzaWxpY29uZSUyQyUyMGVzdGUlMjBjYWJvJTIwb2ZlcmVjZSUyMGRlc2VtcGVuaG8lMjB0JUMzJUE5cm1pY28lMjBleGNlcGNpb25hbCUyMGUlMjBsb25nYSUyMHZpZGElMjAlQzMlQkF0aWwuJTIwJUMzJTg5JTIwaWRlYWwlMjBwYXJhJTIwYW1iaWVudGVzJTIwcXVlJTIwZXhpZ2VtJTIwYXF1ZWNpbWVudG8lMjB1bmlmb3JtZSUyMGUlMjBjb25maSVDMyVBMXZlbCUyQyUyMGFwcmVzZW50YW5kbyUyMGV4Y2VsZW50ZSUyMHJlc2lzdCVDMyVBQW5jaWElMjBhJTIwYWx0YXMlMjB0ZW1wZXJhdHVyYXMlMjBlJTIwcHJvcHJpZWRhZGVzJTIwZGUlMjBpc29sYW1lbnRvLiUyMiU3RCU1RCU3RCU1RA==\"><span class=\"\" data-slate-leaf=\"true\"> \u00e9 uma solu\u00e7\u00e3o de aquecimento flex\u00edvel e dur\u00e1vel, projetada para uma ampla gama de aplica\u00e7\u00f5es. Fabricado com filamentos de aquecimento de metal ou liga de alta qualidade e uma robusta camada isolante de silicone, este cabo oferece desempenho t\u00e9rmico excepcional e longa vida \u00fatil. \u00c9 ideal para ambientes que exigem aquecimento uniforme e confi\u00e1vel, apresentando excelente resist\u00eancia a altas temperaturas e propriedades de isolamento.<\/span><\/span><\/p>\n","protected":false},"featured_media":1488,"comment_status":"open","ping_status":"closed","template":"","meta":{"site-sidebar-layout":"default","site-content-layout":"default","ast-global-header-display":"","ast-main-header-display":"","ast-hfb-above-header-display":"","ast-hfb-below-header-display":"","ast-hfb-mobile-header-display":"","site-post-title":"disabled","ast-breadcrumbs-content":"","ast-featured-img":"","footer-sml-layout":"","theme-transparent-header-meta":"default","adv-header-id-meta":"","stick-header-meta":"","header-above-stick-meta":"","header-main-stick-meta":"","header-below-stick-meta":""},"product_brand":[],"product_cat":[55,19],"product_tag":[],"class_list":{"0":"post-1487","1":"product","2":"type-product","3":"status-publish","4":"has-post-thumbnail","6":"product_cat-cabos-de-aquecimento","7":"product_cat-resistencias","9":"first","10":"instock","11":"shipping-taxable","12":"product-type-simple"},"_links":{"self":[{"href":"https:\/\/www.heatecx.com\/pt\/wp-json\/wp\/v2\/product\/1487","targetHints":{"allow":["GET"]}}],"collection":[{"href":"https:\/\/www.heatecx.com\/pt\/wp-json\/wp\/v2\/product"}],"about":[{"href":"https:\/\/www.heatecx.com\/pt\/wp-json\/wp\/v2\/types\/product"}],"replies":[{"embeddable":true,"href":"https:\/\/www.heatecx.com\/pt\/wp-json\/wp\/v2\/comments?post=1487"}],"wp:featuredmedia":[{"embeddable":true,"href":"https:\/\/www.heatecx.com\/pt\/wp-json\/wp\/v2\/media\/1488"}],"wp:attachment":[{"href":"https:\/\/www.heatecx.com\/pt\/wp-json\/wp\/v2\/media?parent=1487"}],"wp:term":[{"taxonomy":"product_brand","embeddable":true,"href":"https:\/\/www.heatecx.com\/pt\/wp-json\/wp\/v2\/product_brand?post=1487"},{"taxonomy":"product_cat","embeddable":true,"href":"https:\/\/www.heatecx.com\/pt\/wp-json\/wp\/v2\/product_cat?post=1487"},{"taxonomy":"product_tag","embeddable":true,"href":"https:\/\/www.heatecx.com\/pt\/wp-json\/wp\/v2\/product_tag?post=1487"}],"curies":[{"name":"wp","href":"https:\/\/api.w.org\/{rel}","templated":true}]}}