{"id":1495,"date":"2026-04-30T06:05:59","date_gmt":"2026-04-30T06:05:59","guid":{"rendered":"https:\/\/www.heatecx.com\/pt\/?post_type=product&#038;p=1495"},"modified":"2026-04-30T06:05:59","modified_gmt":"2026-04-30T06:05:59","slug":"almofada-de-aquecimento-de-fio-de-silicone-nao-tecido","status":"publish","type":"product","link":"https:\/\/www.heatecx.com\/pt\/producto\/almofada-de-aquecimento-de-fio-de-silicone-nao-tecido\/","title":{"rendered":"Almofada de Aquecimento de Fio de Silicone N\u00e3o Tecido"},"content":{"rendered":"<p><span data-slate-node=\"text\"><span class=\"\" data-slate-leaf=\"true\">Nossa <\/span><\/span><span data-slate-node=\"text\"><span class=\"font-[600]\" data-slate-leaf=\"true\">Almofada de aquecimento de tecido n\u00e3o tecido com fio de silicone<\/span><\/span><span data-slate-node=\"text\"><span class=\"\" data-slate-leaf=\"true\"> (Almofada t\u00e9rmica flex\u00edvel de falso tecido) \u00e9 uma solu\u00e7\u00e3o de aquecimento altamente flex\u00edvel e eficiente. Este <\/span><\/span><span data-slate-node=\"text\"><span class=\"font-[600]\" data-slate-leaf=\"true\">Painel aquecedor de tecido n\u00e3o tecido<\/span><\/span><span data-slate-node=\"text\"><span class=\"\" data-slate-leaf=\"true\"> (Resist\u00eancia em tecido n\u00e3o tecido) combina fio de aquecimento de silicone de alta qualidade com tecido n\u00e3o tecido leve, proporcionando uma sa\u00edda de calor uniforme e est\u00e1vel. Seu design de <\/span><\/span><span data-slate-node=\"text\"><span class=\"font-[600]\" data-slate-leaf=\"true\">Almofada t\u00e9rmica flex\u00edvel de falso tecido<\/span><\/span><span data-slate-node=\"text\" data-slate-fragment=\"JTVCJTdCJTIydHlwZSUyMiUzQSUyMnAlMjIlMkMlMjJjaGlsZHJlbiUyMiUzQSU1QiU3QiUyMnRleHQlMjIlM0ElMjJOb3NzYSUyMCUyMiU3RCUyQyU3QiUyMnRleHQlMjIlM0ElMjJBbG1vZmFkYSUyMGRlJTIwYXF1ZWNpbWVudG8lMjBkZSUyMHRlY2lkbyUyMG4lQzMlQTNvJTIwdGVjaWRvJTIwY29tJTIwZmlvJTIwZGUlMjBzaWxpY29uZSUyMiUyQyUyMmJvbGQlMjIlM0F0cnVlJTdEJTJDJTdCJTIydGV4dCUyMiUzQSUyMiUyMChBbG1vZmFkYSUyMHQlQzMlQTlybWljYSUyMGZsZXglQzMlQUR2ZWwlMjBkZSUyMGZhbHNvJTIwdGVjaWRvKSUyMCVDMyVBOSUyMHVtYSUyMHNvbHUlQzMlQTclQzMlQTNvJTIwZGUlMjBhcXVlY2ltZW50byUyMGFsdGFtZW50ZSUyMGZsZXglQzMlQUR2ZWwlMjBlJTIwZWZpY2llbnRlLiUyMEVzdGUlMjAlMjIlN0QlMkMlN0IlMjJ0ZXh0JTIyJTNBJTIyUGFpbmVsJTIwYXF1ZWNlZG9yJTIwZGUlMjB0ZWNpZG8lMjBuJUMzJUEzbyUyMHRlY2lkbyUyMiUyQyUyMmJvbGQlMjIlM0F0cnVlJTdEJTJDJTdCJTIydGV4dCUyMiUzQSUyMiUyMChSZXNpc3QlQzMlQUFuY2lhJTIwZW0lMjB0ZWNpZG8lMjBuJUMzJUEzbyUyMHRlY2lkbyklMjBjb21iaW5hJTIwZmlvJTIwZGUlMjBhcXVlY2ltZW50byUyMGRlJTIwc2lsaWNvbmUlMjBkZSUyMGFsdGElMjBxdWFsaWRhZGUlMjBjb20lMjB0ZWNpZG8lMjBuJUMzJUEzbyUyMHRlY2lkbyUyMGxldmUlMkMlMjBwcm9wb3JjaW9uYW5kbyUyMHVtYSUyMHNhJUMzJUFEZGElMjBkZSUyMGNhbG9yJTIwdW5pZm9ybWUlMjBlJTIwZXN0JUMzJUExdmVsLiUyMFNldSUyMGRlc2lnbiUyMGRlJTIwJTIyJTdEJTJDJTdCJTIydGV4dCUyMiUzQSUyMkFsbW9mYWRhJTIwdCVDMyVBOXJtaWNhJTIwZmxleCVDMyVBRHZlbCUyMGRlJTIwZmFsc28lMjB0ZWNpZG8lMjIlMkMlMjJib2xkJTIyJTNBdHJ1ZSU3RCUyQyU3QiUyMnRleHQlMjIlM0ElMjIlMjBwZXJtaXRlJTIwcXVlJTIwc2UlMjBhZGFwdGUlMjBmYWNpbG1lbnRlJTIwYSUyMHYlQzMlQTFyaWFzJTIwZm9ybWFzJTIwZSUyMHN1cGVyZiVDMyVBRGNpZXMlMjBjb21wbGV4YXMlMkMlMjB0b3JuYW5kby1hJTIwdW1hJTIwZXNjb2xoYSUyMGlkZWFsJTIwcGFyYSUyMHNvbHUlQzMlQTclQzMlQjVlcyUyMGRlJTIwYXF1ZWNpbWVudG8lMjBwZXJzb25hbGl6YWRhcy4lMjIlN0QlNUQlN0QlNUQ=\"><span class=\"\" data-slate-leaf=\"true\"> permite que se adapte facilmente a v\u00e1rias formas e superf\u00edcies complexas, tornando-a uma escolha ideal para solu\u00e7\u00f5es de aquecimento personalizadas.<\/span><\/span><\/p>\n","protected":false},"excerpt":{"rendered":"<p><span data-slate-node=\"text\"><span class=\"\" data-slate-leaf=\"true\">Nossa <\/span><\/span><span data-slate-node=\"text\"><span class=\"font-[600]\" data-slate-leaf=\"true\">Almofada de aquecimento de tecido n\u00e3o tecido com fio de silicone<\/span><\/span><span data-slate-node=\"text\"><span class=\"\" data-slate-leaf=\"true\"> (Almofada t\u00e9rmica flex\u00edvel de falso tecido) \u00e9 uma solu\u00e7\u00e3o de aquecimento altamente flex\u00edvel e eficiente. Este <\/span><\/span><span data-slate-node=\"text\"><span class=\"font-[600]\" data-slate-leaf=\"true\">Painel aquecedor de tecido n\u00e3o tecido<\/span><\/span><span data-slate-node=\"text\"><span class=\"\" data-slate-leaf=\"true\"> (Resist\u00eancia em tecido n\u00e3o tecido) combina fio de aquecimento de silicone de alta qualidade com tecido n\u00e3o tecido leve, proporcionando uma sa\u00edda de calor uniforme e est\u00e1vel. Seu design de <\/span><\/span><span data-slate-node=\"text\"><span class=\"font-[600]\" data-slate-leaf=\"true\">Almofada t\u00e9rmica flex\u00edvel de falso tecido<\/span><\/span><span data-slate-node=\"text\" data-slate-fragment=\"JTVCJTdCJTIydHlwZSUyMiUzQSUyMnAlMjIlMkMlMjJjaGlsZHJlbiUyMiUzQSU1QiU3QiUyMnRleHQlMjIlM0ElMjJOb3NzYSUyMCUyMiU3RCUyQyU3QiUyMnRleHQlMjIlM0ElMjJBbG1vZmFkYSUyMGRlJTIwYXF1ZWNpbWVudG8lMjBkZSUyMHRlY2lkbyUyMG4lQzMlQTNvJTIwdGVjaWRvJTIwY29tJTIwZmlvJTIwZGUlMjBzaWxpY29uZSUyMiUyQyUyMmJvbGQlMjIlM0F0cnVlJTdEJTJDJTdCJTIydGV4dCUyMiUzQSUyMiUyMChBbG1vZmFkYSUyMHQlQzMlQTlybWljYSUyMGZsZXglQzMlQUR2ZWwlMjBkZSUyMGZhbHNvJTIwdGVjaWRvKSUyMCVDMyVBOSUyMHVtYSUyMHNvbHUlQzMlQTclQzMlQTNvJTIwZGUlMjBhcXVlY2ltZW50byUyMGFsdGFtZW50ZSUyMGZsZXglQzMlQUR2ZWwlMjBlJTIwZWZpY2llbnRlLiUyMEVzdGUlMjAlMjIlN0QlMkMlN0IlMjJ0ZXh0JTIyJTNBJTIyUGFpbmVsJTIwYXF1ZWNlZG9yJTIwZGUlMjB0ZWNpZG8lMjBuJUMzJUEzbyUyMHRlY2lkbyUyMiUyQyUyMmJvbGQlMjIlM0F0cnVlJTdEJTJDJTdCJTIydGV4dCUyMiUzQSUyMiUyMChSZXNpc3QlQzMlQUFuY2lhJTIwZW0lMjB0ZWNpZG8lMjBuJUMzJUEzbyUyMHRlY2lkbyklMjBjb21iaW5hJTIwZmlvJTIwZGUlMjBhcXVlY2ltZW50byUyMGRlJTIwc2lsaWNvbmUlMjBkZSUyMGFsdGElMjBxdWFsaWRhZGUlMjBjb20lMjB0ZWNpZG8lMjBuJUMzJUEzbyUyMHRlY2lkbyUyMGxldmUlMkMlMjBwcm9wb3JjaW9uYW5kbyUyMHVtYSUyMHNhJUMzJUFEZGElMjBkZSUyMGNhbG9yJTIwdW5pZm9ybWUlMjBlJTIwZXN0JUMzJUExdmVsLiUyMFNldSUyMGRlc2lnbiUyMGRlJTIwJTIyJTdEJTJDJTdCJTIydGV4dCUyMiUzQSUyMkFsbW9mYWRhJTIwdCVDMyVBOXJtaWNhJTIwZmxleCVDMyVBRHZlbCUyMGRlJTIwZmFsc28lMjB0ZWNpZG8lMjIlMkMlMjJib2xkJTIyJTNBdHJ1ZSU3RCUyQyU3QiUyMnRleHQlMjIlM0ElMjIlMjBwZXJtaXRlJTIwcXVlJTIwc2UlMjBhZGFwdGUlMjBmYWNpbG1lbnRlJTIwYSUyMHYlQzMlQTFyaWFzJTIwZm9ybWFzJTIwZSUyMHN1cGVyZiVDMyVBRGNpZXMlMjBjb21wbGV4YXMlMkMlMjB0b3JuYW5kby1hJTIwdW1hJTIwZXNjb2xoYSUyMGlkZWFsJTIwcGFyYSUyMHNvbHUlQzMlQTclQzMlQjVlcyUyMGRlJTIwYXF1ZWNpbWVudG8lMjBwZXJzb25hbGl6YWRhcy4lMjIlN0QlNUQlN0QlNUQ=\"><span class=\"\" data-slate-leaf=\"true\"> permite que se adapte facilmente a v\u00e1rias formas e superf\u00edcies complexas, tornando-a uma escolha ideal para solu\u00e7\u00f5es de aquecimento personalizadas.<\/span><\/span><\/p>\n","protected":false},"featured_media":1496,"comment_status":"open","ping_status":"closed","template":"","meta":{"site-sidebar-layout":"default","site-content-layout":"default","ast-global-header-display":"","ast-main-header-display":"","ast-hfb-above-header-display":"","ast-hfb-below-header-display":"","ast-hfb-mobile-header-display":"","site-post-title":"disabled","ast-breadcrumbs-content":"","ast-featured-img":"","footer-sml-layout":"","theme-transparent-header-meta":"default","adv-header-id-meta":"","stick-header-meta":"","header-above-stick-meta":"","header-main-stick-meta":"","header-below-stick-meta":""},"product_brand":[],"product_cat":[55,19],"product_tag":[],"class_list":{"0":"post-1495","1":"product","2":"type-product","3":"status-publish","4":"has-post-thumbnail","6":"product_cat-cabos-de-aquecimento","7":"product_cat-resistencias","9":"first","10":"instock","11":"shipping-taxable","12":"product-type-simple"},"_links":{"self":[{"href":"https:\/\/www.heatecx.com\/pt\/wp-json\/wp\/v2\/product\/1495","targetHints":{"allow":["GET"]}}],"collection":[{"href":"https:\/\/www.heatecx.com\/pt\/wp-json\/wp\/v2\/product"}],"about":[{"href":"https:\/\/www.heatecx.com\/pt\/wp-json\/wp\/v2\/types\/product"}],"replies":[{"embeddable":true,"href":"https:\/\/www.heatecx.com\/pt\/wp-json\/wp\/v2\/comments?post=1495"}],"wp:featuredmedia":[{"embeddable":true,"href":"https:\/\/www.heatecx.com\/pt\/wp-json\/wp\/v2\/media\/1496"}],"wp:attachment":[{"href":"https:\/\/www.heatecx.com\/pt\/wp-json\/wp\/v2\/media?parent=1495"}],"wp:term":[{"taxonomy":"product_brand","embeddable":true,"href":"https:\/\/www.heatecx.com\/pt\/wp-json\/wp\/v2\/product_brand?post=1495"},{"taxonomy":"product_cat","embeddable":true,"href":"https:\/\/www.heatecx.com\/pt\/wp-json\/wp\/v2\/product_cat?post=1495"},{"taxonomy":"product_tag","embeddable":true,"href":"https:\/\/www.heatecx.com\/pt\/wp-json\/wp\/v2\/product_tag?post=1495"}],"curies":[{"name":"wp","href":"https:\/\/api.w.org\/{rel}","templated":true}]}}