{"id":1498,"date":"2026-04-30T06:42:41","date_gmt":"2026-04-30T06:42:41","guid":{"rendered":"https:\/\/www.heatecx.com\/pt\/?post_type=product&#038;p=1498"},"modified":"2026-04-30T06:42:41","modified_gmt":"2026-04-30T06:42:41","slug":"folha-de-aquecimento-de-papel-de-aluminio-com-fio-de-silicone","status":"publish","type":"product","link":"https:\/\/www.heatecx.com\/pt\/producto\/folha-de-aquecimento-de-papel-de-aluminio-com-fio-de-silicone\/","title":{"rendered":"Folha de Aquecimento de Papel de Alum\u00ednio com Fio de Silicone"},"content":{"rendered":"<p><span data-slate-node=\"text\"><span class=\"\" data-slate-leaf=\"true\">A nossa <\/span><\/span><span data-slate-node=\"text\"><span class=\"font-[600]\" data-slate-leaf=\"true\">Folha de Aquecimento de Papel de Alum\u00ednio com Fio de Silicone<\/span><\/span><span data-slate-node=\"text\"><span class=\"\" data-slate-leaf=\"true\"> \u00e9 uma solu\u00e7\u00e3o de aquecimento flex\u00edvel e eficiente, concebida para uma vasta gama de aplica\u00e7\u00f5es. Fabricada com uma <\/span><\/span><span data-slate-node=\"text\"><span class=\"font-[600]\" data-slate-leaf=\"true\">resist\u00eancia de papel de alum\u00ednio<\/span><\/span><span data-slate-node=\"text\"><span class=\"\" data-slate-leaf=\"true\"> de alta qualidade e um <\/span><\/span><span data-slate-node=\"text\"><span class=\"font-[600]\" data-slate-leaf=\"true\">papel de alum\u00ednio com cabo de silicone aquecedor<\/span><\/span><span data-slate-node=\"text\"><span class=\"\" data-slate-leaf=\"true\"> integrado, esta <\/span><\/span><span data-slate-node=\"text\"><span class=\"font-[600]\" data-slate-leaf=\"true\">placa aquecedora de alum\u00ednio flex\u00edvel<\/span><\/span><span data-slate-node=\"text\" data-slate-fragment=\"JTVCJTdCJTIydHlwZSUyMiUzQSUyMnAlMjIlMkMlMjJjaGlsZHJlbiUyMiUzQSU1QiU3QiUyMnRleHQlMjIlM0ElMjJBJTIwbm9zc2ElMjAlMjIlN0QlMkMlN0IlMjJ0ZXh0JTIyJTNBJTIyRm9saGElMjBkZSUyMEFxdWVjaW1lbnRvJTIwZGUlMjBQYXBlbCUyMGRlJTIwQWx1bSVDMyVBRG5pbyUyMGNvbSUyMEZpbyUyMGRlJTIwU2lsaWNvbmUlMjIlMkMlMjJib2xkJTIyJTNBdHJ1ZSU3RCUyQyU3QiUyMnRleHQlMjIlM0ElMjIlMjAlQzMlQTklMjB1bWElMjBzb2x1JUMzJUE3JUMzJUEzbyUyMGRlJTIwYXF1ZWNpbWVudG8lMjBmbGV4JUMzJUFEdmVsJTIwZSUyMGVmaWNpZW50ZSUyQyUyMGNvbmNlYmlkYSUyMHBhcmElMjB1bWElMjB2YXN0YSUyMGdhbWElMjBkZSUyMGFwbGljYSVDMyVBNyVDMyVCNWVzLiUyMEZhYnJpY2FkYSUyMGNvbSUyMHVtYSUyMCUyMiU3RCUyQyU3QiUyMnRleHQlMjIlM0ElMjJyZXNpc3QlQzMlQUFuY2lhJTIwZGUlMjBwYXBlbCUyMGRlJTIwYWx1bSVDMyVBRG5pbyUyMiUyQyUyMmJvbGQlMjIlM0F0cnVlJTdEJTJDJTdCJTIydGV4dCUyMiUzQSUyMiUyMGRlJTIwYWx0YSUyMHF1YWxpZGFkZSUyMGUlMjB1bSUyMCUyMiU3RCUyQyU3QiUyMnRleHQlMjIlM0ElMjJwYXBlbCUyMGRlJTIwYWx1bSVDMyVBRG5pbyUyMGNvbSUyMGNhYm8lMjBkZSUyMHNpbGljb25lJTIwYXF1ZWNlZG9yJTIyJTJDJTIyYm9sZCUyMiUzQXRydWUlN0QlMkMlN0IlMjJ0ZXh0JTIyJTNBJTIyJTIwaW50ZWdyYWRvJTJDJTIwZXN0YSUyMCUyMiU3RCUyQyU3QiUyMnRleHQlMjIlM0ElMjJwbGFjYSUyMGFxdWVjZWRvcmElMjBkZSUyMGFsdW0lQzMlQURuaW8lMjBmbGV4JUMzJUFEdmVsJTIyJTJDJTIyYm9sZCUyMiUzQXRydWUlN0QlMkMlN0IlMjJ0ZXh0JTIyJTNBJTIyJTIwb2ZlcmVjZSUyMHVtYSUyMGRpc3RyaWJ1aSVDMyVBNyVDMyVBM28lMjB1bmlmb3JtZSUyMGRvJTIwY2Fsb3IlMjBlJTIwdW1hJTIwcmVzcG9zdGElMjB0JUMzJUE5cm1pY2ElMjByJUMzJUExcGlkYS4lMjBPJTIwc2V1JTIwZGVzaWduJTIwcGVyc29uYWxpeiVDMyVBMXZlbCUyMHBlcm1pdGUlMjBhZGFwdGFyLXNlJTIwYSUyMGRpdmVyc2FzJTIwZm9ybWFzJTIwZSUyMHRhbWFuaG9zJTJDJTIwc2VuZG8lMjBpZGVhbCUyMHBhcmElMjBzaXN0ZW1hcyUyMGRlJTIwZGVnZWxvJTIwZSUyMGFwbGljYSVDMyVBNyVDMyVCNWVzJTIwcXVlJTIwcmVxdWVyZW0lMjB1bSUyMGFxdWVjaW1lbnRvJTIwZGUlMjBjb250YWN0byUyMHByZWNpc28lMjBlJTIwZmklQzMlQTF2ZWwuJTIyJTdEJTVEJTdEJTVE\"><span class=\"\" data-slate-leaf=\"true\"> oferece uma distribui\u00e7\u00e3o uniforme do calor e uma resposta t\u00e9rmica r\u00e1pida. O seu design personaliz\u00e1vel permite adaptar-se a diversas formas e tamanhos, sendo ideal para sistemas de degelo e aplica\u00e7\u00f5es que requerem um aquecimento de contacto preciso e fi\u00e1vel.<\/span><\/span><\/p>\n","protected":false},"excerpt":{"rendered":"<p><span data-slate-node=\"text\"><span class=\"\" data-slate-leaf=\"true\">A nossa <\/span><\/span><span data-slate-node=\"text\"><span class=\"font-[600]\" data-slate-leaf=\"true\">Folha de Aquecimento de Papel de Alum\u00ednio com Fio de Silicone<\/span><\/span><span data-slate-node=\"text\"><span class=\"\" data-slate-leaf=\"true\"> \u00e9 uma solu\u00e7\u00e3o de aquecimento flex\u00edvel e eficiente, concebida para uma vasta gama de aplica\u00e7\u00f5es. Fabricada com uma <\/span><\/span><span data-slate-node=\"text\"><span class=\"font-[600]\" data-slate-leaf=\"true\">resist\u00eancia de papel de alum\u00ednio<\/span><\/span><span data-slate-node=\"text\"><span class=\"\" data-slate-leaf=\"true\"> de alta qualidade e um <\/span><\/span><span data-slate-node=\"text\"><span class=\"font-[600]\" data-slate-leaf=\"true\">papel de alum\u00ednio com cabo de silicone aquecedor<\/span><\/span><span data-slate-node=\"text\"><span class=\"\" data-slate-leaf=\"true\"> integrado, esta <\/span><\/span><span data-slate-node=\"text\"><span class=\"font-[600]\" data-slate-leaf=\"true\">placa aquecedora de alum\u00ednio flex\u00edvel<\/span><\/span><span data-slate-node=\"text\" data-slate-fragment=\"JTVCJTdCJTIydHlwZSUyMiUzQSUyMnAlMjIlMkMlMjJjaGlsZHJlbiUyMiUzQSU1QiU3QiUyMnRleHQlMjIlM0ElMjJBJTIwbm9zc2ElMjAlMjIlN0QlMkMlN0IlMjJ0ZXh0JTIyJTNBJTIyRm9saGElMjBkZSUyMEFxdWVjaW1lbnRvJTIwZGUlMjBQYXBlbCUyMGRlJTIwQWx1bSVDMyVBRG5pbyUyMGNvbSUyMEZpbyUyMGRlJTIwU2lsaWNvbmUlMjIlMkMlMjJib2xkJTIyJTNBdHJ1ZSU3RCUyQyU3QiUyMnRleHQlMjIlM0ElMjIlMjAlQzMlQTklMjB1bWElMjBzb2x1JUMzJUE3JUMzJUEzbyUyMGRlJTIwYXF1ZWNpbWVudG8lMjBmbGV4JUMzJUFEdmVsJTIwZSUyMGVmaWNpZW50ZSUyQyUyMGNvbmNlYmlkYSUyMHBhcmElMjB1bWElMjB2YXN0YSUyMGdhbWElMjBkZSUyMGFwbGljYSVDMyVBNyVDMyVCNWVzLiUyMEZhYnJpY2FkYSUyMGNvbSUyMHVtYSUyMCUyMiU3RCUyQyU3QiUyMnRleHQlMjIlM0ElMjJyZXNpc3QlQzMlQUFuY2lhJTIwZGUlMjBwYXBlbCUyMGRlJTIwYWx1bSVDMyVBRG5pbyUyMiUyQyUyMmJvbGQlMjIlM0F0cnVlJTdEJTJDJTdCJTIydGV4dCUyMiUzQSUyMiUyMGRlJTIwYWx0YSUyMHF1YWxpZGFkZSUyMGUlMjB1bSUyMCUyMiU3RCUyQyU3QiUyMnRleHQlMjIlM0ElMjJwYXBlbCUyMGRlJTIwYWx1bSVDMyVBRG5pbyUyMGNvbSUyMGNhYm8lMjBkZSUyMHNpbGljb25lJTIwYXF1ZWNlZG9yJTIyJTJDJTIyYm9sZCUyMiUzQXRydWUlN0QlMkMlN0IlMjJ0ZXh0JTIyJTNBJTIyJTIwaW50ZWdyYWRvJTJDJTIwZXN0YSUyMCUyMiU3RCUyQyU3QiUyMnRleHQlMjIlM0ElMjJwbGFjYSUyMGFxdWVjZWRvcmElMjBkZSUyMGFsdW0lQzMlQURuaW8lMjBmbGV4JUMzJUFEdmVsJTIyJTJDJTIyYm9sZCUyMiUzQXRydWUlN0QlMkMlN0IlMjJ0ZXh0JTIyJTNBJTIyJTIwb2ZlcmVjZSUyMHVtYSUyMGRpc3RyaWJ1aSVDMyVBNyVDMyVBM28lMjB1bmlmb3JtZSUyMGRvJTIwY2Fsb3IlMjBlJTIwdW1hJTIwcmVzcG9zdGElMjB0JUMzJUE5cm1pY2ElMjByJUMzJUExcGlkYS4lMjBPJTIwc2V1JTIwZGVzaWduJTIwcGVyc29uYWxpeiVDMyVBMXZlbCUyMHBlcm1pdGUlMjBhZGFwdGFyLXNlJTIwYSUyMGRpdmVyc2FzJTIwZm9ybWFzJTIwZSUyMHRhbWFuaG9zJTJDJTIwc2VuZG8lMjBpZGVhbCUyMHBhcmElMjBzaXN0ZW1hcyUyMGRlJTIwZGVnZWxvJTIwZSUyMGFwbGljYSVDMyVBNyVDMyVCNWVzJTIwcXVlJTIwcmVxdWVyZW0lMjB1bSUyMGFxdWVjaW1lbnRvJTIwZGUlMjBjb250YWN0byUyMHByZWNpc28lMjBlJTIwZmklQzMlQTF2ZWwuJTIyJTdEJTVEJTdEJTVE\"><span class=\"\" data-slate-leaf=\"true\"> oferece uma distribui\u00e7\u00e3o uniforme do calor e uma resposta t\u00e9rmica r\u00e1pida. O seu design personaliz\u00e1vel permite adaptar-se a diversas formas e tamanhos, sendo ideal para sistemas de degelo e aplica\u00e7\u00f5es que requerem um aquecimento de contacto preciso e fi\u00e1vel.<\/span><\/span><\/p>\n","protected":false},"featured_media":1499,"comment_status":"open","ping_status":"closed","template":"","meta":{"site-sidebar-layout":"default","site-content-layout":"default","ast-global-header-display":"","ast-main-header-display":"","ast-hfb-above-header-display":"","ast-hfb-below-header-display":"","ast-hfb-mobile-header-display":"","site-post-title":"disabled","ast-breadcrumbs-content":"","ast-featured-img":"","footer-sml-layout":"","theme-transparent-header-meta":"default","adv-header-id-meta":"","stick-header-meta":"","header-above-stick-meta":"","header-main-stick-meta":"","header-below-stick-meta":""},"product_brand":[],"product_cat":[55,19],"product_tag":[],"class_list":{"0":"post-1498","1":"product","2":"type-product","3":"status-publish","4":"has-post-thumbnail","6":"product_cat-cabos-de-aquecimento","7":"product_cat-resistencias","9":"first","10":"instock","11":"shipping-taxable","12":"product-type-simple"},"_links":{"self":[{"href":"https:\/\/www.heatecx.com\/pt\/wp-json\/wp\/v2\/product\/1498","targetHints":{"allow":["GET"]}}],"collection":[{"href":"https:\/\/www.heatecx.com\/pt\/wp-json\/wp\/v2\/product"}],"about":[{"href":"https:\/\/www.heatecx.com\/pt\/wp-json\/wp\/v2\/types\/product"}],"replies":[{"embeddable":true,"href":"https:\/\/www.heatecx.com\/pt\/wp-json\/wp\/v2\/comments?post=1498"}],"wp:featuredmedia":[{"embeddable":true,"href":"https:\/\/www.heatecx.com\/pt\/wp-json\/wp\/v2\/media\/1499"}],"wp:attachment":[{"href":"https:\/\/www.heatecx.com\/pt\/wp-json\/wp\/v2\/media?parent=1498"}],"wp:term":[{"taxonomy":"product_brand","embeddable":true,"href":"https:\/\/www.heatecx.com\/pt\/wp-json\/wp\/v2\/product_brand?post=1498"},{"taxonomy":"product_cat","embeddable":true,"href":"https:\/\/www.heatecx.com\/pt\/wp-json\/wp\/v2\/product_cat?post=1498"},{"taxonomy":"product_tag","embeddable":true,"href":"https:\/\/www.heatecx.com\/pt\/wp-json\/wp\/v2\/product_tag?post=1498"}],"curies":[{"name":"wp","href":"https:\/\/api.w.org\/{rel}","templated":true}]}}