{"id":614,"date":"2026-03-18T04:02:51","date_gmt":"2026-03-18T04:02:51","guid":{"rendered":"https:\/\/www.heatecx.com\/pt\/?post_type=product&#038;p=614"},"modified":"2026-03-18T09:55:25","modified_gmt":"2026-03-18T09:55:25","slug":"maquina-laminadora-para-resistencias-de-cartucho","status":"publish","type":"product","link":"https:\/\/www.heatecx.com\/pt\/producto\/maquina-laminadora-para-resistencias-de-cartucho\/","title":{"rendered":"M\u00e1quina Laminadora para Resist\u00eancias de Cartucho HTC-40"},"content":{"rendered":"<p>A m\u00e1quina Laminadora para Resist\u00eancias de Cartucho  HTC-40 \u00e9 uma solu\u00e7\u00e3o de ponta especificamente projetada para a fabrica\u00e7\u00e3o de resist\u00eancias el\u00e9tricas e componentes de aquecimento. Este equipamento robusto e eficiente \u00e9 ideal para processos de redu\u00e7\u00e3o de di\u00e2metro de tubos (recalque) em pequenos lotes e com m\u00faltiplas especifica\u00e7\u00f5es.<\/p>\n","protected":false},"excerpt":{"rendered":"<p>A m\u00e1quina Laminadora para Resist\u00eancias de Cartucho  HTC-40 \u00e9 uma solu\u00e7\u00e3o de ponta especificamente projetada para a fabrica\u00e7\u00e3o de resist\u00eancias el\u00e9tricas e componentes de aquecimento. Este equipamento robusto e eficiente \u00e9 ideal para processos de redu\u00e7\u00e3o de di\u00e2metro de tubos (recalque) em pequenos lotes e com m\u00faltiplas especifica\u00e7\u00f5es.<\/p>\n","protected":false},"featured_media":615,"comment_status":"open","ping_status":"closed","template":"","meta":{"site-sidebar-layout":"default","site-content-layout":"default","ast-global-header-display":"","ast-main-header-display":"","ast-hfb-above-header-display":"","ast-hfb-below-header-display":"","ast-hfb-mobile-header-display":"","site-post-title":"disabled","ast-breadcrumbs-content":"","ast-featured-img":"","footer-sml-layout":"","theme-transparent-header-meta":"default","adv-header-id-meta":"","stick-header-meta":"","header-above-stick-meta":"","header-main-stick-meta":"","header-below-stick-meta":""},"product_brand":[],"product_cat":[24,17],"product_tag":[],"class_list":{"0":"post-614","1":"product","2":"type-product","3":"status-publish","4":"has-post-thumbnail","6":"product_cat-laminador-resistencias","7":"product_cat-maquinas","9":"first","10":"instock","11":"shipping-taxable","12":"product-type-simple"},"_links":{"self":[{"href":"https:\/\/www.heatecx.com\/pt\/wp-json\/wp\/v2\/product\/614","targetHints":{"allow":["GET"]}}],"collection":[{"href":"https:\/\/www.heatecx.com\/pt\/wp-json\/wp\/v2\/product"}],"about":[{"href":"https:\/\/www.heatecx.com\/pt\/wp-json\/wp\/v2\/types\/product"}],"replies":[{"embeddable":true,"href":"https:\/\/www.heatecx.com\/pt\/wp-json\/wp\/v2\/comments?post=614"}],"wp:featuredmedia":[{"embeddable":true,"href":"https:\/\/www.heatecx.com\/pt\/wp-json\/wp\/v2\/media\/615"}],"wp:attachment":[{"href":"https:\/\/www.heatecx.com\/pt\/wp-json\/wp\/v2\/media?parent=614"}],"wp:term":[{"taxonomy":"product_brand","embeddable":true,"href":"https:\/\/www.heatecx.com\/pt\/wp-json\/wp\/v2\/product_brand?post=614"},{"taxonomy":"product_cat","embeddable":true,"href":"https:\/\/www.heatecx.com\/pt\/wp-json\/wp\/v2\/product_cat?post=614"},{"taxonomy":"product_tag","embeddable":true,"href":"https:\/\/www.heatecx.com\/pt\/wp-json\/wp\/v2\/product_tag?post=614"}],"curies":[{"name":"wp","href":"https:\/\/api.w.org\/{rel}","templated":true}]}}