{"id":621,"date":"2026-03-18T05:50:02","date_gmt":"2026-03-18T05:50:02","guid":{"rendered":"https:\/\/www.heatecx.com\/pt\/?post_type=product&#038;p=621"},"modified":"2026-03-18T10:08:12","modified_gmt":"2026-03-18T10:08:12","slug":"maquina-de-reducao-por-laminacao-htr-5000","status":"publish","type":"product","link":"https:\/\/www.heatecx.com\/pt\/producto\/maquina-de-reducao-por-laminacao-htr-5000\/","title":{"rendered":"M\u00e1quina de Redu\u00e7\u00e3o por Lamina\u00e7\u00e3o HTR-5000"},"content":{"rendered":"<p>Desbloqueie uma efici\u00eancia incompar\u00e1vel e eleve a qualidade de seus elementos de aquecimento com a M\u00e1quina de Redu\u00e7\u00e3o por Lamina\u00e7\u00e3o HTR-5000. Projetada para as demandas da fabrica\u00e7\u00e3o moderna, a HTR-5000 \u00e9 mais do que apenas uma m\u00e1quina; \u00e9 um investimento estrat\u00e9gico no futuro de sua linha de produ\u00e7\u00e3o.<br \/>\nNo centro de cada elemento de aquecimento de alto desempenho reside o \u00d3xido de Magn\u00e9sio (MgO) perfeitamente densificado. A HTR-5000 emprega tecnologia avan\u00e7ada de recalque rotativo para transformar o p\u00f3 de MgO de baixa densidade em uma massa compacta e termicamente eficiente, garantindo:<br \/>\nIsolamento Superior: Elimine bolsas de ar e porosidade, aumentando drasticamente a rigidez diel\u00e9trica de seus isoladores para uma opera\u00e7\u00e3o mais segura e de maior voltagem com risco m\u00ednimo de vazamento.<br \/>\nTransfer\u00eancia de Calor Otimizada: Alcance a m\u00e1xima condutividade t\u00e9rmica, canalizando o calor de forma eficiente do fio resistivo para a bainha met\u00e1lica. Isso se traduz em economia significativa de energia e vida \u00fatil prolongada do produto para seus clientes.<br \/>\nConfiabilidade Inabal\u00e1vel: Mantenha a centraliza\u00e7\u00e3o precisa do fio dentro do tubo, prevenindo curtos-circuitos e garantindo desempenho consistente em cada elemento de aquecimento.<\/p>\n","protected":false},"excerpt":{"rendered":"<p>Desbloqueie uma efici\u00eancia incompar\u00e1vel e eleve a qualidade de seus elementos de aquecimento com a M\u00e1quina de Redu\u00e7\u00e3o por Lamina\u00e7\u00e3o HTR-5000. Projetada para as demandas da fabrica\u00e7\u00e3o moderna, a HTR-5000 \u00e9 mais do que apenas uma m\u00e1quina; \u00e9 um investimento estrat\u00e9gico no futuro de sua linha de produ\u00e7\u00e3o.<br \/>\nNo centro de cada elemento de aquecimento de alto desempenho reside o \u00d3xido de Magn\u00e9sio (MgO) perfeitamente densificado. A HTR-5000 emprega tecnologia avan\u00e7ada de recalque rotativo para transformar o p\u00f3 de MgO de baixa densidade em uma massa compacta e termicamente eficiente, garantindo:<br \/>\nIsolamento Superior: Elimine bolsas de ar e porosidade, aumentando drasticamente a rigidez diel\u00e9trica de seus isoladores para uma opera\u00e7\u00e3o mais segura e de maior voltagem com risco m\u00ednimo de vazamento.<br \/>\nTransfer\u00eancia de Calor Otimizada: Alcance a m\u00e1xima condutividade t\u00e9rmica, canalizando o calor de forma eficiente do fio resistivo para a bainha met\u00e1lica. Isso se traduz em economia significativa de energia e vida \u00fatil prolongada do produto para seus clientes.<br \/>\nConfiabilidade Inabal\u00e1vel: Mantenha a centraliza\u00e7\u00e3o precisa do fio dentro do tubo, prevenindo curtos-circuitos e garantindo desempenho consistente em cada elemento de aquecimento.<\/p>\n","protected":false},"featured_media":622,"comment_status":"open","ping_status":"closed","template":"","meta":{"site-sidebar-layout":"default","site-content-layout":"default","ast-global-header-display":"","ast-main-header-display":"","ast-hfb-above-header-display":"","ast-hfb-below-header-display":"","ast-hfb-mobile-header-display":"","site-post-title":"disabled","ast-breadcrumbs-content":"","ast-featured-img":"","footer-sml-layout":"","theme-transparent-header-meta":"default","adv-header-id-meta":"","stick-header-meta":"","header-above-stick-meta":"","header-main-stick-meta":"","header-below-stick-meta":""},"product_brand":[],"product_cat":[24,17],"product_tag":[],"class_list":{"0":"post-621","1":"product","2":"type-product","3":"status-publish","4":"has-post-thumbnail","6":"product_cat-laminador-resistencias","7":"product_cat-maquinas","9":"first","10":"instock","11":"shipping-taxable","12":"product-type-simple"},"_links":{"self":[{"href":"https:\/\/www.heatecx.com\/pt\/wp-json\/wp\/v2\/product\/621","targetHints":{"allow":["GET"]}}],"collection":[{"href":"https:\/\/www.heatecx.com\/pt\/wp-json\/wp\/v2\/product"}],"about":[{"href":"https:\/\/www.heatecx.com\/pt\/wp-json\/wp\/v2\/types\/product"}],"replies":[{"embeddable":true,"href":"https:\/\/www.heatecx.com\/pt\/wp-json\/wp\/v2\/comments?post=621"}],"wp:featuredmedia":[{"embeddable":true,"href":"https:\/\/www.heatecx.com\/pt\/wp-json\/wp\/v2\/media\/622"}],"wp:attachment":[{"href":"https:\/\/www.heatecx.com\/pt\/wp-json\/wp\/v2\/media?parent=621"}],"wp:term":[{"taxonomy":"product_brand","embeddable":true,"href":"https:\/\/www.heatecx.com\/pt\/wp-json\/wp\/v2\/product_brand?post=621"},{"taxonomy":"product_cat","embeddable":true,"href":"https:\/\/www.heatecx.com\/pt\/wp-json\/wp\/v2\/product_cat?post=621"},{"taxonomy":"product_tag","embeddable":true,"href":"https:\/\/www.heatecx.com\/pt\/wp-json\/wp\/v2\/product_tag?post=621"}],"curies":[{"name":"wp","href":"https:\/\/api.w.org\/{rel}","templated":true}]}}