{"id":643,"date":"2026-03-18T07:12:28","date_gmt":"2026-03-18T07:12:28","guid":{"rendered":"https:\/\/www.heatecx.com\/pt\/?post_type=product&#038;p=643"},"modified":"2026-03-19T07:31:35","modified_gmt":"2026-03-19T07:31:35","slug":"maquina-de-dobrar-aquecedores-tubulares-universal","status":"publish","type":"product","link":"https:\/\/www.heatecx.com\/pt\/producto\/maquina-de-dobrar-aquecedores-tubulares-universal\/","title":{"rendered":"M\u00e1quina de Dobrar Resist\u00eancias Tubulares Universal"},"content":{"rendered":"<p>A m\u00e1quina de dobrar tubos CNC HTD-1 \u00e9 uma solu\u00e7\u00e3o de automa\u00e7\u00e3o industrial de alto desempenho, especificamente projetada para dobrar e conformar resist\u00eancias el\u00e9tricas tubulares e elementos de aquecimento. Este equipamento de controle num\u00e9rico de 3 eixos (CNC) utiliza servomotores de alta precis\u00e3o e um sistema de controle CLP avan\u00e7ado para transformar tubos retos em geometrias complexas com repetibilidade e precis\u00e3o excepcionais.<\/p>\n","protected":false},"excerpt":{"rendered":"<p>A m\u00e1quina de dobrar tubos CNC HTD-1 \u00e9 uma solu\u00e7\u00e3o de automa\u00e7\u00e3o industrial de alto desempenho, especificamente projetada para dobrar e conformar resist\u00eancias el\u00e9tricas tubulares e elementos de aquecimento. Este equipamento de controle num\u00e9rico de 3 eixos (CNC) utiliza servomotores de alta precis\u00e3o e um sistema de controle CLP avan\u00e7ado para transformar tubos retos em geometrias complexas com repetibilidade e precis\u00e3o excepcionais.<\/p>\n","protected":false},"featured_media":644,"comment_status":"open","ping_status":"closed","template":"","meta":{"site-sidebar-layout":"default","site-content-layout":"default","ast-global-header-display":"","ast-main-header-display":"","ast-hfb-above-header-display":"","ast-hfb-below-header-display":"","ast-hfb-mobile-header-display":"","site-post-title":"disabled","ast-breadcrumbs-content":"","ast-featured-img":"","footer-sml-layout":"","theme-transparent-header-meta":"default","adv-header-id-meta":"","stick-header-meta":"","header-above-stick-meta":"","header-main-stick-meta":"","header-below-stick-meta":""},"product_brand":[],"product_cat":[29,17],"product_tag":[],"class_list":{"0":"post-643","1":"product","2":"type-product","3":"status-publish","4":"has-post-thumbnail","6":"product_cat-dobladoras","7":"product_cat-maquinas","9":"first","10":"instock","11":"shipping-taxable","12":"product-type-simple"},"_links":{"self":[{"href":"https:\/\/www.heatecx.com\/pt\/wp-json\/wp\/v2\/product\/643","targetHints":{"allow":["GET"]}}],"collection":[{"href":"https:\/\/www.heatecx.com\/pt\/wp-json\/wp\/v2\/product"}],"about":[{"href":"https:\/\/www.heatecx.com\/pt\/wp-json\/wp\/v2\/types\/product"}],"replies":[{"embeddable":true,"href":"https:\/\/www.heatecx.com\/pt\/wp-json\/wp\/v2\/comments?post=643"}],"wp:featuredmedia":[{"embeddable":true,"href":"https:\/\/www.heatecx.com\/pt\/wp-json\/wp\/v2\/media\/644"}],"wp:attachment":[{"href":"https:\/\/www.heatecx.com\/pt\/wp-json\/wp\/v2\/media?parent=643"}],"wp:term":[{"taxonomy":"product_brand","embeddable":true,"href":"https:\/\/www.heatecx.com\/pt\/wp-json\/wp\/v2\/product_brand?post=643"},{"taxonomy":"product_cat","embeddable":true,"href":"https:\/\/www.heatecx.com\/pt\/wp-json\/wp\/v2\/product_cat?post=643"},{"taxonomy":"product_tag","embeddable":true,"href":"https:\/\/www.heatecx.com\/pt\/wp-json\/wp\/v2\/product_tag?post=643"}],"curies":[{"name":"wp","href":"https:\/\/api.w.org\/{rel}","templated":true}]}}