{"id":656,"date":"2026-03-18T08:14:37","date_gmt":"2026-03-18T08:14:37","guid":{"rendered":"https:\/\/www.heatecx.com\/pt\/?post_type=product&#038;p=656"},"modified":"2026-03-19T07:45:10","modified_gmt":"2026-03-19T07:45:10","slug":"maquina-de-enrolamento-de-bobinas-com-extremidade-reta-ht-b2","status":"publish","type":"product","link":"https:\/\/www.heatecx.com\/pt\/producto\/maquina-de-enrolamento-de-bobinas-com-extremidade-reta-ht-b2\/","title":{"rendered":"M\u00e1quina de Enrolamento de Bobinas com Extremidade Reta HT-B2"},"content":{"rendered":"<p>A m\u00e1quina de enrolamento de fio el\u00e9trico HT-B2 \u00e9 uma solu\u00e7\u00e3o avan\u00e7ada de automa\u00e7\u00e3o industrial, especificamente projetada para a fabrica\u00e7\u00e3o de bobinas de fio resistivo com extremidades retas (rabichos). Este equipamento de alta precis\u00e3o \u00e9 fundamental para a produ\u00e7\u00e3o de elementos de aquecimento utilizados em uma ampla gama de aplica\u00e7\u00f5es, desde eletrodom\u00e9sticos at\u00e9 fornos industriais. Controlada por um CLP (Controlador L\u00f3gico Program\u00e1vel), uma interface de tela sens\u00edvel ao toque intuitiva e servomotores de alto desempenho, a HT-B2 garante uma produ\u00e7\u00e3o est\u00e1vel, repet\u00edvel e de alta qualidade.<\/p>\n","protected":false},"excerpt":{"rendered":"<p>A m\u00e1quina de enrolamento de fio el\u00e9trico HT-B2 \u00e9 uma solu\u00e7\u00e3o avan\u00e7ada de automa\u00e7\u00e3o industrial, especificamente projetada para a fabrica\u00e7\u00e3o de bobinas de fio resistivo com extremidades retas (rabichos). Este equipamento de alta precis\u00e3o \u00e9 fundamental para a produ\u00e7\u00e3o de elementos de aquecimento utilizados em uma ampla gama de aplica\u00e7\u00f5es, desde eletrodom\u00e9sticos at\u00e9 fornos industriais. Controlada por um CLP (Controlador L\u00f3gico Program\u00e1vel), uma interface de tela sens\u00edvel ao toque intuitiva e servomotores de alto desempenho, a HT-B2 garante uma produ\u00e7\u00e3o est\u00e1vel, repet\u00edvel e de alta qualidade.<\/p>\n","protected":false},"featured_media":657,"comment_status":"open","ping_status":"closed","template":"","meta":{"site-sidebar-layout":"default","site-content-layout":"default","ast-global-header-display":"","ast-main-header-display":"","ast-hfb-above-header-display":"","ast-hfb-below-header-display":"","ast-hfb-mobile-header-display":"","site-post-title":"disabled","ast-breadcrumbs-content":"","ast-featured-img":"","footer-sml-layout":"","theme-transparent-header-meta":"default","adv-header-id-meta":"","stick-header-meta":"","header-above-stick-meta":"","header-main-stick-meta":"","header-below-stick-meta":""},"product_brand":[],"product_cat":[30,17],"product_tag":[],"class_list":{"0":"post-656","1":"product","2":"type-product","3":"status-publish","4":"has-post-thumbnail","6":"product_cat-maquinas-de-enrolamento","7":"product_cat-maquinas","9":"first","10":"instock","11":"shipping-taxable","12":"product-type-simple"},"_links":{"self":[{"href":"https:\/\/www.heatecx.com\/pt\/wp-json\/wp\/v2\/product\/656","targetHints":{"allow":["GET"]}}],"collection":[{"href":"https:\/\/www.heatecx.com\/pt\/wp-json\/wp\/v2\/product"}],"about":[{"href":"https:\/\/www.heatecx.com\/pt\/wp-json\/wp\/v2\/types\/product"}],"replies":[{"embeddable":true,"href":"https:\/\/www.heatecx.com\/pt\/wp-json\/wp\/v2\/comments?post=656"}],"wp:featuredmedia":[{"embeddable":true,"href":"https:\/\/www.heatecx.com\/pt\/wp-json\/wp\/v2\/media\/657"}],"wp:attachment":[{"href":"https:\/\/www.heatecx.com\/pt\/wp-json\/wp\/v2\/media?parent=656"}],"wp:term":[{"taxonomy":"product_brand","embeddable":true,"href":"https:\/\/www.heatecx.com\/pt\/wp-json\/wp\/v2\/product_brand?post=656"},{"taxonomy":"product_cat","embeddable":true,"href":"https:\/\/www.heatecx.com\/pt\/wp-json\/wp\/v2\/product_cat?post=656"},{"taxonomy":"product_tag","embeddable":true,"href":"https:\/\/www.heatecx.com\/pt\/wp-json\/wp\/v2\/product_tag?post=656"}],"curies":[{"name":"wp","href":"https:\/\/api.w.org\/{rel}","templated":true}]}}