{"id":671,"date":"2026-03-18T22:41:02","date_gmt":"2026-03-18T22:41:02","guid":{"rendered":"https:\/\/www.heatecx.com\/pt\/?post_type=product&#038;p=671"},"modified":"2026-04-08T12:47:52","modified_gmt":"2026-04-08T12:47:52","slug":"maquina-de-enrolamento-de-fio-em-folha-de-mica-ht-b3b","status":"publish","type":"product","link":"https:\/\/www.heatecx.com\/pt\/producto\/maquina-de-enrolamento-de-fio-em-folha-de-mica-ht-b3b\/","title":{"rendered":"M\u00e1quina de Enrolamento de Fio em Folha de Mica HT-B3B"},"content":{"rendered":"<p>A M\u00e1quina de Enrolamento de Fio em Folha de Mica HT-B3B \u00e9 uma solu\u00e7\u00e3o de ponta projetada especificamente para a fabrica\u00e7\u00e3o de elementos de aquecimento el\u00e9trico. Esta m\u00e1quina de enrolamento em folha de mica de alta precis\u00e3o permite o enrolamento de fio de resist\u00eancia em folhas de mica, fibra de carbono, hastes de magn\u00e9sio e hastes cer\u00e2micas, entre outros materiais. Seu sistema de controle avan\u00e7ado, baseado em um servomotor e CLP com tela sens\u00edvel ao toque, garante uma opera\u00e7\u00e3o intuitiva e uma versatilidade incompar\u00e1vel. A HT-B3B \u00e9 a m\u00e1quina ideal para o enrolamento de fio em mica para produtores que buscam otimizar seus processos de fabrica\u00e7\u00e3o, oferecendo a capacidade de enrolar fio em folhas de mica com diferentes passos de enrolamento, adaptando-se a uma ampla gama de requisitos de design de elementos de aquecimento.<\/p>\n","protected":false},"excerpt":{"rendered":"<p>A M\u00e1quina de Enrolamento de Fio em Folha de Mica HT-B3B \u00e9 uma solu\u00e7\u00e3o de ponta projetada especificamente para a fabrica\u00e7\u00e3o de elementos de aquecimento el\u00e9trico. Esta m\u00e1quina de enrolamento em folha de mica de alta precis\u00e3o permite o enrolamento de fio de resist\u00eancia em folhas de mica, fibra de carbono, hastes de magn\u00e9sio e hastes cer\u00e2micas, entre outros materiais. Seu sistema de controle avan\u00e7ado, baseado em um servomotor e CLP com tela sens\u00edvel ao toque, garante uma opera\u00e7\u00e3o intuitiva e uma versatilidade incompar\u00e1vel. A HT-B3B \u00e9 a m\u00e1quina ideal para o enrolamento de fio em mica para produtores que buscam otimizar seus processos de fabrica\u00e7\u00e3o, oferecendo a capacidade de enrolar fio em folhas de mica com diferentes passos de enrolamento, adaptando-se a uma ampla gama de requisitos de design de elementos de aquecimento.<\/p>\n","protected":false},"featured_media":672,"comment_status":"open","ping_status":"closed","template":"","meta":{"site-sidebar-layout":"default","site-content-layout":"default","ast-global-header-display":"","ast-main-header-display":"","ast-hfb-above-header-display":"","ast-hfb-below-header-display":"","ast-hfb-mobile-header-display":"","site-post-title":"disabled","ast-breadcrumbs-content":"","ast-featured-img":"","footer-sml-layout":"","theme-transparent-header-meta":"default","adv-header-id-meta":"","stick-header-meta":"","header-above-stick-meta":"","header-main-stick-meta":"","header-below-stick-meta":""},"product_brand":[],"product_cat":[30,17],"product_tag":[],"class_list":{"0":"post-671","1":"product","2":"type-product","3":"status-publish","4":"has-post-thumbnail","6":"product_cat-maquinas-de-enrolamento","7":"product_cat-maquinas","9":"first","10":"instock","11":"shipping-taxable","12":"product-type-simple"},"_links":{"self":[{"href":"https:\/\/www.heatecx.com\/pt\/wp-json\/wp\/v2\/product\/671","targetHints":{"allow":["GET"]}}],"collection":[{"href":"https:\/\/www.heatecx.com\/pt\/wp-json\/wp\/v2\/product"}],"about":[{"href":"https:\/\/www.heatecx.com\/pt\/wp-json\/wp\/v2\/types\/product"}],"replies":[{"embeddable":true,"href":"https:\/\/www.heatecx.com\/pt\/wp-json\/wp\/v2\/comments?post=671"}],"wp:featuredmedia":[{"embeddable":true,"href":"https:\/\/www.heatecx.com\/pt\/wp-json\/wp\/v2\/media\/672"}],"wp:attachment":[{"href":"https:\/\/www.heatecx.com\/pt\/wp-json\/wp\/v2\/media?parent=671"}],"wp:term":[{"taxonomy":"product_brand","embeddable":true,"href":"https:\/\/www.heatecx.com\/pt\/wp-json\/wp\/v2\/product_brand?post=671"},{"taxonomy":"product_cat","embeddable":true,"href":"https:\/\/www.heatecx.com\/pt\/wp-json\/wp\/v2\/product_cat?post=671"},{"taxonomy":"product_tag","embeddable":true,"href":"https:\/\/www.heatecx.com\/pt\/wp-json\/wp\/v2\/product_tag?post=671"}],"curies":[{"name":"wp","href":"https:\/\/api.w.org\/{rel}","templated":true}]}}