{"id":674,"date":"2026-03-18T23:08:43","date_gmt":"2026-03-18T23:08:43","guid":{"rendered":"https:\/\/www.heatecx.com\/pt\/?post_type=product&#038;p=674"},"modified":"2026-03-18T23:30:50","modified_gmt":"2026-03-18T23:30:50","slug":"maquina-de-polimento-de-tubos-semiautomatica-mp01-1","status":"publish","type":"product","link":"https:\/\/www.heatecx.com\/pt\/producto\/maquina-de-polimento-de-tubos-semiautomatica-mp01-1\/","title":{"rendered":"M\u00e1quina de Polimento de Tubos Semiautom\u00e1tica MP01-1"},"content":{"rendered":"<p>A M\u00e1quina de Polimento de Tubos Semiautom\u00e1tica MP01-1 \u00e9 uma solu\u00e7\u00e3o robusta e eficiente projetada especificamente para o polimento de tubos redondos e retos, bem como para o acabamento de resist\u00eancias el\u00e9tricas. Este equipamento de polimento industrial \u00e9 ideal para obter superf\u00edcies de alta qualidade em uma ampla gama de materiais met\u00e1licos, incluindo a\u00e7o inoxid\u00e1vel, cobre, alum\u00ednio e outras ligas.<\/p>\n","protected":false},"excerpt":{"rendered":"<p>A M\u00e1quina de Polimento de Tubos Semiautom\u00e1tica MP01-1 \u00e9 uma solu\u00e7\u00e3o robusta e eficiente projetada especificamente para o polimento de tubos redondos e retos, bem como para o acabamento de resist\u00eancias el\u00e9tricas. Este equipamento de polimento industrial \u00e9 ideal para obter superf\u00edcies de alta qualidade em uma ampla gama de materiais met\u00e1licos, incluindo a\u00e7o inoxid\u00e1vel, cobre, alum\u00ednio e outras ligas.<\/p>\n","protected":false},"featured_media":675,"comment_status":"open","ping_status":"closed","template":"","meta":{"site-sidebar-layout":"default","site-content-layout":"default","ast-global-header-display":"","ast-main-header-display":"","ast-hfb-above-header-display":"","ast-hfb-below-header-display":"","ast-hfb-mobile-header-display":"","site-post-title":"disabled","ast-breadcrumbs-content":"","ast-featured-img":"","footer-sml-layout":"","theme-transparent-header-meta":"default","adv-header-id-meta":"","stick-header-meta":"","header-above-stick-meta":"","header-main-stick-meta":"","header-below-stick-meta":""},"product_brand":[],"product_cat":[31,17],"product_tag":[],"class_list":{"0":"post-674","1":"product","2":"type-product","3":"status-publish","4":"has-post-thumbnail","6":"product_cat-maquinas-de-polimento","7":"product_cat-maquinas","9":"first","10":"instock","11":"shipping-taxable","12":"product-type-simple"},"_links":{"self":[{"href":"https:\/\/www.heatecx.com\/pt\/wp-json\/wp\/v2\/product\/674","targetHints":{"allow":["GET"]}}],"collection":[{"href":"https:\/\/www.heatecx.com\/pt\/wp-json\/wp\/v2\/product"}],"about":[{"href":"https:\/\/www.heatecx.com\/pt\/wp-json\/wp\/v2\/types\/product"}],"replies":[{"embeddable":true,"href":"https:\/\/www.heatecx.com\/pt\/wp-json\/wp\/v2\/comments?post=674"}],"wp:featuredmedia":[{"embeddable":true,"href":"https:\/\/www.heatecx.com\/pt\/wp-json\/wp\/v2\/media\/675"}],"wp:attachment":[{"href":"https:\/\/www.heatecx.com\/pt\/wp-json\/wp\/v2\/media?parent=674"}],"wp:term":[{"taxonomy":"product_brand","embeddable":true,"href":"https:\/\/www.heatecx.com\/pt\/wp-json\/wp\/v2\/product_brand?post=674"},{"taxonomy":"product_cat","embeddable":true,"href":"https:\/\/www.heatecx.com\/pt\/wp-json\/wp\/v2\/product_cat?post=674"},{"taxonomy":"product_tag","embeddable":true,"href":"https:\/\/www.heatecx.com\/pt\/wp-json\/wp\/v2\/product_tag?post=674"}],"curies":[{"name":"wp","href":"https:\/\/api.w.org\/{rel}","templated":true}]}}