{"id":680,"date":"2026-03-19T02:14:20","date_gmt":"2026-03-19T02:14:20","guid":{"rendered":"https:\/\/www.heatecx.com\/pt\/?post_type=product&#038;p=680"},"modified":"2026-03-26T07:10:00","modified_gmt":"2026-03-26T07:10:00","slug":"maquina-de-endireitar-tubos-e-barras-me01-13","status":"publish","type":"product","link":"https:\/\/www.heatecx.com\/pt\/producto\/maquina-de-endireitar-tubos-e-barras-me01-13\/","title":{"rendered":"M\u00e1quina de Endireitar Tubos e Barras ME01-13"},"content":{"rendered":"<p>A M\u00e1quina de Endireitar de Rolos Obl\u00edquos ME01-13 \u00e9 uma solu\u00e7\u00e3o de engenharia avan\u00e7ada projetada para o endireitamento de alta precis\u00e3o de tubos e barras met\u00e1licas. Este equipamento de endireitamento industrial aborda eficazmente problemas comuns que surgem ap\u00f3s processos como trefila\u00e7\u00e3o, lamina\u00e7\u00e3o ou tratamento t\u00e9rmico, incluindo curvatura, ovaliza\u00e7\u00e3o e tens\u00e3o residual irregular. Sua opera\u00e7\u00e3o baseia-se no uso de m\u00faltiplos conjuntos de rolos obl\u00edquos que endireitam continuamente o material.<\/p>\n","protected":false},"excerpt":{"rendered":"<p>A M\u00e1quina de Endireitar de Rolos Obl\u00edquos ME01-13 \u00e9 uma solu\u00e7\u00e3o de engenharia avan\u00e7ada projetada para o endireitamento de alta precis\u00e3o de tubos e barras met\u00e1licas. Este equipamento de endireitamento industrial aborda eficazmente problemas comuns que surgem ap\u00f3s processos como trefila\u00e7\u00e3o, lamina\u00e7\u00e3o ou tratamento t\u00e9rmico, incluindo curvatura, ovaliza\u00e7\u00e3o e tens\u00e3o residual irregular. Sua opera\u00e7\u00e3o baseia-se no uso de m\u00faltiplos conjuntos de rolos obl\u00edquos que endireitam continuamente o material.<\/p>\n","protected":false},"featured_media":681,"comment_status":"open","ping_status":"closed","template":"","meta":{"site-sidebar-layout":"default","site-content-layout":"default","ast-global-header-display":"","ast-main-header-display":"","ast-hfb-above-header-display":"","ast-hfb-below-header-display":"","ast-hfb-mobile-header-display":"","site-post-title":"disabled","ast-breadcrumbs-content":"","ast-featured-img":"","footer-sml-layout":"","theme-transparent-header-meta":"default","adv-header-id-meta":"","stick-header-meta":"","header-above-stick-meta":"","header-main-stick-meta":"","header-below-stick-meta":""},"product_brand":[],"product_cat":[32,17],"product_tag":[],"class_list":{"0":"post-680","1":"product","2":"type-product","3":"status-publish","4":"has-post-thumbnail","6":"product_cat-endireitadeira","7":"product_cat-maquinas","9":"first","10":"instock","11":"shipping-taxable","12":"product-type-simple"},"_links":{"self":[{"href":"https:\/\/www.heatecx.com\/pt\/wp-json\/wp\/v2\/product\/680","targetHints":{"allow":["GET"]}}],"collection":[{"href":"https:\/\/www.heatecx.com\/pt\/wp-json\/wp\/v2\/product"}],"about":[{"href":"https:\/\/www.heatecx.com\/pt\/wp-json\/wp\/v2\/types\/product"}],"replies":[{"embeddable":true,"href":"https:\/\/www.heatecx.com\/pt\/wp-json\/wp\/v2\/comments?post=680"}],"wp:featuredmedia":[{"embeddable":true,"href":"https:\/\/www.heatecx.com\/pt\/wp-json\/wp\/v2\/media\/681"}],"wp:attachment":[{"href":"https:\/\/www.heatecx.com\/pt\/wp-json\/wp\/v2\/media?parent=680"}],"wp:term":[{"taxonomy":"product_brand","embeddable":true,"href":"https:\/\/www.heatecx.com\/pt\/wp-json\/wp\/v2\/product_brand?post=680"},{"taxonomy":"product_cat","embeddable":true,"href":"https:\/\/www.heatecx.com\/pt\/wp-json\/wp\/v2\/product_cat?post=680"},{"taxonomy":"product_tag","embeddable":true,"href":"https:\/\/www.heatecx.com\/pt\/wp-json\/wp\/v2\/product_tag?post=680"}],"curies":[{"name":"wp","href":"https:\/\/api.w.org\/{rel}","templated":true}]}}