{"id":688,"date":"2026-03-19T02:46:44","date_gmt":"2026-03-19T02:46:44","guid":{"rendered":"https:\/\/www.heatecx.com\/pt\/?post_type=product&#038;p=688"},"modified":"2026-03-19T02:49:41","modified_gmt":"2026-03-19T02:49:41","slug":"maquina-de-alimentacao-e-teste-de-resistencias-map-01","status":"publish","type":"product","link":"https:\/\/www.heatecx.com\/pt\/producto\/maquina-de-alimentacao-e-teste-de-resistencias-map-01\/","title":{"rendered":"M\u00e1quina de Alimenta\u00e7\u00e3o e Teste de Resist\u00eancias MAP-01"},"content":{"rendered":"<p>A MAP-01 \u00e9 uma m\u00e1quina de alimenta\u00e7\u00e3o autom\u00e1tica projetada especificamente para otimizar o processo de redu\u00e7\u00e3o de resist\u00eancias el\u00e9tricas em diversas aplica\u00e7\u00f5es industriais. Este equipamento inovador integra-se \u00e0 linha de produ\u00e7\u00e3o para alimentar eficientemente tubos previamente preenchidos com MgO e submetidos a testes de resist\u00eancias, garantindo um fluxo cont\u00ednuo e automatizado em dire\u00e7\u00e3o \u00e0 m\u00e1quina de lamina\u00e7\u00e3o de resist\u00eancias.<\/p>\n","protected":false},"excerpt":{"rendered":"<p>A MAP-01 \u00e9 uma m\u00e1quina de alimenta\u00e7\u00e3o autom\u00e1tica projetada especificamente para otimizar o processo de redu\u00e7\u00e3o de resist\u00eancias el\u00e9tricas em diversas aplica\u00e7\u00f5es industriais. Este equipamento inovador integra-se \u00e0 linha de produ\u00e7\u00e3o para alimentar eficientemente tubos previamente preenchidos com MgO e submetidos a testes de resist\u00eancias, garantindo um fluxo cont\u00ednuo e automatizado em dire\u00e7\u00e3o \u00e0 m\u00e1quina de lamina\u00e7\u00e3o de resist\u00eancias.<\/p>\n","protected":false},"featured_media":689,"comment_status":"open","ping_status":"closed","template":"","meta":{"site-sidebar-layout":"default","site-content-layout":"default","ast-global-header-display":"","ast-main-header-display":"","ast-hfb-above-header-display":"","ast-hfb-below-header-display":"","ast-hfb-mobile-header-display":"","site-post-title":"disabled","ast-breadcrumbs-content":"","ast-featured-img":"","footer-sml-layout":"","theme-transparent-header-meta":"default","adv-header-id-meta":"","stick-header-meta":"","header-above-stick-meta":"","header-main-stick-meta":"","header-below-stick-meta":""},"product_brand":[],"product_cat":[33,17],"product_tag":[],"class_list":{"0":"post-688","1":"product","2":"type-product","3":"status-publish","4":"has-post-thumbnail","6":"product_cat-alimentadores","7":"product_cat-maquinas","9":"first","10":"instock","11":"shipping-taxable","12":"product-type-simple"},"_links":{"self":[{"href":"https:\/\/www.heatecx.com\/pt\/wp-json\/wp\/v2\/product\/688","targetHints":{"allow":["GET"]}}],"collection":[{"href":"https:\/\/www.heatecx.com\/pt\/wp-json\/wp\/v2\/product"}],"about":[{"href":"https:\/\/www.heatecx.com\/pt\/wp-json\/wp\/v2\/types\/product"}],"replies":[{"embeddable":true,"href":"https:\/\/www.heatecx.com\/pt\/wp-json\/wp\/v2\/comments?post=688"}],"wp:featuredmedia":[{"embeddable":true,"href":"https:\/\/www.heatecx.com\/pt\/wp-json\/wp\/v2\/media\/689"}],"wp:attachment":[{"href":"https:\/\/www.heatecx.com\/pt\/wp-json\/wp\/v2\/media?parent=688"}],"wp:term":[{"taxonomy":"product_brand","embeddable":true,"href":"https:\/\/www.heatecx.com\/pt\/wp-json\/wp\/v2\/product_brand?post=688"},{"taxonomy":"product_cat","embeddable":true,"href":"https:\/\/www.heatecx.com\/pt\/wp-json\/wp\/v2\/product_cat?post=688"},{"taxonomy":"product_tag","embeddable":true,"href":"https:\/\/www.heatecx.com\/pt\/wp-json\/wp\/v2\/product_tag?post=688"}],"curies":[{"name":"wp","href":"https:\/\/api.w.org\/{rel}","templated":true}]}}