{"id":696,"date":"2026-03-19T05:56:35","date_gmt":"2026-03-19T05:56:35","guid":{"rendered":"https:\/\/www.heatecx.com\/pt\/?post_type=product&#038;p=696"},"modified":"2026-03-19T05:59:29","modified_gmt":"2026-03-19T05:59:29","slug":"maquina-de-acabamento-semiautomatica-mt01","status":"publish","type":"product","link":"https:\/\/www.heatecx.com\/pt\/producto\/maquina-de-acabamento-semiautomatica-mt01\/","title":{"rendered":"M\u00e1quina de Acabamento Semiautom\u00e1tica MT01"},"content":{"rendered":"<p><span data-slate-node=\"text\"><span class=\"\" data-slate-leaf=\"true\">A s\u00e9rie MT01 de m\u00e1quinas de acabamento semiautom\u00e1ticas representa uma solu\u00e7\u00e3o eficiente e vers\u00e1til para o processamento de tubos, projetada especificamente para o acabamento de pinos terminais. Este equipamento \u00e9 fundamental em ind\u00fastrias que exigem uma prepara\u00e7\u00e3o precisa de tubos, como a fabrica\u00e7\u00e3o de <\/span><\/span><span data-slate-node=\"text\"><span class=\"font-[600]\" data-slate-leaf=\"true\">resist\u00eancias<\/span><\/span><span data-slate-node=\"text\"><span class=\"\" data-slate-leaf=\"true\"> tubulares e a produ\u00e7\u00e3o de <\/span><\/span><span data-slate-node=\"text\"><span class=\"font-[600]\" data-slate-leaf=\"true\">resist\u00eancias<\/span><\/span><span data-slate-node=\"text\" data-slate-fragment=\"JTVCJTdCJTIydHlwZSUyMiUzQSUyMnAlMjIlMkMlMjJjaGlsZHJlbiUyMiUzQSU1QiU3QiUyMnRleHQlMjIlM0ElMjJBJTIwcyVDMyVBOXJpZSUyME1UMDElMjBkZSUyMG0lQzMlQTFxdWluYXMlMjBkZSUyMGFjYWJhbWVudG8lMjBzZW1pYXV0b20lQzMlQTF0aWNhcyUyMHJlcHJlc2VudGElMjB1bWElMjBzb2x1JUMzJUE3JUMzJUEzbyUyMGVmaWNpZW50ZSUyMGUlMjB2ZXJzJUMzJUExdGlsJTIwcGFyYSUyMG8lMjBwcm9jZXNzYW1lbnRvJTIwZGUlMjB0dWJvcyUyQyUyMHByb2pldGFkYSUyMGVzcGVjaWZpY2FtZW50ZSUyMHBhcmElMjBvJTIwYWNhYmFtZW50byUyMGRlJTIwcGlub3MlMjB0ZXJtaW5haXMuJTIwRXN0ZSUyMGVxdWlwYW1lbnRvJTIwJUMzJUE5JTIwZnVuZGFtZW50YWwlMjBlbSUyMGluZCVDMyVCQXN0cmlhcyUyMHF1ZSUyMGV4aWdlbSUyMHVtYSUyMHByZXBhcmElQzMlQTclQzMlQTNvJTIwcHJlY2lzYSUyMGRlJTIwdHVib3MlMkMlMjBjb21vJTIwYSUyMGZhYnJpY2ElQzMlQTclQzMlQTNvJTIwZGUlMjAlMjIlN0QlMkMlN0IlMjJ0ZXh0JTIyJTNBJTIycmVzaXN0JUMzJUFBbmNpYXMlMjIlMkMlMjJib2xkJTIyJTNBdHJ1ZSU3RCUyQyU3QiUyMnRleHQlMjIlM0ElMjIlMjB0dWJ1bGFyZXMlMjBlJTIwYSUyMHByb2R1JUMzJUE3JUMzJUEzbyUyMGRlJTIwJTIyJTdEJTJDJTdCJTIydGV4dCUyMiUzQSUyMnJlc2lzdCVDMyVBQW5jaWFzJTIyJTJDJTIyYm9sZCUyMiUzQXRydWUlN0QlMkMlN0IlMjJ0ZXh0JTIyJTNBJTIyJTIwZWwlQzMlQTl0cmljYXMuJTIyJTdEJTVEJTdEJTVE\"><span class=\"\" data-slate-leaf=\"true\"> el\u00e9tricas.<\/span><\/span><\/p>\n","protected":false},"excerpt":{"rendered":"<p><span data-slate-node=\"text\"><span class=\"\" data-slate-leaf=\"true\">A s\u00e9rie MT01 de m\u00e1quinas de acabamento semiautom\u00e1ticas representa uma solu\u00e7\u00e3o eficiente e vers\u00e1til para o processamento de tubos, projetada especificamente para o acabamento de pinos terminais. Este equipamento \u00e9 fundamental em ind\u00fastrias que exigem uma prepara\u00e7\u00e3o precisa de tubos, como a fabrica\u00e7\u00e3o de <\/span><\/span><span data-slate-node=\"text\"><span class=\"font-[600]\" data-slate-leaf=\"true\">resist\u00eancias<\/span><\/span><span data-slate-node=\"text\"><span class=\"\" data-slate-leaf=\"true\"> tubulares e a produ\u00e7\u00e3o de <\/span><\/span><span data-slate-node=\"text\"><span class=\"font-[600]\" data-slate-leaf=\"true\">resist\u00eancias<\/span><\/span><span data-slate-node=\"text\" data-slate-fragment=\"JTVCJTdCJTIydHlwZSUyMiUzQSUyMnAlMjIlMkMlMjJjaGlsZHJlbiUyMiUzQSU1QiU3QiUyMnRleHQlMjIlM0ElMjJBJTIwcyVDMyVBOXJpZSUyME1UMDElMjBkZSUyMG0lQzMlQTFxdWluYXMlMjBkZSUyMGFjYWJhbWVudG8lMjBzZW1pYXV0b20lQzMlQTF0aWNhcyUyMHJlcHJlc2VudGElMjB1bWElMjBzb2x1JUMzJUE3JUMzJUEzbyUyMGVmaWNpZW50ZSUyMGUlMjB2ZXJzJUMzJUExdGlsJTIwcGFyYSUyMG8lMjBwcm9jZXNzYW1lbnRvJTIwZGUlMjB0dWJvcyUyQyUyMHByb2pldGFkYSUyMGVzcGVjaWZpY2FtZW50ZSUyMHBhcmElMjBvJTIwYWNhYmFtZW50byUyMGRlJTIwcGlub3MlMjB0ZXJtaW5haXMuJTIwRXN0ZSUyMGVxdWlwYW1lbnRvJTIwJUMzJUE5JTIwZnVuZGFtZW50YWwlMjBlbSUyMGluZCVDMyVCQXN0cmlhcyUyMHF1ZSUyMGV4aWdlbSUyMHVtYSUyMHByZXBhcmElQzMlQTclQzMlQTNvJTIwcHJlY2lzYSUyMGRlJTIwdHVib3MlMkMlMjBjb21vJTIwYSUyMGZhYnJpY2ElQzMlQTclQzMlQTNvJTIwZGUlMjAlMjIlN0QlMkMlN0IlMjJ0ZXh0JTIyJTNBJTIycmVzaXN0JUMzJUFBbmNpYXMlMjIlMkMlMjJib2xkJTIyJTNBdHJ1ZSU3RCUyQyU3QiUyMnRleHQlMjIlM0ElMjIlMjB0dWJ1bGFyZXMlMjBlJTIwYSUyMHByb2R1JUMzJUE3JUMzJUEzbyUyMGRlJTIwJTIyJTdEJTJDJTdCJTIydGV4dCUyMiUzQSUyMnJlc2lzdCVDMyVBQW5jaWFzJTIyJTJDJTIyYm9sZCUyMiUzQXRydWUlN0QlMkMlN0IlMjJ0ZXh0JTIyJTNBJTIyJTIwZWwlQzMlQTl0cmljYXMuJTIyJTdEJTVEJTdEJTVE\"><span class=\"\" data-slate-leaf=\"true\"> el\u00e9tricas.<\/span><\/span><\/p>\n","protected":false},"featured_media":697,"comment_status":"open","ping_status":"closed","template":"","meta":{"site-sidebar-layout":"default","site-content-layout":"default","ast-global-header-display":"","ast-main-header-display":"","ast-hfb-above-header-display":"","ast-hfb-below-header-display":"","ast-hfb-mobile-header-display":"","site-post-title":"disabled","ast-breadcrumbs-content":"","ast-featured-img":"","footer-sml-layout":"","theme-transparent-header-meta":"default","adv-header-id-meta":"","stick-header-meta":"","header-above-stick-meta":"","header-main-stick-meta":"","header-below-stick-meta":""},"product_brand":[],"product_cat":[34,17],"product_tag":[],"class_list":{"0":"post-696","1":"product","2":"type-product","3":"status-publish","4":"has-post-thumbnail","6":"product_cat-torneadoras-de-resistencias","7":"product_cat-maquinas","9":"first","10":"instock","11":"shipping-taxable","12":"product-type-simple"},"_links":{"self":[{"href":"https:\/\/www.heatecx.com\/pt\/wp-json\/wp\/v2\/product\/696","targetHints":{"allow":["GET"]}}],"collection":[{"href":"https:\/\/www.heatecx.com\/pt\/wp-json\/wp\/v2\/product"}],"about":[{"href":"https:\/\/www.heatecx.com\/pt\/wp-json\/wp\/v2\/types\/product"}],"replies":[{"embeddable":true,"href":"https:\/\/www.heatecx.com\/pt\/wp-json\/wp\/v2\/comments?post=696"}],"wp:featuredmedia":[{"embeddable":true,"href":"https:\/\/www.heatecx.com\/pt\/wp-json\/wp\/v2\/media\/697"}],"wp:attachment":[{"href":"https:\/\/www.heatecx.com\/pt\/wp-json\/wp\/v2\/media?parent=696"}],"wp:term":[{"taxonomy":"product_brand","embeddable":true,"href":"https:\/\/www.heatecx.com\/pt\/wp-json\/wp\/v2\/product_brand?post=696"},{"taxonomy":"product_cat","embeddable":true,"href":"https:\/\/www.heatecx.com\/pt\/wp-json\/wp\/v2\/product_cat?post=696"},{"taxonomy":"product_tag","embeddable":true,"href":"https:\/\/www.heatecx.com\/pt\/wp-json\/wp\/v2\/product_tag?post=696"}],"curies":[{"name":"wp","href":"https:\/\/api.w.org\/{rel}","templated":true}]}}