{"id":698,"date":"2026-03-19T06:16:44","date_gmt":"2026-03-19T06:16:44","guid":{"rendered":"https:\/\/www.heatecx.com\/pt\/?post_type=product&#038;p=698"},"modified":"2026-03-19T06:21:54","modified_gmt":"2026-03-19T06:21:54","slug":"maquina-de-solda-de-tampa-final-de-resistencias-de-cartucho-st-01","status":"publish","type":"product","link":"https:\/\/www.heatecx.com\/pt\/producto\/maquina-de-solda-de-tampa-final-de-resistencias-de-cartucho-st-01\/","title":{"rendered":"M\u00e1quina de Solda de Tampa Final de Resist\u00eancias de Cartucho ST-01"},"content":{"rendered":"<p><span data-slate-node=\"text\"><span class=\"\" data-slate-leaf=\"true\">A M\u00e1quina de Solda de Tampa Final de <\/span><\/span><span data-slate-node=\"text\"><span class=\"font-[600]\" data-slate-leaf=\"true\">Resist\u00eancias<\/span><\/span><span data-slate-node=\"text\"><span class=\"\" data-slate-leaf=\"true\"> de Cartucho \u00e9 um equipamento de soldagem de precis\u00e3o projetado especificamente para a veda\u00e7\u00e3o robusta e herm\u00e9tica de uma extremidade (a base ou tampa final) de <\/span><\/span><span data-slate-node=\"text\"><span class=\"font-[600]\" data-slate-leaf=\"true\">resist\u00eancias<\/span><\/span><span data-slate-node=\"text\"><span class=\"\" data-slate-leaf=\"true\"> el\u00e9tricas do tipo cartucho. Este equipamento inovador de soldagem industrial integra tecnologia avan\u00e7ada para garantir a m\u00e1xima qualidade e efici\u00eancia na fabrica\u00e7\u00e3o de <\/span><\/span><span data-slate-node=\"text\"><span class=\"font-[600]\" data-slate-leaf=\"true\">resist\u00eancias<\/span><\/span><span data-slate-node=\"text\" data-slate-fragment=\"JTVCJTdCJTIydHlwZSUyMiUzQSUyMnAlMjIlMkMlMjJjaGlsZHJlbiUyMiUzQSU1QiU3QiUyMnRleHQlMjIlM0ElMjJBJTIwTSVDMyVBMXF1aW5hJTIwZGUlMjBTb2xkYSUyMGRlJTIwVGFtcGElMjBGaW5hbCUyMGRlJTIwJTIyJTdEJTJDJTdCJTIydGV4dCUyMiUzQSUyMlJlc2lzdCVDMyVBQW5jaWFzJTIyJTJDJTIyYm9sZCUyMiUzQXRydWUlN0QlMkMlN0IlMjJ0ZXh0JTIyJTNBJTIyJTIwZGUlMjBDYXJ0dWNobyUyMCVDMyVBOSUyMHVtJTIwZXF1aXBhbWVudG8lMjBkZSUyMHNvbGRhZ2VtJTIwZGUlMjBwcmVjaXMlQzMlQTNvJTIwcHJvamV0YWRvJTIwZXNwZWNpZmljYW1lbnRlJTIwcGFyYSUyMGElMjB2ZWRhJUMzJUE3JUMzJUEzbyUyMHJvYnVzdGElMjBlJTIwaGVybSVDMyVBOXRpY2ElMjBkZSUyMHVtYSUyMGV4dHJlbWlkYWRlJTIwKGElMjBiYXNlJTIwb3UlMjB0YW1wYSUyMGZpbmFsKSUyMGRlJTIwJTIyJTdEJTJDJTdCJTIydGV4dCUyMiUzQSUyMnJlc2lzdCVDMyVBQW5jaWFzJTIyJTJDJTIyYm9sZCUyMiUzQXRydWUlN0QlMkMlN0IlMjJ0ZXh0JTIyJTNBJTIyJTIwZWwlQzMlQTl0cmljYXMlMjBkbyUyMHRpcG8lMjBjYXJ0dWNoby4lMjBFc3RlJTIwZXF1aXBhbWVudG8lMjBpbm92YWRvciUyMGRlJTIwc29sZGFnZW0lMjBpbmR1c3RyaWFsJTIwaW50ZWdyYSUyMHRlY25vbG9naWElMjBhdmFuJUMzJUE3YWRhJTIwcGFyYSUyMGdhcmFudGlyJTIwYSUyMG0lQzMlQTF4aW1hJTIwcXVhbGlkYWRlJTIwZSUyMGVmaWNpJUMzJUFBbmNpYSUyMG5hJTIwZmFicmljYSVDMyVBNyVDMyVBM28lMjBkZSUyMCUyMiU3RCUyQyU3QiUyMnRleHQlMjIlM0ElMjJyZXNpc3QlQzMlQUFuY2lhcyUyMiUyQyUyMmJvbGQlMjIlM0F0cnVlJTdEJTJDJTdCJTIydGV4dCUyMiUzQSUyMiUyMGRlJTIwY2FydHVjaG8uJTIyJTdEJTVEJTdEJTVE\"><span class=\"\" data-slate-leaf=\"true\"> de cartucho.<\/span><\/span><\/p>\n","protected":false},"excerpt":{"rendered":"<p><span data-slate-node=\"text\"><span class=\"\" data-slate-leaf=\"true\">A M\u00e1quina de Solda de Tampa Final de <\/span><\/span><span data-slate-node=\"text\"><span class=\"font-[600]\" data-slate-leaf=\"true\">Resist\u00eancias<\/span><\/span><span data-slate-node=\"text\"><span class=\"\" data-slate-leaf=\"true\"> de Cartucho \u00e9 um equipamento de soldagem de precis\u00e3o projetado especificamente para a veda\u00e7\u00e3o robusta e herm\u00e9tica de uma extremidade (a base ou tampa final) de <\/span><\/span><span data-slate-node=\"text\"><span class=\"font-[600]\" data-slate-leaf=\"true\">resist\u00eancias<\/span><\/span><span data-slate-node=\"text\"><span class=\"\" data-slate-leaf=\"true\"> el\u00e9tricas do tipo cartucho. Este equipamento inovador de soldagem industrial integra tecnologia avan\u00e7ada para garantir a m\u00e1xima qualidade e efici\u00eancia na fabrica\u00e7\u00e3o de <\/span><\/span><span data-slate-node=\"text\"><span class=\"font-[600]\" data-slate-leaf=\"true\">resist\u00eancias<\/span><\/span><span data-slate-node=\"text\" data-slate-fragment=\"JTVCJTdCJTIydHlwZSUyMiUzQSUyMnAlMjIlMkMlMjJjaGlsZHJlbiUyMiUzQSU1QiU3QiUyMnRleHQlMjIlM0ElMjJBJTIwTSVDMyVBMXF1aW5hJTIwZGUlMjBTb2xkYSUyMGRlJTIwVGFtcGElMjBGaW5hbCUyMGRlJTIwJTIyJTdEJTJDJTdCJTIydGV4dCUyMiUzQSUyMlJlc2lzdCVDMyVBQW5jaWFzJTIyJTJDJTIyYm9sZCUyMiUzQXRydWUlN0QlMkMlN0IlMjJ0ZXh0JTIyJTNBJTIyJTIwZGUlMjBDYXJ0dWNobyUyMCVDMyVBOSUyMHVtJTIwZXF1aXBhbWVudG8lMjBkZSUyMHNvbGRhZ2VtJTIwZGUlMjBwcmVjaXMlQzMlQTNvJTIwcHJvamV0YWRvJTIwZXNwZWNpZmljYW1lbnRlJTIwcGFyYSUyMGElMjB2ZWRhJUMzJUE3JUMzJUEzbyUyMHJvYnVzdGElMjBlJTIwaGVybSVDMyVBOXRpY2ElMjBkZSUyMHVtYSUyMGV4dHJlbWlkYWRlJTIwKGElMjBiYXNlJTIwb3UlMjB0YW1wYSUyMGZpbmFsKSUyMGRlJTIwJTIyJTdEJTJDJTdCJTIydGV4dCUyMiUzQSUyMnJlc2lzdCVDMyVBQW5jaWFzJTIyJTJDJTIyYm9sZCUyMiUzQXRydWUlN0QlMkMlN0IlMjJ0ZXh0JTIyJTNBJTIyJTIwZWwlQzMlQTl0cmljYXMlMjBkbyUyMHRpcG8lMjBjYXJ0dWNoby4lMjBFc3RlJTIwZXF1aXBhbWVudG8lMjBpbm92YWRvciUyMGRlJTIwc29sZGFnZW0lMjBpbmR1c3RyaWFsJTIwaW50ZWdyYSUyMHRlY25vbG9naWElMjBhdmFuJUMzJUE3YWRhJTIwcGFyYSUyMGdhcmFudGlyJTIwYSUyMG0lQzMlQTF4aW1hJTIwcXVhbGlkYWRlJTIwZSUyMGVmaWNpJUMzJUFBbmNpYSUyMG5hJTIwZmFicmljYSVDMyVBNyVDMyVBM28lMjBkZSUyMCUyMiU3RCUyQyU3QiUyMnRleHQlMjIlM0ElMjJyZXNpc3QlQzMlQUFuY2lhcyUyMiUyQyUyMmJvbGQlMjIlM0F0cnVlJTdEJTJDJTdCJTIydGV4dCUyMiUzQSUyMiUyMGRlJTIwY2FydHVjaG8uJTIyJTdEJTVEJTdEJTVE\"><span class=\"\" data-slate-leaf=\"true\"> de cartucho.<\/span><\/span><\/p>\n","protected":false},"featured_media":699,"comment_status":"open","ping_status":"closed","template":"","meta":{"site-sidebar-layout":"default","site-content-layout":"default","ast-global-header-display":"","ast-main-header-display":"","ast-hfb-above-header-display":"","ast-hfb-below-header-display":"","ast-hfb-mobile-header-display":"","site-post-title":"disabled","ast-breadcrumbs-content":"","ast-featured-img":"","footer-sml-layout":"","theme-transparent-header-meta":"default","adv-header-id-meta":"","stick-header-meta":"","header-above-stick-meta":"","header-main-stick-meta":"","header-below-stick-meta":""},"product_brand":[],"product_cat":[36,17],"product_tag":[],"class_list":{"0":"post-698","1":"product","2":"type-product","3":"status-publish","4":"has-post-thumbnail","6":"product_cat-maquinas-de-solda","7":"product_cat-maquinas","9":"first","10":"instock","11":"shipping-taxable","12":"product-type-simple"},"_links":{"self":[{"href":"https:\/\/www.heatecx.com\/pt\/wp-json\/wp\/v2\/product\/698","targetHints":{"allow":["GET"]}}],"collection":[{"href":"https:\/\/www.heatecx.com\/pt\/wp-json\/wp\/v2\/product"}],"about":[{"href":"https:\/\/www.heatecx.com\/pt\/wp-json\/wp\/v2\/types\/product"}],"replies":[{"embeddable":true,"href":"https:\/\/www.heatecx.com\/pt\/wp-json\/wp\/v2\/comments?post=698"}],"wp:featuredmedia":[{"embeddable":true,"href":"https:\/\/www.heatecx.com\/pt\/wp-json\/wp\/v2\/media\/699"}],"wp:attachment":[{"href":"https:\/\/www.heatecx.com\/pt\/wp-json\/wp\/v2\/media?parent=698"}],"wp:term":[{"taxonomy":"product_brand","embeddable":true,"href":"https:\/\/www.heatecx.com\/pt\/wp-json\/wp\/v2\/product_brand?post=698"},{"taxonomy":"product_cat","embeddable":true,"href":"https:\/\/www.heatecx.com\/pt\/wp-json\/wp\/v2\/product_cat?post=698"},{"taxonomy":"product_tag","embeddable":true,"href":"https:\/\/www.heatecx.com\/pt\/wp-json\/wp\/v2\/product_tag?post=698"}],"curies":[{"name":"wp","href":"https:\/\/api.w.org\/{rel}","templated":true}]}}