{"id":703,"date":"2026-03-19T06:36:32","date_gmt":"2026-03-19T06:36:32","guid":{"rendered":"https:\/\/www.heatecx.com\/pt\/?post_type=product&#038;p=703"},"modified":"2026-03-19T06:39:27","modified_gmt":"2026-03-19T06:39:27","slug":"maquina-de-enrolamento-de-aletas-para-resistencias-tubulares-st-02","status":"publish","type":"product","link":"https:\/\/www.heatecx.com\/pt\/producto\/maquina-de-enrolamento-de-aletas-para-resistencias-tubulares-st-02\/","title":{"rendered":"M\u00e1quina de Enrolamento de Aletas para Resist\u00eancias Tubulares ST-02"},"content":{"rendered":"<p><span data-slate-node=\"text\"><span class=\"\" data-slate-leaf=\"true\">A ST-02 destaca-se como uma m\u00e1quina de enrolamento de aletas l\u00edder de mercado, oferecendo uma solu\u00e7\u00e3o robusta e de alto desempenho para a produ\u00e7\u00e3o de <\/span><\/span><span data-slate-node=\"text\"><span class=\"font-[600]\" data-slate-leaf=\"true\">resist\u00eancias<\/span><\/span><span data-slate-node=\"text\"><span class=\"\" data-slate-leaf=\"true\"> tubulares aletadas. Seu design compacto e interface intuitiva tornam-na acess\u00edvel mesmo para operadores com experi\u00eancia limitada, enquanto sua precis\u00e3o milim\u00e9trica garante a qualidade consistente das aletas de <\/span><\/span><span data-slate-node=\"text\"><span class=\"font-[600]\" data-slate-leaf=\"true\">resist\u00eancias<\/span><\/span><span data-slate-node=\"text\" data-slate-fragment=\"JTVCJTdCJTIydHlwZSUyMiUzQSUyMnAlMjIlMkMlMjJjaGlsZHJlbiUyMiUzQSU1QiU3QiUyMnRleHQlMjIlM0ElMjJBJTIwU1QtMDIlMjBkZXN0YWNhLXNlJTIwY29tbyUyMHVtYSUyMG0lQzMlQTFxdWluYSUyMGRlJTIwZW5yb2xhbWVudG8lMjBkZSUyMGFsZXRhcyUyMGwlQzMlQURkZXIlMjBkZSUyMG1lcmNhZG8lMkMlMjBvZmVyZWNlbmRvJTIwdW1hJTIwc29sdSVDMyVBNyVDMyVBM28lMjByb2J1c3RhJTIwZSUyMGRlJTIwYWx0byUyMGRlc2VtcGVuaG8lMjBwYXJhJTIwYSUyMHByb2R1JUMzJUE3JUMzJUEzbyUyMGRlJTIwJTIyJTdEJTJDJTdCJTIydGV4dCUyMiUzQSUyMnJlc2lzdCVDMyVBQW5jaWFzJTIyJTJDJTIyYm9sZCUyMiUzQXRydWUlN0QlMkMlN0IlMjJ0ZXh0JTIyJTNBJTIyJTIwdHVidWxhcmVzJTIwYWxldGFkYXMuJTIwU2V1JTIwZGVzaWduJTIwY29tcGFjdG8lMjBlJTIwaW50ZXJmYWNlJTIwaW50dWl0aXZhJTIwdG9ybmFtLW5hJTIwYWNlc3MlQzMlQUR2ZWwlMjBtZXNtbyUyMHBhcmElMjBvcGVyYWRvcmVzJTIwY29tJTIwZXhwZXJpJUMzJUFBbmNpYSUyMGxpbWl0YWRhJTJDJTIwZW5xdWFudG8lMjBzdWElMjBwcmVjaXMlQzMlQTNvJTIwbWlsaW0lQzMlQTl0cmljYSUyMGdhcmFudGUlMjBhJTIwcXVhbGlkYWRlJTIwY29uc2lzdGVudGUlMjBkYXMlMjBhbGV0YXMlMjBkZSUyMCUyMiU3RCUyQyU3QiUyMnRleHQlMjIlM0ElMjJyZXNpc3QlQzMlQUFuY2lhcyUyMiUyQyUyMmJvbGQlMjIlM0F0cnVlJTdEJTJDJTdCJTIydGV4dCUyMiUzQSUyMiUyMHR1YnVsYXJlcy4lMjBFc3RhJTIwbSVDMyVBMXF1aW5hJTIwZGUlMjBhbGV0YW1lbnRvJTIwbiVDMyVBM28lMjBhcGVuYXMlMjBhY2VsZXJhJTIwbyUyMHByb2Nlc3NvJTIwZGUlMjBmYWJyaWNhJUMzJUE3JUMzJUEzbyUyQyUyMG1hcyUyMHRhbWIlQzMlQTltJTIwcmVkdXolMjBvcyUyMGN1c3RvcyUyMG9wZXJhY2lvbmFpcyUyMGRlJTIwbG9uZ28lMjBwcmF6byUyQyUyMHRvcm5hbmRvLXNlJTIwdW0lMjBpbnZlc3RpbWVudG8lMjBlc3RyYXQlQzMlQTlnaWNvJTIwcGFyYSUyMHF1YWxxdWVyJTIwZW1wcmVzYSUyMGRlZGljYWRhJTIwJUMzJUEwJTIwZmFicmljYSVDMyVBNyVDMyVBM28lMjBkZSUyMGVsZW1lbnRvcyUyMGRlJTIwYXF1ZWNpbWVudG8lMjBlbCVDMyVBOXRyaWNvLiUyMiU3RCU1RCU3RCU1RA==\"><span class=\"\" data-slate-leaf=\"true\"> tubulares. Esta m\u00e1quina de aletamento n\u00e3o apenas acelera o processo de fabrica\u00e7\u00e3o, mas tamb\u00e9m reduz os custos operacionais de longo prazo, tornando-se um investimento estrat\u00e9gico para qualquer empresa dedicada \u00e0 fabrica\u00e7\u00e3o de elementos de aquecimento el\u00e9trico.<\/span><\/span><\/p>\n","protected":false},"excerpt":{"rendered":"<p><span data-slate-node=\"text\"><span class=\"\" data-slate-leaf=\"true\">A ST-02 destaca-se como uma m\u00e1quina de enrolamento de aletas l\u00edder de mercado, oferecendo uma solu\u00e7\u00e3o robusta e de alto desempenho para a produ\u00e7\u00e3o de <\/span><\/span><span data-slate-node=\"text\"><span class=\"font-[600]\" data-slate-leaf=\"true\">resist\u00eancias<\/span><\/span><span data-slate-node=\"text\"><span class=\"\" data-slate-leaf=\"true\"> tubulares aletadas. Seu design compacto e interface intuitiva tornam-na acess\u00edvel mesmo para operadores com experi\u00eancia limitada, enquanto sua precis\u00e3o milim\u00e9trica garante a qualidade consistente das aletas de <\/span><\/span><span data-slate-node=\"text\"><span class=\"font-[600]\" data-slate-leaf=\"true\">resist\u00eancias<\/span><\/span><span data-slate-node=\"text\" data-slate-fragment=\"JTVCJTdCJTIydHlwZSUyMiUzQSUyMnAlMjIlMkMlMjJjaGlsZHJlbiUyMiUzQSU1QiU3QiUyMnRleHQlMjIlM0ElMjJBJTIwU1QtMDIlMjBkZXN0YWNhLXNlJTIwY29tbyUyMHVtYSUyMG0lQzMlQTFxdWluYSUyMGRlJTIwZW5yb2xhbWVudG8lMjBkZSUyMGFsZXRhcyUyMGwlQzMlQURkZXIlMjBkZSUyMG1lcmNhZG8lMkMlMjBvZmVyZWNlbmRvJTIwdW1hJTIwc29sdSVDMyVBNyVDMyVBM28lMjByb2J1c3RhJTIwZSUyMGRlJTIwYWx0byUyMGRlc2VtcGVuaG8lMjBwYXJhJTIwYSUyMHByb2R1JUMzJUE3JUMzJUEzbyUyMGRlJTIwJTIyJTdEJTJDJTdCJTIydGV4dCUyMiUzQSUyMnJlc2lzdCVDMyVBQW5jaWFzJTIyJTJDJTIyYm9sZCUyMiUzQXRydWUlN0QlMkMlN0IlMjJ0ZXh0JTIyJTNBJTIyJTIwdHVidWxhcmVzJTIwYWxldGFkYXMuJTIwU2V1JTIwZGVzaWduJTIwY29tcGFjdG8lMjBlJTIwaW50ZXJmYWNlJTIwaW50dWl0aXZhJTIwdG9ybmFtLW5hJTIwYWNlc3MlQzMlQUR2ZWwlMjBtZXNtbyUyMHBhcmElMjBvcGVyYWRvcmVzJTIwY29tJTIwZXhwZXJpJUMzJUFBbmNpYSUyMGxpbWl0YWRhJTJDJTIwZW5xdWFudG8lMjBzdWElMjBwcmVjaXMlQzMlQTNvJTIwbWlsaW0lQzMlQTl0cmljYSUyMGdhcmFudGUlMjBhJTIwcXVhbGlkYWRlJTIwY29uc2lzdGVudGUlMjBkYXMlMjBhbGV0YXMlMjBkZSUyMCUyMiU3RCUyQyU3QiUyMnRleHQlMjIlM0ElMjJyZXNpc3QlQzMlQUFuY2lhcyUyMiUyQyUyMmJvbGQlMjIlM0F0cnVlJTdEJTJDJTdCJTIydGV4dCUyMiUzQSUyMiUyMHR1YnVsYXJlcy4lMjBFc3RhJTIwbSVDMyVBMXF1aW5hJTIwZGUlMjBhbGV0YW1lbnRvJTIwbiVDMyVBM28lMjBhcGVuYXMlMjBhY2VsZXJhJTIwbyUyMHByb2Nlc3NvJTIwZGUlMjBmYWJyaWNhJUMzJUE3JUMzJUEzbyUyQyUyMG1hcyUyMHRhbWIlQzMlQTltJTIwcmVkdXolMjBvcyUyMGN1c3RvcyUyMG9wZXJhY2lvbmFpcyUyMGRlJTIwbG9uZ28lMjBwcmF6byUyQyUyMHRvcm5hbmRvLXNlJTIwdW0lMjBpbnZlc3RpbWVudG8lMjBlc3RyYXQlQzMlQTlnaWNvJTIwcGFyYSUyMHF1YWxxdWVyJTIwZW1wcmVzYSUyMGRlZGljYWRhJTIwJUMzJUEwJTIwZmFicmljYSVDMyVBNyVDMyVBM28lMjBkZSUyMGVsZW1lbnRvcyUyMGRlJTIwYXF1ZWNpbWVudG8lMjBlbCVDMyVBOXRyaWNvLiUyMiU3RCU1RCU3RCU1RA==\"><span class=\"\" data-slate-leaf=\"true\"> tubulares. Esta m\u00e1quina de aletamento n\u00e3o apenas acelera o processo de fabrica\u00e7\u00e3o, mas tamb\u00e9m reduz os custos operacionais de longo prazo, tornando-se um investimento estrat\u00e9gico para qualquer empresa dedicada \u00e0 fabrica\u00e7\u00e3o de elementos de aquecimento el\u00e9trico.<\/span><\/span><\/p>\n","protected":false},"featured_media":704,"comment_status":"open","ping_status":"closed","template":"","meta":{"site-sidebar-layout":"default","site-content-layout":"default","ast-global-header-display":"","ast-main-header-display":"","ast-hfb-above-header-display":"","ast-hfb-below-header-display":"","ast-hfb-mobile-header-display":"","site-post-title":"disabled","ast-breadcrumbs-content":"","ast-featured-img":"","footer-sml-layout":"","theme-transparent-header-meta":"default","adv-header-id-meta":"","stick-header-meta":"","header-above-stick-meta":"","header-main-stick-meta":"","header-below-stick-meta":""},"product_brand":[],"product_cat":[36,17],"product_tag":[],"class_list":{"0":"post-703","1":"product","2":"type-product","3":"status-publish","4":"has-post-thumbnail","6":"product_cat-maquinas-de-solda","7":"product_cat-maquinas","9":"first","10":"instock","11":"shipping-taxable","12":"product-type-simple"},"_links":{"self":[{"href":"https:\/\/www.heatecx.com\/pt\/wp-json\/wp\/v2\/product\/703","targetHints":{"allow":["GET"]}}],"collection":[{"href":"https:\/\/www.heatecx.com\/pt\/wp-json\/wp\/v2\/product"}],"about":[{"href":"https:\/\/www.heatecx.com\/pt\/wp-json\/wp\/v2\/types\/product"}],"replies":[{"embeddable":true,"href":"https:\/\/www.heatecx.com\/pt\/wp-json\/wp\/v2\/comments?post=703"}],"wp:featuredmedia":[{"embeddable":true,"href":"https:\/\/www.heatecx.com\/pt\/wp-json\/wp\/v2\/media\/704"}],"wp:attachment":[{"href":"https:\/\/www.heatecx.com\/pt\/wp-json\/wp\/v2\/media?parent=703"}],"wp:term":[{"taxonomy":"product_brand","embeddable":true,"href":"https:\/\/www.heatecx.com\/pt\/wp-json\/wp\/v2\/product_brand?post=703"},{"taxonomy":"product_cat","embeddable":true,"href":"https:\/\/www.heatecx.com\/pt\/wp-json\/wp\/v2\/product_cat?post=703"},{"taxonomy":"product_tag","embeddable":true,"href":"https:\/\/www.heatecx.com\/pt\/wp-json\/wp\/v2\/product_tag?post=703"}],"curies":[{"name":"wp","href":"https:\/\/api.w.org\/{rel}","templated":true}]}}