{"id":738,"date":"2026-03-19T23:02:48","date_gmt":"2026-03-19T23:02:48","guid":{"rendered":"https:\/\/www.heatecx.com\/pt\/?post_type=product&#038;p=738"},"modified":"2026-03-19T23:02:48","modified_gmt":"2026-03-19T23:02:48","slug":"prensa-de-vulcanizacao-maquina-de-moldagem-por-injecao-vr-100t","status":"publish","type":"product","link":"https:\/\/www.heatecx.com\/pt\/producto\/prensa-de-vulcanizacao-maquina-de-moldagem-por-injecao-vr-100t\/","title":{"rendered":"Prensa de Vulcaniza\u00e7\u00e3o | M\u00e1quina de Moldagem por Inje\u00e7\u00e3o VR-100T"},"content":{"rendered":"<p><span data-slate-fragment=\"JTVCJTdCJTIydHlwZSUyMiUzQSUyMnAlMjIlMkMlMjJjaGlsZHJlbiUyMiUzQSU1QiU3QiUyMnRleHQlMjIlM0ElMjJBJTIwTSVDMyVBMXF1aW5hJTIwZGUlMjBWdWxjYW5pemElQzMlQTclQzMlQTNvJTIwcG9yJTIwSW5qZSVDMyVBNyVDMyVBM28lMjBWUi0xMDBUJTIwJUMzJUE5JTIwdW0lMjBlcXVpcGFtZW50byUyMGRlJTIwJUMzJUJBbHRpbWElMjBnZXJhJUMzJUE3JUMzJUEzbyUyMHByb2pldGFkbyUyMHBhcmElMjBtb2xkYWdlbSUyMHBvciUyMGluamUlQzMlQTclQzMlQTNvJTIwZGUlMjBib3JyYWNoYSUyMGRlJTIwYWx0YSUyMHByZWNpcyVDMyVBM28lMkMlMjBtb2xkYWdlbSUyMGRlJTIwYmFxdWVsaXRlJTIwZSUyMGFwbGljYSVDMyVBNyVDMyVCNWVzJTIwZGUlMjBjb21wb3N0byUyMGRlJTIwbW9sZGFnZW0lMjBkZSUyMHBsJUMzJUExc3RpY28lMjAoUE1DKS4lMjBFc3RhJTIwcHJlbnNhJTIwZGUlMjB2dWxjYW5pemElQzMlQTclQzMlQTNvJTIwJUMzJUE5JTIwaWRlYWwlMjBwYXJhJTIwcHJvZHV6aXIlMjBjb21wb25lbnRlcyUyMHF1ZSUyMGV4aWdlbSUyMGElMjBtYWlzJTIwYWx0YSUyMHF1YWxpZGFkZSUyQyUyMGZvcm1hcyUyMGludHJpbmNhZGFzJTJDJTIwcGFyZWRlcyUyMGVzcGVzc2FzJTIwZSUyMGElMjBpbnRlZ3JhJUMzJUE3JUMzJUEzbyUyMGRlJTIwaW5zZXJ0b3MuJTIwU2V1JTIwZGVzaWduJTIwYXZhbiVDMyVBN2FkbyUyMGdhcmFudGUlMjBhJTIwdnVsY2FuaXphJUMzJUE3JUMzJUEzbyUyMGRlJTIwcmVzaXN0JUMzJUFBbmNpYXMlMjBlbCVDMyVBOXRyaWNhcyUyMGUlMjBvdXRyb3MlMjBlbGVtZW50b3MlMjBjb20lMjBwcmVjaXMlQzMlQTNvJTIwaW5jb21wYXIlQzMlQTF2ZWwuJTIyJTdEJTVEJTdEJTVE\">A M\u00e1quina de Vulcaniza\u00e7\u00e3o por Inje\u00e7\u00e3o VR-100T \u00e9 um equipamento de \u00faltima gera\u00e7\u00e3o projetado para moldagem por inje\u00e7\u00e3o de borracha de alta precis\u00e3o, moldagem de baquelite e aplica\u00e7\u00f5es de composto de moldagem de pl\u00e1stico (PMC). Esta prensa de vulcaniza\u00e7\u00e3o \u00e9 ideal para produzir componentes que exigem a mais alta qualidade, formas intrincadas, paredes espessas e a integra\u00e7\u00e3o de insertos. Seu design avan\u00e7ado garante a vulcaniza\u00e7\u00e3o de resist\u00eancias el\u00e9tricas e outros elementos com precis\u00e3o incompar\u00e1vel.<\/span><\/p>\n","protected":false},"excerpt":{"rendered":"<p><span data-slate-fragment=\"JTVCJTdCJTIydHlwZSUyMiUzQSUyMnAlMjIlMkMlMjJjaGlsZHJlbiUyMiUzQSU1QiU3QiUyMnRleHQlMjIlM0ElMjJBJTIwTSVDMyVBMXF1aW5hJTIwZGUlMjBWdWxjYW5pemElQzMlQTclQzMlQTNvJTIwcG9yJTIwSW5qZSVDMyVBNyVDMyVBM28lMjBWUi0xMDBUJTIwJUMzJUE5JTIwdW0lMjBlcXVpcGFtZW50byUyMGRlJTIwJUMzJUJBbHRpbWElMjBnZXJhJUMzJUE3JUMzJUEzbyUyMHByb2pldGFkbyUyMHBhcmElMjBtb2xkYWdlbSUyMHBvciUyMGluamUlQzMlQTclQzMlQTNvJTIwZGUlMjBib3JyYWNoYSUyMGRlJTIwYWx0YSUyMHByZWNpcyVDMyVBM28lMkMlMjBtb2xkYWdlbSUyMGRlJTIwYmFxdWVsaXRlJTIwZSUyMGFwbGljYSVDMyVBNyVDMyVCNWVzJTIwZGUlMjBjb21wb3N0byUyMGRlJTIwbW9sZGFnZW0lMjBkZSUyMHBsJUMzJUExc3RpY28lMjAoUE1DKS4lMjBFc3RhJTIwcHJlbnNhJTIwZGUlMjB2dWxjYW5pemElQzMlQTclQzMlQTNvJTIwJUMzJUE5JTIwaWRlYWwlMjBwYXJhJTIwcHJvZHV6aXIlMjBjb21wb25lbnRlcyUyMHF1ZSUyMGV4aWdlbSUyMGElMjBtYWlzJTIwYWx0YSUyMHF1YWxpZGFkZSUyQyUyMGZvcm1hcyUyMGludHJpbmNhZGFzJTJDJTIwcGFyZWRlcyUyMGVzcGVzc2FzJTIwZSUyMGElMjBpbnRlZ3JhJUMzJUE3JUMzJUEzbyUyMGRlJTIwaW5zZXJ0b3MuJTIwU2V1JTIwZGVzaWduJTIwYXZhbiVDMyVBN2FkbyUyMGdhcmFudGUlMjBhJTIwdnVsY2FuaXphJUMzJUE3JUMzJUEzbyUyMGRlJTIwcmVzaXN0JUMzJUFBbmNpYXMlMjBlbCVDMyVBOXRyaWNhcyUyMGUlMjBvdXRyb3MlMjBlbGVtZW50b3MlMjBjb20lMjBwcmVjaXMlQzMlQTNvJTIwaW5jb21wYXIlQzMlQTF2ZWwuJTIyJTdEJTVEJTdEJTVE\">A M\u00e1quina de Vulcaniza\u00e7\u00e3o por Inje\u00e7\u00e3o VR-100T \u00e9 um equipamento de \u00faltima gera\u00e7\u00e3o projetado para moldagem por inje\u00e7\u00e3o de borracha de alta precis\u00e3o, moldagem de baquelite e aplica\u00e7\u00f5es de composto de moldagem de pl\u00e1stico (PMC). Esta prensa de vulcaniza\u00e7\u00e3o \u00e9 ideal para produzir componentes que exigem a mais alta qualidade, formas intrincadas, paredes espessas e a integra\u00e7\u00e3o de insertos. Seu design avan\u00e7ado garante a vulcaniza\u00e7\u00e3o de resist\u00eancias el\u00e9tricas e outros elementos com precis\u00e3o incompar\u00e1vel.<\/span><\/p>\n","protected":false},"featured_media":739,"comment_status":"open","ping_status":"closed","template":"","meta":{"site-sidebar-layout":"default","site-content-layout":"default","ast-global-header-display":"","ast-main-header-display":"","ast-hfb-above-header-display":"","ast-hfb-below-header-display":"","ast-hfb-mobile-header-display":"","site-post-title":"disabled","ast-breadcrumbs-content":"","ast-featured-img":"","footer-sml-layout":"","theme-transparent-header-meta":"default","adv-header-id-meta":"","stick-header-meta":"","header-above-stick-meta":"","header-main-stick-meta":"","header-below-stick-meta":""},"product_brand":[],"product_cat":[42,17],"product_tag":[],"class_list":{"0":"post-738","1":"product","2":"type-product","3":"status-publish","4":"has-post-thumbnail","6":"product_cat-maquinas-de-vulcanizacao","7":"product_cat-maquinas","9":"first","10":"instock","11":"shipping-taxable","12":"product-type-simple"},"_links":{"self":[{"href":"https:\/\/www.heatecx.com\/pt\/wp-json\/wp\/v2\/product\/738","targetHints":{"allow":["GET"]}}],"collection":[{"href":"https:\/\/www.heatecx.com\/pt\/wp-json\/wp\/v2\/product"}],"about":[{"href":"https:\/\/www.heatecx.com\/pt\/wp-json\/wp\/v2\/types\/product"}],"replies":[{"embeddable":true,"href":"https:\/\/www.heatecx.com\/pt\/wp-json\/wp\/v2\/comments?post=738"}],"wp:featuredmedia":[{"embeddable":true,"href":"https:\/\/www.heatecx.com\/pt\/wp-json\/wp\/v2\/media\/739"}],"wp:attachment":[{"href":"https:\/\/www.heatecx.com\/pt\/wp-json\/wp\/v2\/media?parent=738"}],"wp:term":[{"taxonomy":"product_brand","embeddable":true,"href":"https:\/\/www.heatecx.com\/pt\/wp-json\/wp\/v2\/product_brand?post=738"},{"taxonomy":"product_cat","embeddable":true,"href":"https:\/\/www.heatecx.com\/pt\/wp-json\/wp\/v2\/product_cat?post=738"},{"taxonomy":"product_tag","embeddable":true,"href":"https:\/\/www.heatecx.com\/pt\/wp-json\/wp\/v2\/product_tag?post=738"}],"curies":[{"name":"wp","href":"https:\/\/api.w.org\/{rel}","templated":true}]}}