{"id":741,"date":"2026-03-20T01:12:40","date_gmt":"2026-03-20T01:12:40","guid":{"rendered":"https:\/\/www.heatecx.com\/pt\/?post_type=product&#038;p=741"},"modified":"2026-03-20T01:12:40","modified_gmt":"2026-03-20T01:12:40","slug":"elementos-de-aquecimento-de-dissiliceto-de-molibdenio-mosi2","status":"publish","type":"product","link":"https:\/\/www.heatecx.com\/pt\/producto\/elementos-de-aquecimento-de-dissiliceto-de-molibdenio-mosi2\/","title":{"rendered":"Elementos de Aquecimento de Dissiliceto de Molibd\u00eanio (MoSi2)"},"content":{"rendered":"<p><span data-slate-fragment=\"JTVCJTdCJTIydHlwZSUyMiUzQSUyMnAlMjIlMkMlMjJjaGlsZHJlbiUyMiUzQSU1QiU3QiUyMnRleHQlMjIlM0ElMjJPcyUyMGVsZW1lbnRvcyUyMGRlJTIwYXF1ZWNpbWVudG8lMjBkZSUyMGRpc3NpbGljZXRvJTIwZGUlMjBtb2xpYmQlQzMlQUFuaW8lMjAoTW9TaTIpJTIwcyVDMyVBM28lMjByZXNpc3QlQzMlQUFuY2lhcyUyMGF2YW4lQzMlQTdhZGFzJTJDJTIwaWRlYWlzJTIwcGFyYSUyMGFwbGljYSVDMyVBNyVDMyVCNWVzJTIwZW0lMjBmb3Jub3MlMjBkZSUyMGFsdGElMjB0ZW1wZXJhdHVyYSUyMGUlMjBwcm9jZXNzb3MlMjBpbmR1c3RyaWFpcyUyMHF1ZSUyMGV4aWdlbSUyMGNvbmZpYWJpbGlkYWRlJTIwZSUyMGVmaWNpJUMzJUFBbmNpYSUyMGVuZXJnJUMzJUE5dGljYS4lMjBGYWJyaWNhZG9zJTIwYSUyMHBhcnRpciUyMGRlJTIwZGlzc2lsaWNldG8lMjBkZSUyMG1vbGliZCVDMyVBQW5pbyUyQyUyMGVzc2VzJTIwZWxlbWVudG9zJTIwZGVzZW52b2x2ZW0lMjB1bWElMjBjYW1hZGElMjBwcm90ZXRvcmElMjBkZSUyMHZpZHJvJTIwZGUlMjBxdWFydHpvJTIwKFNpTzIpJTIwZW0lMjBhdG1vc2ZlcmFzJTIwb3hpZGFudGVzJTJDJTIwbyUyMHF1ZSUyMGxoZXMlMjBjb25mZXJlJTIwZXhjZXBjaW9uYWwlMjByZXNpc3QlQzMlQUFuY2lhJTIwJUMzJUEwJTIwb3hpZGElQzMlQTclQzMlQTNvJTIwZSUyMHVtYSUyMHZpZGElMjAlQzMlQkF0aWwlMjBwcm9sb25nYWRhLiUyMiU3RCU1RCU3RCU1RA==\">Os elementos de aquecimento de dissiliceto de molibd\u00eanio (MoSi2) s\u00e3o resist\u00eancias avan\u00e7adas, ideais para aplica\u00e7\u00f5es em fornos de alta temperatura e processos industriais que exigem confiabilidade e efici\u00eancia energ\u00e9tica. Fabricados a partir de dissiliceto de molibd\u00eanio, esses elementos desenvolvem uma camada protetora de vidro de quartzo (SiO2) em atmosferas oxidantes, o que lhes confere excepcional resist\u00eancia \u00e0 oxida\u00e7\u00e3o e uma vida \u00fatil prolongada.<\/span><\/p>\n","protected":false},"excerpt":{"rendered":"<p><span data-slate-fragment=\"JTVCJTdCJTIydHlwZSUyMiUzQSUyMnAlMjIlMkMlMjJjaGlsZHJlbiUyMiUzQSU1QiU3QiUyMnRleHQlMjIlM0ElMjJPcyUyMGVsZW1lbnRvcyUyMGRlJTIwYXF1ZWNpbWVudG8lMjBkZSUyMGRpc3NpbGljZXRvJTIwZGUlMjBtb2xpYmQlQzMlQUFuaW8lMjAoTW9TaTIpJTIwcyVDMyVBM28lMjByZXNpc3QlQzMlQUFuY2lhcyUyMGF2YW4lQzMlQTdhZGFzJTJDJTIwaWRlYWlzJTIwcGFyYSUyMGFwbGljYSVDMyVBNyVDMyVCNWVzJTIwZW0lMjBmb3Jub3MlMjBkZSUyMGFsdGElMjB0ZW1wZXJhdHVyYSUyMGUlMjBwcm9jZXNzb3MlMjBpbmR1c3RyaWFpcyUyMHF1ZSUyMGV4aWdlbSUyMGNvbmZpYWJpbGlkYWRlJTIwZSUyMGVmaWNpJUMzJUFBbmNpYSUyMGVuZXJnJUMzJUE5dGljYS4lMjBGYWJyaWNhZG9zJTIwYSUyMHBhcnRpciUyMGRlJTIwZGlzc2lsaWNldG8lMjBkZSUyMG1vbGliZCVDMyVBQW5pbyUyQyUyMGVzc2VzJTIwZWxlbWVudG9zJTIwZGVzZW52b2x2ZW0lMjB1bWElMjBjYW1hZGElMjBwcm90ZXRvcmElMjBkZSUyMHZpZHJvJTIwZGUlMjBxdWFydHpvJTIwKFNpTzIpJTIwZW0lMjBhdG1vc2ZlcmFzJTIwb3hpZGFudGVzJTJDJTIwbyUyMHF1ZSUyMGxoZXMlMjBjb25mZXJlJTIwZXhjZXBjaW9uYWwlMjByZXNpc3QlQzMlQUFuY2lhJTIwJUMzJUEwJTIwb3hpZGElQzMlQTclQzMlQTNvJTIwZSUyMHVtYSUyMHZpZGElMjAlQzMlQkF0aWwlMjBwcm9sb25nYWRhLiUyMiU3RCU1RCU3RCU1RA==\">Os elementos de aquecimento de dissiliceto de molibd\u00eanio (MoSi2) s\u00e3o resist\u00eancias avan\u00e7adas, ideais para aplica\u00e7\u00f5es em fornos de alta temperatura e processos industriais que exigem confiabilidade e efici\u00eancia energ\u00e9tica. Fabricados a partir de dissiliceto de molibd\u00eanio, esses elementos desenvolvem uma camada protetora de vidro de quartzo (SiO2) em atmosferas oxidantes, o que lhes confere excepcional resist\u00eancia \u00e0 oxida\u00e7\u00e3o e uma vida \u00fatil prolongada.<\/span><\/p>\n","protected":false},"featured_media":742,"comment_status":"open","ping_status":"closed","template":"","meta":{"site-sidebar-layout":"default","site-content-layout":"default","ast-global-header-display":"","ast-main-header-display":"","ast-hfb-above-header-display":"","ast-hfb-below-header-display":"","ast-hfb-mobile-header-display":"","site-post-title":"disabled","ast-breadcrumbs-content":"","ast-featured-img":"","footer-sml-layout":"","theme-transparent-header-meta":"default","adv-header-id-meta":"","stick-header-meta":"","header-above-stick-meta":"","header-main-stick-meta":"","header-below-stick-meta":""},"product_brand":[],"product_cat":[25,19],"product_tag":[],"class_list":{"0":"post-741","1":"product","2":"type-product","3":"status-publish","4":"has-post-thumbnail","6":"product_cat-resistencias-silicio-molibdenio","7":"product_cat-resistencias","9":"first","10":"instock","11":"shipping-taxable","12":"product-type-simple"},"_links":{"self":[{"href":"https:\/\/www.heatecx.com\/pt\/wp-json\/wp\/v2\/product\/741","targetHints":{"allow":["GET"]}}],"collection":[{"href":"https:\/\/www.heatecx.com\/pt\/wp-json\/wp\/v2\/product"}],"about":[{"href":"https:\/\/www.heatecx.com\/pt\/wp-json\/wp\/v2\/types\/product"}],"replies":[{"embeddable":true,"href":"https:\/\/www.heatecx.com\/pt\/wp-json\/wp\/v2\/comments?post=741"}],"wp:featuredmedia":[{"embeddable":true,"href":"https:\/\/www.heatecx.com\/pt\/wp-json\/wp\/v2\/media\/742"}],"wp:attachment":[{"href":"https:\/\/www.heatecx.com\/pt\/wp-json\/wp\/v2\/media?parent=741"}],"wp:term":[{"taxonomy":"product_brand","embeddable":true,"href":"https:\/\/www.heatecx.com\/pt\/wp-json\/wp\/v2\/product_brand?post=741"},{"taxonomy":"product_cat","embeddable":true,"href":"https:\/\/www.heatecx.com\/pt\/wp-json\/wp\/v2\/product_cat?post=741"},{"taxonomy":"product_tag","embeddable":true,"href":"https:\/\/www.heatecx.com\/pt\/wp-json\/wp\/v2\/product_tag?post=741"}],"curies":[{"name":"wp","href":"https:\/\/api.w.org\/{rel}","templated":true}]}}