{"id":753,"date":"2026-03-20T01:44:01","date_gmt":"2026-03-20T01:44:01","guid":{"rendered":"https:\/\/www.heatecx.com\/pt\/?post_type=product&#038;p=753"},"modified":"2026-03-20T01:44:01","modified_gmt":"2026-03-20T01:44:01","slug":"resistencias-flexiveis-de-corda-ceramica-scd","status":"publish","type":"product","link":"https:\/\/www.heatecx.com\/pt\/producto\/resistencias-flexiveis-de-corda-ceramica-scd\/","title":{"rendered":"Resist\u00eancias Flex\u00edveis de Corda Cer\u00e2mica (SCD)"},"content":{"rendered":"<p><span data-slate-fragment=\"JTVCJTdCJTIydHlwZSUyMiUzQSUyMnAlMjIlMkMlMjJjaGlsZHJlbiUyMiUzQSU1QiU3QiUyMnRleHQlMjIlM0ElMjJBcyUyMFJlc2lzdCVDMyVBQW5jaWFzJTIwRmxleCVDMyVBRHZlaXMlMjBkZSUyMENvcmRhJTIwQ2VyJUMzJUEybWljYSUyMChTQ0QpJTIwZGElMjBIZWF0ZWN4JTIwcmVwcmVzZW50YW0lMjB1bWElMjBzb2x1JUMzJUE3JUMzJUEzbyUyMGlub3ZhZG9yYSUyMGUlMjBhbHRhbWVudGUlMjBhZGFwdCVDMyVBMXZlbCUyMHBhcmElMjBhcXVlY2ltZW50byUyMGluZHVzdHJpYWwlMkMlMjBlc3BlY2lmaWNhbWVudGUlMjBwcm9qZXRhZGElMjBwYXJhJTIwYW1iaWVudGVzJTIwZGVzYWZpYWRvcmVzLiUyMERlcml2YWRhcyUyMGRhJTIwdGVjbm9sb2dpYSUyMGRlJTIwcmVzaXN0JUMzJUFBbmNpYXMlMjB0aXBvJTIwZXN0ZWlyYSUyQyUyMGVzc2FzJTIwcmVzaXN0JUMzJUFBbmNpYXMlMjBkZSUyMGNvcmRhJTIwY2VyJUMzJUEybWljYSUyMHMlQzMlQTNvJTIwaWRlYWlzJTIwcGFyYSUyMG8lMjB0cmF0YW1lbnRvJTIwdCVDMyVBOXJtaWNvJTIwZGUlMjB0dWJvcyUyQyUyMGp1bnRhcyUyMGRlJTIwdHVib3MlMjBlJTIwY29tcG9uZW50ZXMlMjBjb20lMjBnZW9tZXRyaWFzJTIwY29tcGxleGFzJTIwb3UlMjBlbSUyMGVzcGElQzMlQTdvcyUyMGNvbmZpbmFkb3MlMjBvbmRlJTIwcmVzaXN0JUMzJUFBbmNpYXMlMjB0cmFkaWNpb25haXMlMjBuJUMzJUEzbyUyMHBvZGVtJTIwb3BlcmFyJTIwZWZpY2llbnRlbWVudGUuJTIyJTdEJTVEJTdEJTVE\">As Resist\u00eancias Flex\u00edveis de Corda Cer\u00e2mica (SCD) da Heatecx representam uma solu\u00e7\u00e3o inovadora e altamente adapt\u00e1vel para aquecimento industrial, especificamente projetada para ambientes desafiadores. Derivadas da tecnologia de resist\u00eancias tipo esteira, essas resist\u00eancias de corda cer\u00e2mica s\u00e3o ideais para o tratamento t\u00e9rmico de tubos, juntas de tubos e componentes com geometrias complexas ou em espa\u00e7os confinados onde resist\u00eancias tradicionais n\u00e3o podem operar eficientemente.<\/span><\/p>\n","protected":false},"excerpt":{"rendered":"<p><span data-slate-fragment=\"JTVCJTdCJTIydHlwZSUyMiUzQSUyMnAlMjIlMkMlMjJjaGlsZHJlbiUyMiUzQSU1QiU3QiUyMnRleHQlMjIlM0ElMjJBcyUyMFJlc2lzdCVDMyVBQW5jaWFzJTIwRmxleCVDMyVBRHZlaXMlMjBkZSUyMENvcmRhJTIwQ2VyJUMzJUEybWljYSUyMChTQ0QpJTIwZGElMjBIZWF0ZWN4JTIwcmVwcmVzZW50YW0lMjB1bWElMjBzb2x1JUMzJUE3JUMzJUEzbyUyMGlub3ZhZG9yYSUyMGUlMjBhbHRhbWVudGUlMjBhZGFwdCVDMyVBMXZlbCUyMHBhcmElMjBhcXVlY2ltZW50byUyMGluZHVzdHJpYWwlMkMlMjBlc3BlY2lmaWNhbWVudGUlMjBwcm9qZXRhZGElMjBwYXJhJTIwYW1iaWVudGVzJTIwZGVzYWZpYWRvcmVzLiUyMERlcml2YWRhcyUyMGRhJTIwdGVjbm9sb2dpYSUyMGRlJTIwcmVzaXN0JUMzJUFBbmNpYXMlMjB0aXBvJTIwZXN0ZWlyYSUyQyUyMGVzc2FzJTIwcmVzaXN0JUMzJUFBbmNpYXMlMjBkZSUyMGNvcmRhJTIwY2VyJUMzJUEybWljYSUyMHMlQzMlQTNvJTIwaWRlYWlzJTIwcGFyYSUyMG8lMjB0cmF0YW1lbnRvJTIwdCVDMyVBOXJtaWNvJTIwZGUlMjB0dWJvcyUyQyUyMGp1bnRhcyUyMGRlJTIwdHVib3MlMjBlJTIwY29tcG9uZW50ZXMlMjBjb20lMjBnZW9tZXRyaWFzJTIwY29tcGxleGFzJTIwb3UlMjBlbSUyMGVzcGElQzMlQTdvcyUyMGNvbmZpbmFkb3MlMjBvbmRlJTIwcmVzaXN0JUMzJUFBbmNpYXMlMjB0cmFkaWNpb25haXMlMjBuJUMzJUEzbyUyMHBvZGVtJTIwb3BlcmFyJTIwZWZpY2llbnRlbWVudGUuJTIyJTdEJTVEJTdEJTVE\">As Resist\u00eancias Flex\u00edveis de Corda Cer\u00e2mica (SCD) da Heatecx representam uma solu\u00e7\u00e3o inovadora e altamente adapt\u00e1vel para aquecimento industrial, especificamente projetada para ambientes desafiadores. Derivadas da tecnologia de resist\u00eancias tipo esteira, essas resist\u00eancias de corda cer\u00e2mica s\u00e3o ideais para o tratamento t\u00e9rmico de tubos, juntas de tubos e componentes com geometrias complexas ou em espa\u00e7os confinados onde resist\u00eancias tradicionais n\u00e3o podem operar eficientemente.<\/span><\/p>\n","protected":false},"featured_media":754,"comment_status":"open","ping_status":"closed","template":"","meta":{"site-sidebar-layout":"default","site-content-layout":"default","ast-global-header-display":"","ast-main-header-display":"","ast-hfb-above-header-display":"","ast-hfb-below-header-display":"","ast-hfb-mobile-header-display":"","site-post-title":"disabled","ast-breadcrumbs-content":"","ast-featured-img":"","footer-sml-layout":"","theme-transparent-header-meta":"default","adv-header-id-meta":"","stick-header-meta":"","header-above-stick-meta":"","header-main-stick-meta":"","header-below-stick-meta":""},"product_brand":[],"product_cat":[41,19],"product_tag":[],"class_list":{"0":"post-753","1":"product","2":"type-product","3":"status-publish","4":"has-post-thumbnail","6":"product_cat-resistencia-ceramica-flexivel","7":"product_cat-resistencias","9":"first","10":"instock","11":"shipping-taxable","12":"product-type-simple"},"_links":{"self":[{"href":"https:\/\/www.heatecx.com\/pt\/wp-json\/wp\/v2\/product\/753","targetHints":{"allow":["GET"]}}],"collection":[{"href":"https:\/\/www.heatecx.com\/pt\/wp-json\/wp\/v2\/product"}],"about":[{"href":"https:\/\/www.heatecx.com\/pt\/wp-json\/wp\/v2\/types\/product"}],"replies":[{"embeddable":true,"href":"https:\/\/www.heatecx.com\/pt\/wp-json\/wp\/v2\/comments?post=753"}],"wp:featuredmedia":[{"embeddable":true,"href":"https:\/\/www.heatecx.com\/pt\/wp-json\/wp\/v2\/media\/754"}],"wp:attachment":[{"href":"https:\/\/www.heatecx.com\/pt\/wp-json\/wp\/v2\/media?parent=753"}],"wp:term":[{"taxonomy":"product_brand","embeddable":true,"href":"https:\/\/www.heatecx.com\/pt\/wp-json\/wp\/v2\/product_brand?post=753"},{"taxonomy":"product_cat","embeddable":true,"href":"https:\/\/www.heatecx.com\/pt\/wp-json\/wp\/v2\/product_cat?post=753"},{"taxonomy":"product_tag","embeddable":true,"href":"https:\/\/www.heatecx.com\/pt\/wp-json\/wp\/v2\/product_tag?post=753"}],"curies":[{"name":"wp","href":"https:\/\/api.w.org\/{rel}","templated":true}]}}