{"id":758,"date":"2026-03-20T02:01:04","date_gmt":"2026-03-20T02:01:04","guid":{"rendered":"https:\/\/www.heatecx.com\/pt\/?post_type=product&#038;p=758"},"modified":"2026-03-20T04:49:45","modified_gmt":"2026-03-20T04:49:45","slug":"resistencias-de-pastilha-ceramica-lh-lcd","status":"publish","type":"product","link":"https:\/\/www.heatecx.com\/pt\/producto\/resistencias-de-pastilha-ceramica-lh-lcd\/","title":{"rendered":"Resist\u00eancia Cer\u00e2mica Flex\u00edvel LH-LCD"},"content":{"rendered":"<p><span data-slate-fragment=\"JTVCJTdCJTIydHlwZSUyMiUzQSUyMnAlMjIlMkMlMjJjaGlsZHJlbiUyMiUzQSU1QiU3QiUyMnRleHQlMjIlM0ElMjJBcyUyMHJlc2lzdCVDMyVBQW5jaWFzJTIwZmxleCVDMyVBRHZlaXMlMjBkZSUyMHBhc3RpbGhhJTIwY2VyJUMzJUEybWljYSUyMEhlYXRlY3glMjBzJUMzJUEzbyUyMHNvbHUlQzMlQTclQzMlQjVlcyUyMGRlJTIwYXF1ZWNpbWVudG8lMjBpbmR1c3RyaWFsJTIwZGUlMjBwb250YSUyQyUyMHByb2pldGFkYXMlMjBwYXJhJTIwb2ZlcmVjZXIlMjBkZXNlbXBlbmhvJTIwZXhjZXBjaW9uYWwlMjBlbSUyMHVtYSUyMGFtcGxhJTIwZ2FtYSUyMGRlJTIwYXBsaWNhJUMzJUE3JUMzJUI1ZXMlMjBkZSUyMHRyYXRhbWVudG8lMjB0JUMzJUE5cm1pY28uJTIwRmFicmljYWRhcyUyMGNvbSUyMGVsZW1lbnRvcyUyMGRlJTIwYXF1ZWNpbWVudG8lMjBkZSUyMGxpZ2ElMjBkZSUyMG4lQzMlQURxdWVsLWNyb21vJTIwKE5pQ3IpJTIwZGUlMjBhbHRhJTIwcXVhbGlkYWRlJTIwZSUyMGlzb2xhZGFzJTIwY29tJTIwY29tcG9uZW50ZXMlMjBjZXIlQzMlQTJtaWNvcyUyMGRlJTIwYWx1bWluYSUyMGRlJTIwYWx0YSUyMHB1cmV6YSUyQyUyMGVzc2FzJTIwcmVzaXN0JUMzJUFBbmNpYXMlMjBkZSUyMHBhc3RpbGhhJTIwY2VyJUMzJUEybWljYSUyMGdhcmFudGVtJTIwdW0lMjBhcXVlY2ltZW50byUyMHVuaWZvcm1lJTIwZSUyMGVmaWNpZW50ZS4lMjIlN0QlNUQlN0QlNUQ=\">As resist\u00eancias flex\u00edveis de pastilha cer\u00e2mica Heatecx s\u00e3o solu\u00e7\u00f5es de aquecimento industrial de ponta, projetadas para oferecer desempenho excepcional em uma ampla gama de aplica\u00e7\u00f5es de tratamento t\u00e9rmico. Fabricadas com elementos de aquecimento de liga de n\u00edquel-cromo (NiCr) de alta qualidade e isoladas com componentes cer\u00e2micos de alumina de alta pureza, essas resist\u00eancias de pastilha cer\u00e2mica garantem um aquecimento uniforme e eficiente.<\/span><\/p>\n","protected":false},"excerpt":{"rendered":"<p><span data-slate-fragment=\"JTVCJTdCJTIydHlwZSUyMiUzQSUyMnAlMjIlMkMlMjJjaGlsZHJlbiUyMiUzQSU1QiU3QiUyMnRleHQlMjIlM0ElMjJBcyUyMHJlc2lzdCVDMyVBQW5jaWFzJTIwZmxleCVDMyVBRHZlaXMlMjBkZSUyMHBhc3RpbGhhJTIwY2VyJUMzJUEybWljYSUyMEhlYXRlY3glMjBzJUMzJUEzbyUyMHNvbHUlQzMlQTclQzMlQjVlcyUyMGRlJTIwYXF1ZWNpbWVudG8lMjBpbmR1c3RyaWFsJTIwZGUlMjBwb250YSUyQyUyMHByb2pldGFkYXMlMjBwYXJhJTIwb2ZlcmVjZXIlMjBkZXNlbXBlbmhvJTIwZXhjZXBjaW9uYWwlMjBlbSUyMHVtYSUyMGFtcGxhJTIwZ2FtYSUyMGRlJTIwYXBsaWNhJUMzJUE3JUMzJUI1ZXMlMjBkZSUyMHRyYXRhbWVudG8lMjB0JUMzJUE5cm1pY28uJTIwRmFicmljYWRhcyUyMGNvbSUyMGVsZW1lbnRvcyUyMGRlJTIwYXF1ZWNpbWVudG8lMjBkZSUyMGxpZ2ElMjBkZSUyMG4lQzMlQURxdWVsLWNyb21vJTIwKE5pQ3IpJTIwZGUlMjBhbHRhJTIwcXVhbGlkYWRlJTIwZSUyMGlzb2xhZGFzJTIwY29tJTIwY29tcG9uZW50ZXMlMjBjZXIlQzMlQTJtaWNvcyUyMGRlJTIwYWx1bWluYSUyMGRlJTIwYWx0YSUyMHB1cmV6YSUyQyUyMGVzc2FzJTIwcmVzaXN0JUMzJUFBbmNpYXMlMjBkZSUyMHBhc3RpbGhhJTIwY2VyJUMzJUEybWljYSUyMGdhcmFudGVtJTIwdW0lMjBhcXVlY2ltZW50byUyMHVuaWZvcm1lJTIwZSUyMGVmaWNpZW50ZS4lMjIlN0QlNUQlN0QlNUQ=\">As resist\u00eancias flex\u00edveis de pastilha cer\u00e2mica Heatecx s\u00e3o solu\u00e7\u00f5es de aquecimento industrial de ponta, projetadas para oferecer desempenho excepcional em uma ampla gama de aplica\u00e7\u00f5es de tratamento t\u00e9rmico. Fabricadas com elementos de aquecimento de liga de n\u00edquel-cromo (NiCr) de alta qualidade e isoladas com componentes cer\u00e2micos de alumina de alta pureza, essas resist\u00eancias de pastilha cer\u00e2mica garantem um aquecimento uniforme e eficiente.<\/span><\/p>\n","protected":false},"featured_media":759,"comment_status":"open","ping_status":"closed","template":"","meta":{"site-sidebar-layout":"default","site-content-layout":"default","ast-global-header-display":"","ast-main-header-display":"","ast-hfb-above-header-display":"","ast-hfb-below-header-display":"","ast-hfb-mobile-header-display":"","site-post-title":"disabled","ast-breadcrumbs-content":"","ast-featured-img":"","footer-sml-layout":"","theme-transparent-header-meta":"default","adv-header-id-meta":"","stick-header-meta":"","header-above-stick-meta":"","header-main-stick-meta":"","header-below-stick-meta":""},"product_brand":[],"product_cat":[41,19],"product_tag":[],"class_list":{"0":"post-758","1":"product","2":"type-product","3":"status-publish","4":"has-post-thumbnail","6":"product_cat-resistencia-ceramica-flexivel","7":"product_cat-resistencias","9":"first","10":"instock","11":"shipping-taxable","12":"product-type-simple"},"_links":{"self":[{"href":"https:\/\/www.heatecx.com\/pt\/wp-json\/wp\/v2\/product\/758","targetHints":{"allow":["GET"]}}],"collection":[{"href":"https:\/\/www.heatecx.com\/pt\/wp-json\/wp\/v2\/product"}],"about":[{"href":"https:\/\/www.heatecx.com\/pt\/wp-json\/wp\/v2\/types\/product"}],"replies":[{"embeddable":true,"href":"https:\/\/www.heatecx.com\/pt\/wp-json\/wp\/v2\/comments?post=758"}],"wp:featuredmedia":[{"embeddable":true,"href":"https:\/\/www.heatecx.com\/pt\/wp-json\/wp\/v2\/media\/759"}],"wp:attachment":[{"href":"https:\/\/www.heatecx.com\/pt\/wp-json\/wp\/v2\/media?parent=758"}],"wp:term":[{"taxonomy":"product_brand","embeddable":true,"href":"https:\/\/www.heatecx.com\/pt\/wp-json\/wp\/v2\/product_brand?post=758"},{"taxonomy":"product_cat","embeddable":true,"href":"https:\/\/www.heatecx.com\/pt\/wp-json\/wp\/v2\/product_cat?post=758"},{"taxonomy":"product_tag","embeddable":true,"href":"https:\/\/www.heatecx.com\/pt\/wp-json\/wp\/v2\/product_tag?post=758"}],"curies":[{"name":"wp","href":"https:\/\/api.w.org\/{rel}","templated":true}]}}