{"id":765,"date":"2026-03-20T02:19:28","date_gmt":"2026-03-20T02:19:28","guid":{"rendered":"https:\/\/www.heatecx.com\/pt\/?post_type=product&#038;p=765"},"modified":"2026-04-03T02:55:45","modified_gmt":"2026-04-03T02:55:45","slug":"lampadas-e-resistencias-infravermelhas-de-quartzo","status":"publish","type":"product","link":"https:\/\/www.heatecx.com\/pt\/producto\/lampadas-e-resistencias-infravermelhas-de-quartzo\/","title":{"rendered":"L\u00e2mpadas e Resist\u00eancias Infravermelhas de Quartzo"},"content":{"rendered":"<p><span data-slate-fragment=\"JTVCJTdCJTIydHlwZSUyMiUzQSUyMnAlMjIlMkMlMjJjaGlsZHJlbiUyMiUzQSU1QiU3QiUyMnRleHQlMjIlM0ElMjJOb3NzYXMlMjBSZXNpc3QlQzMlQUFuY2lhcyUyMEluZnJhdmVybWVsaGFzJTIwZGUlMjBRdWFydHpvJTIwcyVDMyVBM28lMjBtZXRpY3Vsb3NhbWVudGUlMjBlbGFib3JhZGFzJTIwdXRpbGl6YW5kbyUyMHR1Ym9zJTIwZGUlMjBzJUMzJUFEbGljYSUyMGZ1bmRpZGElMjBkZSUyMGFsdGElMjBwdXJlemElMjAoOTkuOSUyNSUyMFNpTzIpJTJDJTIwZ2FyYW50aW5kbyUyMHRyYW5zcGFyJUMzJUFBbmNpYSUyMGV4Y2VwY2lvbmFsJTIwJUMzJUEwcyUyMG9uZGFzJTIwaW5mcmF2ZXJtZWxoYXMlMjBlJTIwcmVzaXN0JUMzJUFBbmNpYSUyMGluaWd1YWwlQzMlQTF2ZWwlMjBhbyUyMGNob3F1ZSUyMHQlQzMlQTlybWljby4lMjBDYWRhJTIwUmVzaXN0JUMzJUFBbmNpYSUyMGRlJTIwQXF1ZWNpbWVudG8lMjBkZSUyMFF1YXJ0em8lMjAlQzMlQTklMjBwcm9qZXRhZGElMjBwYXJhJTIwb3BlcmElQzMlQTclQzMlQTNvJTIwZW0lMjBjb25kaSVDMyVBNyVDMyVCNWVzJTIwZXh0cmVtYXMlMkMlMjBtYW50ZW5kbyUyMGVzdGFiaWxpZGFkZSUyMGRpbWVuc2lvbmFsJTIwZSUyMHQlQzMlQTlybWljYSUyMHF1ZSUyMHByb2xvbmdhJTIwc2lnbmlmaWNhdGl2YW1lbnRlJTIwYSUyMHZpZGElMjAlQzMlQkF0aWwlMjBkbyUyMGVxdWlwYW1lbnRvLiUyMiU3RCU1RCU3RCU1RA==\">Nossas Resist\u00eancias Infravermelhas de Quartzo s\u00e3o meticulosamente elaboradas utilizando tubos de s\u00edlica fundida de alta pureza (99.9% SiO2), garantindo transpar\u00eancia excepcional \u00e0s ondas infravermelhas e resist\u00eancia inigual\u00e1vel ao choque t\u00e9rmico. Cada Resist\u00eancia de Aquecimento de Quartzo \u00e9 projetada para opera\u00e7\u00e3o em condi\u00e7\u00f5es extremas, mantendo estabilidade dimensional e t\u00e9rmica que prolonga significativamente a vida \u00fatil do equipamento.<\/span><\/p>\n","protected":false},"excerpt":{"rendered":"<p><span data-slate-fragment=\"JTVCJTdCJTIydHlwZSUyMiUzQSUyMnAlMjIlMkMlMjJjaGlsZHJlbiUyMiUzQSU1QiU3QiUyMnRleHQlMjIlM0ElMjJOb3NzYXMlMjBSZXNpc3QlQzMlQUFuY2lhcyUyMEluZnJhdmVybWVsaGFzJTIwZGUlMjBRdWFydHpvJTIwcyVDMyVBM28lMjBtZXRpY3Vsb3NhbWVudGUlMjBlbGFib3JhZGFzJTIwdXRpbGl6YW5kbyUyMHR1Ym9zJTIwZGUlMjBzJUMzJUFEbGljYSUyMGZ1bmRpZGElMjBkZSUyMGFsdGElMjBwdXJlemElMjAoOTkuOSUyNSUyMFNpTzIpJTJDJTIwZ2FyYW50aW5kbyUyMHRyYW5zcGFyJUMzJUFBbmNpYSUyMGV4Y2VwY2lvbmFsJTIwJUMzJUEwcyUyMG9uZGFzJTIwaW5mcmF2ZXJtZWxoYXMlMjBlJTIwcmVzaXN0JUMzJUFBbmNpYSUyMGluaWd1YWwlQzMlQTF2ZWwlMjBhbyUyMGNob3F1ZSUyMHQlQzMlQTlybWljby4lMjBDYWRhJTIwUmVzaXN0JUMzJUFBbmNpYSUyMGRlJTIwQXF1ZWNpbWVudG8lMjBkZSUyMFF1YXJ0em8lMjAlQzMlQTklMjBwcm9qZXRhZGElMjBwYXJhJTIwb3BlcmElQzMlQTclQzMlQTNvJTIwZW0lMjBjb25kaSVDMyVBNyVDMyVCNWVzJTIwZXh0cmVtYXMlMkMlMjBtYW50ZW5kbyUyMGVzdGFiaWxpZGFkZSUyMGRpbWVuc2lvbmFsJTIwZSUyMHQlQzMlQTlybWljYSUyMHF1ZSUyMHByb2xvbmdhJTIwc2lnbmlmaWNhdGl2YW1lbnRlJTIwYSUyMHZpZGElMjAlQzMlQkF0aWwlMjBkbyUyMGVxdWlwYW1lbnRvLiUyMiU3RCU1RCU3RCU1RA==\">Nossas Resist\u00eancias Infravermelhas de Quartzo s\u00e3o meticulosamente elaboradas utilizando tubos de s\u00edlica fundida de alta pureza (99.9% SiO2), garantindo transpar\u00eancia excepcional \u00e0s ondas infravermelhas e resist\u00eancia inigual\u00e1vel ao choque t\u00e9rmico. Cada Resist\u00eancia de Aquecimento de Quartzo \u00e9 projetada para opera\u00e7\u00e3o em condi\u00e7\u00f5es extremas, mantendo estabilidade dimensional e t\u00e9rmica que prolonga significativamente a vida \u00fatil do equipamento.<\/span><\/p>\n","protected":false},"featured_media":766,"comment_status":"open","ping_status":"closed","template":"","meta":{"site-sidebar-layout":"default","site-content-layout":"default","ast-global-header-display":"","ast-main-header-display":"","ast-hfb-above-header-display":"","ast-hfb-below-header-display":"","ast-hfb-mobile-header-display":"","site-post-title":"disabled","ast-breadcrumbs-content":"","ast-featured-img":"","footer-sml-layout":"","theme-transparent-header-meta":"default","adv-header-id-meta":"","stick-header-meta":"","header-above-stick-meta":"","header-main-stick-meta":"","header-below-stick-meta":""},"product_brand":[],"product_cat":[51,19],"product_tag":[],"class_list":{"0":"post-765","1":"product","2":"type-product","3":"status-publish","4":"has-post-thumbnail","6":"product_cat-resistencias-infravermelhas-de-quartzo","7":"product_cat-resistencias","9":"first","10":"instock","11":"shipping-taxable","12":"product-type-simple"},"_links":{"self":[{"href":"https:\/\/www.heatecx.com\/pt\/wp-json\/wp\/v2\/product\/765","targetHints":{"allow":["GET"]}}],"collection":[{"href":"https:\/\/www.heatecx.com\/pt\/wp-json\/wp\/v2\/product"}],"about":[{"href":"https:\/\/www.heatecx.com\/pt\/wp-json\/wp\/v2\/types\/product"}],"replies":[{"embeddable":true,"href":"https:\/\/www.heatecx.com\/pt\/wp-json\/wp\/v2\/comments?post=765"}],"wp:featuredmedia":[{"embeddable":true,"href":"https:\/\/www.heatecx.com\/pt\/wp-json\/wp\/v2\/media\/766"}],"wp:attachment":[{"href":"https:\/\/www.heatecx.com\/pt\/wp-json\/wp\/v2\/media?parent=765"}],"wp:term":[{"taxonomy":"product_brand","embeddable":true,"href":"https:\/\/www.heatecx.com\/pt\/wp-json\/wp\/v2\/product_brand?post=765"},{"taxonomy":"product_cat","embeddable":true,"href":"https:\/\/www.heatecx.com\/pt\/wp-json\/wp\/v2\/product_cat?post=765"},{"taxonomy":"product_tag","embeddable":true,"href":"https:\/\/www.heatecx.com\/pt\/wp-json\/wp\/v2\/product_tag?post=765"}],"curies":[{"name":"wp","href":"https:\/\/api.w.org\/{rel}","templated":true}]}}