{"id":771,"date":"2026-03-20T02:50:34","date_gmt":"2026-03-20T02:50:34","guid":{"rendered":"https:\/\/www.heatecx.com\/pt\/?post_type=product&#038;p=771"},"modified":"2026-03-20T03:19:16","modified_gmt":"2026-03-20T03:19:16","slug":"chapas-de-mica-de-alto-desempenho","status":"publish","type":"product","link":"https:\/\/www.heatecx.com\/pt\/producto\/chapas-de-mica-de-alto-desempenho\/","title":{"rendered":"Chapas de Mica de Alto Desempenho"},"content":{"rendered":"<p>As chapas de mica da Heatecx representam a solu\u00e7\u00e3o de isolamento mais confi\u00e1vel para ambientes de alta temperatura e alta tens\u00e3o. Projetadas para a fabrica\u00e7\u00e3o de resist\u00eancias el\u00e9tricas, transformadores e equipamentos de aquecimento, nossas chapas de Mica Muscovita e Mica Flogopita oferecem uma combina\u00e7\u00e3o incompar\u00e1vel de estabilidade t\u00e9rmica, rigidez diel\u00e9trica e durabilidade mec\u00e2nica.<\/p>\n","protected":false},"excerpt":{"rendered":"<p>As chapas de mica da Heatecx representam a solu\u00e7\u00e3o de isolamento mais confi\u00e1vel para ambientes de alta temperatura e alta tens\u00e3o. Projetadas para a fabrica\u00e7\u00e3o de resist\u00eancias el\u00e9tricas, transformadores e equipamentos de aquecimento, nossas chapas de Mica Muscovita e Mica Flogopita oferecem uma combina\u00e7\u00e3o incompar\u00e1vel de estabilidade t\u00e9rmica, rigidez diel\u00e9trica e durabilidade mec\u00e2nica.<\/p>\n","protected":false},"featured_media":772,"comment_status":"open","ping_status":"closed","template":"","meta":{"site-sidebar-layout":"default","site-content-layout":"default","ast-global-header-display":"","ast-main-header-display":"","ast-hfb-above-header-display":"","ast-hfb-below-header-display":"","ast-hfb-mobile-header-display":"","site-post-title":"disabled","ast-breadcrumbs-content":"","ast-featured-img":"","footer-sml-layout":"","theme-transparent-header-meta":"default","adv-header-id-meta":"","stick-header-meta":"","header-above-stick-meta":"","header-main-stick-meta":"","header-below-stick-meta":""},"product_brand":[],"product_cat":[26,18],"product_tag":[],"class_list":{"0":"post-771","1":"product","2":"type-product","3":"status-publish","4":"has-post-thumbnail","6":"product_cat-mica","7":"product_cat-materias-primas","9":"first","10":"instock","11":"shipping-taxable","12":"product-type-simple"},"_links":{"self":[{"href":"https:\/\/www.heatecx.com\/pt\/wp-json\/wp\/v2\/product\/771","targetHints":{"allow":["GET"]}}],"collection":[{"href":"https:\/\/www.heatecx.com\/pt\/wp-json\/wp\/v2\/product"}],"about":[{"href":"https:\/\/www.heatecx.com\/pt\/wp-json\/wp\/v2\/types\/product"}],"replies":[{"embeddable":true,"href":"https:\/\/www.heatecx.com\/pt\/wp-json\/wp\/v2\/comments?post=771"}],"wp:featuredmedia":[{"embeddable":true,"href":"https:\/\/www.heatecx.com\/pt\/wp-json\/wp\/v2\/media\/772"}],"wp:attachment":[{"href":"https:\/\/www.heatecx.com\/pt\/wp-json\/wp\/v2\/media?parent=771"}],"wp:term":[{"taxonomy":"product_brand","embeddable":true,"href":"https:\/\/www.heatecx.com\/pt\/wp-json\/wp\/v2\/product_brand?post=771"},{"taxonomy":"product_cat","embeddable":true,"href":"https:\/\/www.heatecx.com\/pt\/wp-json\/wp\/v2\/product_cat?post=771"},{"taxonomy":"product_tag","embeddable":true,"href":"https:\/\/www.heatecx.com\/pt\/wp-json\/wp\/v2\/product_tag?post=771"}],"curies":[{"name":"wp","href":"https:\/\/api.w.org\/{rel}","templated":true}]}}