{"id":777,"date":"2026-03-20T03:46:42","date_gmt":"2026-03-20T03:46:42","guid":{"rendered":"https:\/\/www.heatecx.com\/pt\/?post_type=product&#038;p=777"},"modified":"2026-03-20T03:46:42","modified_gmt":"2026-03-20T03:46:42","slug":"fio-resistivo-para-resistencias","status":"publish","type":"product","link":"https:\/\/www.heatecx.com\/pt\/producto\/fio-resistivo-para-resistencias\/","title":{"rendered":"Fio Resistivo para Resist\u00eancias"},"content":{"rendered":"<p>Os fios resistivos s\u00e3o o componente fundamental de qualquer resistor el\u00e9trico ou resist\u00eancia. Sua fun\u00e7\u00e3o principal \u00e9 converter energia el\u00e9trica em calor de forma eficiente e control\u00e1vel. Esses fios s\u00e3o fabricados a partir de ligas met\u00e1licas especiais que possuem alta resistividade e excepcional resist\u00eancia \u00e0 oxida\u00e7\u00e3o em altas temperaturas.<\/p>\n","protected":false},"excerpt":{"rendered":"<p>Os fios resistivos s\u00e3o o componente fundamental de qualquer resistor el\u00e9trico ou resist\u00eancia. Sua fun\u00e7\u00e3o principal \u00e9 converter energia el\u00e9trica em calor de forma eficiente e control\u00e1vel. Esses fios s\u00e3o fabricados a partir de ligas met\u00e1licas especiais que possuem alta resistividade e excepcional resist\u00eancia \u00e0 oxida\u00e7\u00e3o em altas temperaturas.<\/p>\n","protected":false},"featured_media":778,"comment_status":"open","ping_status":"closed","template":"","meta":{"site-sidebar-layout":"default","site-content-layout":"default","ast-global-header-display":"","ast-main-header-display":"","ast-hfb-above-header-display":"","ast-hfb-below-header-display":"","ast-hfb-mobile-header-display":"","site-post-title":"disabled","ast-breadcrumbs-content":"","ast-featured-img":"","footer-sml-layout":"","theme-transparent-header-meta":"default","adv-header-id-meta":"","stick-header-meta":"","header-above-stick-meta":"","header-main-stick-meta":"","header-below-stick-meta":""},"product_brand":[],"product_cat":[27,18],"product_tag":[],"class_list":{"0":"post-777","1":"product","2":"type-product","3":"status-publish","4":"has-post-thumbnail","6":"product_cat-fios-e-fitas-resistivas","7":"product_cat-materias-primas","9":"first","10":"instock","11":"shipping-taxable","12":"product-type-simple"},"_links":{"self":[{"href":"https:\/\/www.heatecx.com\/pt\/wp-json\/wp\/v2\/product\/777","targetHints":{"allow":["GET"]}}],"collection":[{"href":"https:\/\/www.heatecx.com\/pt\/wp-json\/wp\/v2\/product"}],"about":[{"href":"https:\/\/www.heatecx.com\/pt\/wp-json\/wp\/v2\/types\/product"}],"replies":[{"embeddable":true,"href":"https:\/\/www.heatecx.com\/pt\/wp-json\/wp\/v2\/comments?post=777"}],"wp:featuredmedia":[{"embeddable":true,"href":"https:\/\/www.heatecx.com\/pt\/wp-json\/wp\/v2\/media\/778"}],"wp:attachment":[{"href":"https:\/\/www.heatecx.com\/pt\/wp-json\/wp\/v2\/media?parent=777"}],"wp:term":[{"taxonomy":"product_brand","embeddable":true,"href":"https:\/\/www.heatecx.com\/pt\/wp-json\/wp\/v2\/product_brand?post=777"},{"taxonomy":"product_cat","embeddable":true,"href":"https:\/\/www.heatecx.com\/pt\/wp-json\/wp\/v2\/product_cat?post=777"},{"taxonomy":"product_tag","embeddable":true,"href":"https:\/\/www.heatecx.com\/pt\/wp-json\/wp\/v2\/product_tag?post=777"}],"curies":[{"name":"wp","href":"https:\/\/api.w.org\/{rel}","templated":true}]}}