{"id":821,"date":"2026-03-23T02:56:21","date_gmt":"2026-03-23T02:56:21","guid":{"rendered":"https:\/\/www.heatecx.com\/pt\/?post_type=product&#038;p=821"},"modified":"2026-03-23T02:56:21","modified_gmt":"2026-03-23T02:56:21","slug":"mangueira-de-fibra-de-vidro-revestida-com-silicone","status":"publish","type":"product","link":"https:\/\/www.heatecx.com\/pt\/producto\/mangueira-de-fibra-de-vidro-revestida-com-silicone\/","title":{"rendered":"Mangueira de Fibra de Vidro Revestida com Silicone"},"content":{"rendered":"<p>Nossa mangueira de fibra de vidro revestida com silicone \u00e9 sin\u00f4nimo de resili\u00eancia e durabilidade. Projetada para suportar temperaturas extremas, de -60\u202f\u00b0C a 200\u202f\u00b0C, este produto oferece prote\u00e7\u00e3o incompar\u00e1vel para cabos, isolamento el\u00e9trico e mangueiras em uma ampla gama de aplica\u00e7\u00f5es industriais. A sinergia entre a fibra de vidro livre de \u00e1lcalis e o revestimento de silicone de alta qualidade confere \u00e0 mangueira uma resist\u00eancia excepcional ao envelhecimento, \u00e0 corros\u00e3o e ao desgaste mec\u00e2nico. Sua flexibilidade inerente facilita a instala\u00e7\u00e3o em espa\u00e7os confinados e geometrias complexas, enquanto sua capacidade de resistir \u00e0 exposi\u00e7\u00e3o a \u00f3leos, solventes e diversos produtos qu\u00edmicos a torna uma solu\u00e7\u00e3o vers\u00e1til mesmo nos ambientes mais hostis.<\/p>\n","protected":false},"excerpt":{"rendered":"<p>Nossa mangueira de fibra de vidro revestida com silicone \u00e9 sin\u00f4nimo de resili\u00eancia e durabilidade. Projetada para suportar temperaturas extremas, de -60\u202f\u00b0C a 200\u202f\u00b0C, este produto oferece prote\u00e7\u00e3o incompar\u00e1vel para cabos, isolamento el\u00e9trico e mangueiras em uma ampla gama de aplica\u00e7\u00f5es industriais. A sinergia entre a fibra de vidro livre de \u00e1lcalis e o revestimento de silicone de alta qualidade confere \u00e0 mangueira uma resist\u00eancia excepcional ao envelhecimento, \u00e0 corros\u00e3o e ao desgaste mec\u00e2nico. Sua flexibilidade inerente facilita a instala\u00e7\u00e3o em espa\u00e7os confinados e geometrias complexas, enquanto sua capacidade de resistir \u00e0 exposi\u00e7\u00e3o a \u00f3leos, solventes e diversos produtos qu\u00edmicos a torna uma solu\u00e7\u00e3o vers\u00e1til mesmo nos ambientes mais hostis.<\/p>\n","protected":false},"featured_media":822,"comment_status":"open","ping_status":"closed","template":"","meta":{"site-sidebar-layout":"default","site-content-layout":"default","ast-global-header-display":"","ast-main-header-display":"","ast-hfb-above-header-display":"","ast-hfb-below-header-display":"","ast-hfb-mobile-header-display":"","site-post-title":"disabled","ast-breadcrumbs-content":"","ast-featured-img":"","footer-sml-layout":"","theme-transparent-header-meta":"default","adv-header-id-meta":"","stick-header-meta":"","header-above-stick-meta":"","header-main-stick-meta":"","header-below-stick-meta":""},"product_brand":[],"product_cat":[54,18],"product_tag":[],"class_list":{"0":"post-821","1":"product","2":"type-product","3":"status-publish","4":"has-post-thumbnail","6":"product_cat-espaguetes-de-alta-temperatura","7":"product_cat-materias-primas","9":"first","10":"instock","11":"shipping-taxable","12":"product-type-simple"},"_links":{"self":[{"href":"https:\/\/www.heatecx.com\/pt\/wp-json\/wp\/v2\/product\/821","targetHints":{"allow":["GET"]}}],"collection":[{"href":"https:\/\/www.heatecx.com\/pt\/wp-json\/wp\/v2\/product"}],"about":[{"href":"https:\/\/www.heatecx.com\/pt\/wp-json\/wp\/v2\/types\/product"}],"replies":[{"embeddable":true,"href":"https:\/\/www.heatecx.com\/pt\/wp-json\/wp\/v2\/comments?post=821"}],"wp:featuredmedia":[{"embeddable":true,"href":"https:\/\/www.heatecx.com\/pt\/wp-json\/wp\/v2\/media\/822"}],"wp:attachment":[{"href":"https:\/\/www.heatecx.com\/pt\/wp-json\/wp\/v2\/media?parent=821"}],"wp:term":[{"taxonomy":"product_brand","embeddable":true,"href":"https:\/\/www.heatecx.com\/pt\/wp-json\/wp\/v2\/product_brand?post=821"},{"taxonomy":"product_cat","embeddable":true,"href":"https:\/\/www.heatecx.com\/pt\/wp-json\/wp\/v2\/product_cat?post=821"},{"taxonomy":"product_tag","embeddable":true,"href":"https:\/\/www.heatecx.com\/pt\/wp-json\/wp\/v2\/product_tag?post=821"}],"curies":[{"name":"wp","href":"https:\/\/api.w.org\/{rel}","templated":true}]}}