{"id":829,"date":"2026-03-23T03:17:04","date_gmt":"2026-03-23T03:17:04","guid":{"rendered":"https:\/\/www.heatecx.com\/pt\/?post_type=product&#038;p=829"},"modified":"2026-03-23T03:17:05","modified_gmt":"2026-03-23T03:17:05","slug":"mangueira-termoencolhivel","status":"publish","type":"product","link":"https:\/\/www.heatecx.com\/pt\/producto\/mangueira-termoencolhivel\/","title":{"rendered":"Mangueira Termoencolh\u00edvel"},"content":{"rendered":"<p>Descubra a efici\u00eancia e a seguran\u00e7a oferecidas pela nossa mangueira termoencolh\u00edvel, uma solu\u00e7\u00e3o de isolamento e prote\u00e7\u00e3o de \u00faltima gera\u00e7\u00e3o, fabricada com poliolefina reticulada por radia\u00e7\u00e3o. Este produto destaca-se por suas excelentes propriedades f\u00edsicas e el\u00e9tricas, fornecendo isolamento confi\u00e1vel e prote\u00e7\u00e3o mec\u00e2nica robusta para cabos, conex\u00f5es e terminais. \u00c9 a escolha ideal para aplica\u00e7\u00f5es que exigem uma luva isolante termoencolh\u00edvel dur\u00e1vel que, ao ser aquecida, se contrai formando uma veda\u00e7\u00e3o herm\u00e9tica, protegendo contra umidade, abras\u00e3o e danos f\u00edsicos. Seu design sem halog\u00eanios e autoextingu\u00edvel torna-a uma op\u00e7\u00e3o segura e ecologicamente correta para uma ampla gama de ind\u00fastrias.<\/p>\n","protected":false},"excerpt":{"rendered":"<p>Descubra a efici\u00eancia e a seguran\u00e7a oferecidas pela nossa mangueira termoencolh\u00edvel, uma solu\u00e7\u00e3o de isolamento e prote\u00e7\u00e3o de \u00faltima gera\u00e7\u00e3o, fabricada com poliolefina reticulada por radia\u00e7\u00e3o. Este produto destaca-se por suas excelentes propriedades f\u00edsicas e el\u00e9tricas, fornecendo isolamento confi\u00e1vel e prote\u00e7\u00e3o mec\u00e2nica robusta para cabos, conex\u00f5es e terminais. \u00c9 a escolha ideal para aplica\u00e7\u00f5es que exigem uma luva isolante termoencolh\u00edvel dur\u00e1vel que, ao ser aquecida, se contrai formando uma veda\u00e7\u00e3o herm\u00e9tica, protegendo contra umidade, abras\u00e3o e danos f\u00edsicos. Seu design sem halog\u00eanios e autoextingu\u00edvel torna-a uma op\u00e7\u00e3o segura e ecologicamente correta para uma ampla gama de ind\u00fastrias.<\/p>\n","protected":false},"featured_media":830,"comment_status":"open","ping_status":"closed","template":"","meta":{"site-sidebar-layout":"default","site-content-layout":"default","ast-global-header-display":"","ast-main-header-display":"","ast-hfb-above-header-display":"","ast-hfb-below-header-display":"","ast-hfb-mobile-header-display":"","site-post-title":"disabled","ast-breadcrumbs-content":"","ast-featured-img":"","footer-sml-layout":"","theme-transparent-header-meta":"default","adv-header-id-meta":"","stick-header-meta":"","header-above-stick-meta":"","header-main-stick-meta":"","header-below-stick-meta":""},"product_brand":[],"product_cat":[54,18],"product_tag":[],"class_list":{"0":"post-829","1":"product","2":"type-product","3":"status-publish","4":"has-post-thumbnail","6":"product_cat-espaguetes-de-alta-temperatura","7":"product_cat-materias-primas","9":"first","10":"instock","11":"shipping-taxable","12":"product-type-simple"},"_links":{"self":[{"href":"https:\/\/www.heatecx.com\/pt\/wp-json\/wp\/v2\/product\/829","targetHints":{"allow":["GET"]}}],"collection":[{"href":"https:\/\/www.heatecx.com\/pt\/wp-json\/wp\/v2\/product"}],"about":[{"href":"https:\/\/www.heatecx.com\/pt\/wp-json\/wp\/v2\/types\/product"}],"replies":[{"embeddable":true,"href":"https:\/\/www.heatecx.com\/pt\/wp-json\/wp\/v2\/comments?post=829"}],"wp:featuredmedia":[{"embeddable":true,"href":"https:\/\/www.heatecx.com\/pt\/wp-json\/wp\/v2\/media\/830"}],"wp:attachment":[{"href":"https:\/\/www.heatecx.com\/pt\/wp-json\/wp\/v2\/media?parent=829"}],"wp:term":[{"taxonomy":"product_brand","embeddable":true,"href":"https:\/\/www.heatecx.com\/pt\/wp-json\/wp\/v2\/product_brand?post=829"},{"taxonomy":"product_cat","embeddable":true,"href":"https:\/\/www.heatecx.com\/pt\/wp-json\/wp\/v2\/product_cat?post=829"},{"taxonomy":"product_tag","embeddable":true,"href":"https:\/\/www.heatecx.com\/pt\/wp-json\/wp\/v2\/product_tag?post=829"}],"curies":[{"name":"wp","href":"https:\/\/api.w.org\/{rel}","templated":true}]}}