{"id":838,"date":"2026-03-23T06:43:53","date_gmt":"2026-03-23T06:43:53","guid":{"rendered":"https:\/\/www.heatecx.com\/pt\/?post_type=product&#038;p=838"},"modified":"2026-03-23T06:44:56","modified_gmt":"2026-03-23T06:44:56","slug":"po-de-oxido-de-magnesio-mgo-tratado-com-silicone-mgo-aquaseal","status":"publish","type":"product","link":"https:\/\/www.heatecx.com\/pt\/producto\/po-de-oxido-de-magnesio-mgo-tratado-com-silicone-mgo-aquaseal\/","title":{"rendered":"P\u00f3 de \u00d3xido de Magn\u00e9sio (MgO) Tratado com Silicone \u2013 MgO-AquaSeal"},"content":{"rendered":"<p>O P\u00f3 de \u00d3xido de Magn\u00e9sio MgO-AquaSeal \u00e9 um p\u00f3 de MgO inovador, projetado para superar os desafios da umidade na fabrica\u00e7\u00e3o de resist\u00eancias el\u00e9tricas. Este p\u00f3 de MgO de baixa temperatura tratado com silicone \u00e9 a escolha ideal para aplica\u00e7\u00f5es onde a exposi\u00e7\u00e3o \u00e0 \u00e1gua ou \u00e0 condensa\u00e7\u00e3o \u00e9 uma preocupa\u00e7\u00e3o. Seu tratamento com silicone confere propriedades hidrof\u00f3bicas, resultando em rigidez diel\u00e9trica superior do MgO e condutividade t\u00e9rmica est\u00e1vel em resist\u00eancias, mesmo sob condi\u00e7\u00f5es de alta umidade. \u00c9 o p\u00f3 de MgO perfeito para resist\u00eancias de ferro e outros elementos que requerem prote\u00e7\u00e3o extra contra corros\u00e3o e falhas el\u00e9tricas induzidas por umidade.<\/p>\n","protected":false},"excerpt":{"rendered":"<p>O P\u00f3 de \u00d3xido de Magn\u00e9sio MgO-AquaSeal \u00e9 um p\u00f3 de MgO inovador, projetado para superar os desafios da umidade na fabrica\u00e7\u00e3o de resist\u00eancias el\u00e9tricas. Este p\u00f3 de MgO de baixa temperatura tratado com silicone \u00e9 a escolha ideal para aplica\u00e7\u00f5es onde a exposi\u00e7\u00e3o \u00e0 \u00e1gua ou \u00e0 condensa\u00e7\u00e3o \u00e9 uma preocupa\u00e7\u00e3o. Seu tratamento com silicone confere propriedades hidrof\u00f3bicas, resultando em rigidez diel\u00e9trica superior do MgO e condutividade t\u00e9rmica est\u00e1vel em resist\u00eancias, mesmo sob condi\u00e7\u00f5es de alta umidade. \u00c9 o p\u00f3 de MgO perfeito para resist\u00eancias de ferro e outros elementos que requerem prote\u00e7\u00e3o extra contra corros\u00e3o e falhas el\u00e9tricas induzidas por umidade.<\/p>\n","protected":false},"featured_media":839,"comment_status":"open","ping_status":"closed","template":"","meta":{"site-sidebar-layout":"default","site-content-layout":"default","ast-global-header-display":"","ast-main-header-display":"","ast-hfb-above-header-display":"","ast-hfb-below-header-display":"","ast-hfb-mobile-header-display":"","site-post-title":"disabled","ast-breadcrumbs-content":"","ast-featured-img":"","footer-sml-layout":"","theme-transparent-header-meta":"default","adv-header-id-meta":"","stick-header-meta":"","header-above-stick-meta":"","header-main-stick-meta":"","header-below-stick-meta":""},"product_brand":[],"product_cat":[57,18],"product_tag":[],"class_list":{"0":"post-838","1":"product","2":"type-product","3":"status-publish","4":"has-post-thumbnail","6":"product_cat-po-de-oxido-de-magnesio-mgo","7":"product_cat-materias-primas","9":"first","10":"instock","11":"shipping-taxable","12":"product-type-simple"},"_links":{"self":[{"href":"https:\/\/www.heatecx.com\/pt\/wp-json\/wp\/v2\/product\/838","targetHints":{"allow":["GET"]}}],"collection":[{"href":"https:\/\/www.heatecx.com\/pt\/wp-json\/wp\/v2\/product"}],"about":[{"href":"https:\/\/www.heatecx.com\/pt\/wp-json\/wp\/v2\/types\/product"}],"replies":[{"embeddable":true,"href":"https:\/\/www.heatecx.com\/pt\/wp-json\/wp\/v2\/comments?post=838"}],"wp:featuredmedia":[{"embeddable":true,"href":"https:\/\/www.heatecx.com\/pt\/wp-json\/wp\/v2\/media\/839"}],"wp:attachment":[{"href":"https:\/\/www.heatecx.com\/pt\/wp-json\/wp\/v2\/media?parent=838"}],"wp:term":[{"taxonomy":"product_brand","embeddable":true,"href":"https:\/\/www.heatecx.com\/pt\/wp-json\/wp\/v2\/product_brand?post=838"},{"taxonomy":"product_cat","embeddable":true,"href":"https:\/\/www.heatecx.com\/pt\/wp-json\/wp\/v2\/product_cat?post=838"},{"taxonomy":"product_tag","embeddable":true,"href":"https:\/\/www.heatecx.com\/pt\/wp-json\/wp\/v2\/product_tag?post=838"}],"curies":[{"name":"wp","href":"https:\/\/api.w.org\/{rel}","templated":true}]}}