{"id":840,"date":"2026-03-23T06:55:40","date_gmt":"2026-03-23T06:55:40","guid":{"rendered":"https:\/\/www.heatecx.com\/pt\/?post_type=product&#038;p=840"},"modified":"2026-03-23T07:00:50","modified_gmt":"2026-03-23T07:00:50","slug":"po-de-oxido-de-magnesio-para-cabos-mi","status":"publish","type":"product","link":"https:\/\/www.heatecx.com\/pt\/producto\/po-de-oxido-de-magnesio-para-cabos-mi\/","title":{"rendered":"P\u00f3 de \u00d3xido de Magn\u00e9sio para Cabos MI"},"content":{"rendered":"<p>O P\u00f3 de \u00d3xido de Magn\u00e9sio da s\u00e9rie MG-IC \u00e9 um material isolante inorg\u00e2nico de alto desempenho, projetado especificamente para a fabrica\u00e7\u00e3o de cabos el\u00e9tricos resistentes ao fogo e cabos MI (Mineral Insulated). Gra\u00e7as \u00e0 sua extraordin\u00e1ria estabilidade t\u00e9rmica, \u00e9 o componente cr\u00edtico para garantir a integridade dos circuitos sob condi\u00e7\u00f5es extremas de inc\u00eandio.<\/p>\n","protected":false},"excerpt":{"rendered":"<p>O P\u00f3 de \u00d3xido de Magn\u00e9sio da s\u00e9rie MG-IC \u00e9 um material isolante inorg\u00e2nico de alto desempenho, projetado especificamente para a fabrica\u00e7\u00e3o de cabos el\u00e9tricos resistentes ao fogo e cabos MI (Mineral Insulated). Gra\u00e7as \u00e0 sua extraordin\u00e1ria estabilidade t\u00e9rmica, \u00e9 o componente cr\u00edtico para garantir a integridade dos circuitos sob condi\u00e7\u00f5es extremas de inc\u00eandio.<\/p>\n","protected":false},"featured_media":841,"comment_status":"open","ping_status":"closed","template":"","meta":{"site-sidebar-layout":"default","site-content-layout":"default","ast-global-header-display":"","ast-main-header-display":"","ast-hfb-above-header-display":"","ast-hfb-below-header-display":"","ast-hfb-mobile-header-display":"","site-post-title":"disabled","ast-breadcrumbs-content":"","ast-featured-img":"","footer-sml-layout":"","theme-transparent-header-meta":"default","adv-header-id-meta":"","stick-header-meta":"","header-above-stick-meta":"","header-main-stick-meta":"","header-below-stick-meta":""},"product_brand":[],"product_cat":[57,18],"product_tag":[],"class_list":{"0":"post-840","1":"product","2":"type-product","3":"status-publish","4":"has-post-thumbnail","6":"product_cat-po-de-oxido-de-magnesio-mgo","7":"product_cat-materias-primas","9":"first","10":"instock","11":"shipping-taxable","12":"product-type-simple"},"_links":{"self":[{"href":"https:\/\/www.heatecx.com\/pt\/wp-json\/wp\/v2\/product\/840","targetHints":{"allow":["GET"]}}],"collection":[{"href":"https:\/\/www.heatecx.com\/pt\/wp-json\/wp\/v2\/product"}],"about":[{"href":"https:\/\/www.heatecx.com\/pt\/wp-json\/wp\/v2\/types\/product"}],"replies":[{"embeddable":true,"href":"https:\/\/www.heatecx.com\/pt\/wp-json\/wp\/v2\/comments?post=840"}],"wp:featuredmedia":[{"embeddable":true,"href":"https:\/\/www.heatecx.com\/pt\/wp-json\/wp\/v2\/media\/841"}],"wp:attachment":[{"href":"https:\/\/www.heatecx.com\/pt\/wp-json\/wp\/v2\/media?parent=840"}],"wp:term":[{"taxonomy":"product_brand","embeddable":true,"href":"https:\/\/www.heatecx.com\/pt\/wp-json\/wp\/v2\/product_brand?post=840"},{"taxonomy":"product_cat","embeddable":true,"href":"https:\/\/www.heatecx.com\/pt\/wp-json\/wp\/v2\/product_cat?post=840"},{"taxonomy":"product_tag","embeddable":true,"href":"https:\/\/www.heatecx.com\/pt\/wp-json\/wp\/v2\/product_tag?post=840"}],"curies":[{"name":"wp","href":"https:\/\/api.w.org\/{rel}","templated":true}]}}