{"id":851,"date":"2026-03-24T08:10:51","date_gmt":"2026-03-24T08:10:51","guid":{"rendered":"https:\/\/www.heatecx.com\/pt\/?post_type=product&#038;p=851"},"modified":"2026-05-08T07:36:42","modified_gmt":"2026-05-08T07:36:42","slug":"maquina-de-encher-mgo-para-resistencias-minitubulares-ht-mx1","status":"publish","type":"product","link":"https:\/\/www.heatecx.com\/pt\/producto\/maquina-de-encher-mgo-para-resistencias-minitubulares-ht-mx1\/","title":{"rendered":"M\u00e1quina de Encher MgO para Resist\u00eancias Minitubulares HT-MX1"},"content":{"rendered":"<p>A M\u00e1quina de Encher MgO para Resist\u00eancias Minitubulares \u00e9 um equipamento de precis\u00e3o projetado para otimizar o processo de fabrica\u00e7\u00e3o de resist\u00eancias el\u00e9tricas industriais, especificamente aquelas de formato minitubular e microtubular. Sua fun\u00e7\u00e3o principal \u00e9 a inser\u00e7\u00e3o controlada do conjunto de fio resistivo e haste de MgO em tubos vazios, seguida pelo enchimento de \u00f3xido de magn\u00e9sio (MgO) no espa\u00e7o anular restante. Este processo \u00e9 crucial para alcan\u00e7ar a densidade de compacta\u00e7\u00e3o ideal do MgO, um fator determinante na efici\u00eancia e durabilidade das resist\u00eancias de canal caliente e outros elementos resistivos. A m\u00e1quina assegura uma distribui\u00e7\u00e3o uniforme do p\u00f3, eliminando vazios e garantindo um desempenho t\u00e9rmico superior em aplica\u00e7\u00f5es exigentes.<\/p>\n","protected":false},"excerpt":{"rendered":"<p>A M\u00e1quina de Encher MgO para Resist\u00eancias Minitubulares \u00e9 um equipamento de precis\u00e3o projetado para otimizar o processo de fabrica\u00e7\u00e3o de resist\u00eancias el\u00e9tricas industriais, especificamente aquelas de formato minitubular e microtubular. Sua fun\u00e7\u00e3o principal \u00e9 a inser\u00e7\u00e3o controlada do conjunto de fio resistivo e haste de MgO em tubos vazios, seguida pelo enchimento de \u00f3xido de magn\u00e9sio (MgO) no espa\u00e7o anular restante. Este processo \u00e9 crucial para alcan\u00e7ar a densidade de compacta\u00e7\u00e3o ideal do MgO, um fator determinante na efici\u00eancia e durabilidade das resist\u00eancias de canal caliente e outros elementos resistivos. A m\u00e1quina assegura uma distribui\u00e7\u00e3o uniforme do p\u00f3, eliminando vazios e garantindo um desempenho t\u00e9rmico superior em aplica\u00e7\u00f5es exigentes.<\/p>\n","protected":false},"featured_media":852,"comment_status":"open","ping_status":"closed","template":"","meta":{"site-sidebar-layout":"default","site-content-layout":"default","ast-global-header-display":"","ast-main-header-display":"","ast-hfb-above-header-display":"","ast-hfb-below-header-display":"","ast-hfb-mobile-header-display":"","site-post-title":"disabled","ast-breadcrumbs-content":"","ast-featured-img":"","footer-sml-layout":"","theme-transparent-header-meta":"default","adv-header-id-meta":"","stick-header-meta":"","header-above-stick-meta":"","header-main-stick-meta":"","header-below-stick-meta":""},"product_brand":[],"product_cat":[22,17],"product_tag":[],"class_list":{"0":"post-851","1":"product","2":"type-product","3":"status-publish","4":"has-post-thumbnail","6":"product_cat-encher-mgo","7":"product_cat-maquinas","9":"first","10":"instock","11":"shipping-taxable","12":"product-type-simple"},"_links":{"self":[{"href":"https:\/\/www.heatecx.com\/pt\/wp-json\/wp\/v2\/product\/851","targetHints":{"allow":["GET"]}}],"collection":[{"href":"https:\/\/www.heatecx.com\/pt\/wp-json\/wp\/v2\/product"}],"about":[{"href":"https:\/\/www.heatecx.com\/pt\/wp-json\/wp\/v2\/types\/product"}],"replies":[{"embeddable":true,"href":"https:\/\/www.heatecx.com\/pt\/wp-json\/wp\/v2\/comments?post=851"}],"wp:featuredmedia":[{"embeddable":true,"href":"https:\/\/www.heatecx.com\/pt\/wp-json\/wp\/v2\/media\/852"}],"wp:attachment":[{"href":"https:\/\/www.heatecx.com\/pt\/wp-json\/wp\/v2\/media?parent=851"}],"wp:term":[{"taxonomy":"product_brand","embeddable":true,"href":"https:\/\/www.heatecx.com\/pt\/wp-json\/wp\/v2\/product_brand?post=851"},{"taxonomy":"product_cat","embeddable":true,"href":"https:\/\/www.heatecx.com\/pt\/wp-json\/wp\/v2\/product_cat?post=851"},{"taxonomy":"product_tag","embeddable":true,"href":"https:\/\/www.heatecx.com\/pt\/wp-json\/wp\/v2\/product_tag?post=851"}],"curies":[{"name":"wp","href":"https:\/\/api.w.org\/{rel}","templated":true}]}}