{"id":859,"date":"2026-03-25T02:24:43","date_gmt":"2026-03-25T02:24:43","guid":{"rendered":"https:\/\/www.heatecx.com\/pt\/?post_type=product&#038;p=859"},"modified":"2026-05-08T09:05:16","modified_gmt":"2026-05-08T09:05:16","slug":"boquilha-espiral-para-maquina-enchedora-de-mgo","status":"publish","type":"product","link":"https:\/\/www.heatecx.com\/pt\/producto\/boquilha-espiral-para-maquina-enchedora-de-mgo\/","title":{"rendered":"Boquilha Espiral para M\u00e1quina Enchedora de MgO"},"content":{"rendered":"<p>A boquilha espiral \u00e9 um componente de alta precis\u00e3o e um acess\u00f3rio refrat\u00e1rio indispens\u00e1vel em m\u00e1quinas enchedoras de MgO para a fabrica\u00e7\u00e3o de resistencias el\u00e9tricas tubulares. Seu design interno, que incorpora uma espiral, \u00e9 fundamental para controlar e otimizar o fluxo de sa\u00edda do p\u00f3 de magn\u00e9sio para o interior do tubo met\u00e1lico. Esta caracter\u00edstica assegura uma distribui\u00e7\u00e3o uniforme e uma compacta\u00e7\u00e3o adequada do MgO, o que \u00e9 cr\u00edtico para alcan\u00e7ar a densidade de enchimento de MgO requerida e garantir um isolamento el\u00e9trico eficiente. Fabricada com materiais de extrema dureza e resist\u00eancia ao desgaste, a boquilha espiral \u00e9 uma pe\u00e7a de reposi\u00e7\u00e3o para m\u00e1quina enchedora de MgO que impacta diretamente na qualidade e no rendimento dos elementos calefatores.<\/p>\n","protected":false},"excerpt":{"rendered":"<p>A boquilha espiral \u00e9 um componente de alta precis\u00e3o e um acess\u00f3rio refrat\u00e1rio indispens\u00e1vel em m\u00e1quinas enchedoras de MgO para a fabrica\u00e7\u00e3o de resistencias el\u00e9tricas tubulares. Seu design interno, que incorpora uma espiral, \u00e9 fundamental para controlar e otimizar o fluxo de sa\u00edda do p\u00f3 de magn\u00e9sio para o interior do tubo met\u00e1lico. Esta caracter\u00edstica assegura uma distribui\u00e7\u00e3o uniforme e uma compacta\u00e7\u00e3o adequada do MgO, o que \u00e9 cr\u00edtico para alcan\u00e7ar a densidade de enchimento de MgO requerida e garantir um isolamento el\u00e9trico eficiente. Fabricada com materiais de extrema dureza e resist\u00eancia ao desgaste, a boquilha espiral \u00e9 uma pe\u00e7a de reposi\u00e7\u00e3o para m\u00e1quina enchedora de MgO que impacta diretamente na qualidade e no rendimento dos elementos calefatores.<\/p>\n","protected":false},"featured_media":861,"comment_status":"open","ping_status":"closed","template":"","meta":{"site-sidebar-layout":"default","site-content-layout":"default","ast-global-header-display":"","ast-main-header-display":"","ast-hfb-above-header-display":"","ast-hfb-below-header-display":"","ast-hfb-mobile-header-display":"","site-post-title":"disabled","ast-breadcrumbs-content":"","ast-featured-img":"","footer-sml-layout":"","theme-transparent-header-meta":"default","adv-header-id-meta":"","stick-header-meta":"","header-above-stick-meta":"","header-main-stick-meta":"","header-below-stick-meta":""},"product_brand":[],"product_cat":[22,17],"product_tag":[],"class_list":{"0":"post-859","1":"product","2":"type-product","3":"status-publish","4":"has-post-thumbnail","6":"product_cat-encher-mgo","7":"product_cat-maquinas","9":"first","10":"instock","11":"shipping-taxable","12":"product-type-simple"},"_links":{"self":[{"href":"https:\/\/www.heatecx.com\/pt\/wp-json\/wp\/v2\/product\/859","targetHints":{"allow":["GET"]}}],"collection":[{"href":"https:\/\/www.heatecx.com\/pt\/wp-json\/wp\/v2\/product"}],"about":[{"href":"https:\/\/www.heatecx.com\/pt\/wp-json\/wp\/v2\/types\/product"}],"replies":[{"embeddable":true,"href":"https:\/\/www.heatecx.com\/pt\/wp-json\/wp\/v2\/comments?post=859"}],"wp:featuredmedia":[{"embeddable":true,"href":"https:\/\/www.heatecx.com\/pt\/wp-json\/wp\/v2\/media\/861"}],"wp:attachment":[{"href":"https:\/\/www.heatecx.com\/pt\/wp-json\/wp\/v2\/media?parent=859"}],"wp:term":[{"taxonomy":"product_brand","embeddable":true,"href":"https:\/\/www.heatecx.com\/pt\/wp-json\/wp\/v2\/product_brand?post=859"},{"taxonomy":"product_cat","embeddable":true,"href":"https:\/\/www.heatecx.com\/pt\/wp-json\/wp\/v2\/product_cat?post=859"},{"taxonomy":"product_tag","embeddable":true,"href":"https:\/\/www.heatecx.com\/pt\/wp-json\/wp\/v2\/product_tag?post=859"}],"curies":[{"name":"wp","href":"https:\/\/api.w.org\/{rel}","templated":true}]}}