{"id":862,"date":"2026-03-25T03:24:29","date_gmt":"2026-03-25T03:24:29","guid":{"rendered":"https:\/\/www.heatecx.com\/pt\/?post_type=product&#038;p=862"},"modified":"2026-05-07T06:16:10","modified_gmt":"2026-05-07T06:16:10","slug":"maquina-redutora-de-tubos-versao-economica-htc-e1","status":"publish","type":"product","link":"https:\/\/www.heatecx.com\/pt\/producto\/maquina-redutora-de-tubos-versao-economica-htc-e1\/","title":{"rendered":"M\u00e1quina Redutora de Tubos Vers\u00e3o Econ\u00f3mica HTC-E1"},"content":{"rendered":"<p>A m\u00e1quina laminadora HTC-E1 \u00e9 um equipamento essencial na fabrica\u00e7\u00e3o de resistencias el\u00e9tricas, projetada para otimizar a densidade e o desempenho dos elementos calefatores industriais. Esta redutora de tubos de \u00faltima gera\u00e7\u00e3o utiliza um sistema de rolos para compactar o material isolante, assegurando uma qualidade superior no produto final. A sua versatilidade torna-a numa solu\u00e7\u00e3o indispens\u00e1vel para a produ\u00e7\u00e3o de calentadores el\u00e9tricos de diversas formas e especifica\u00e7\u00f5es.<\/p>\n<p>A HTC-E1 \u00e9 uma m\u00e1quina redutora de tubos econ\u00f3mica, mas altamente eficiente, concebida para o processo de compacta\u00e7\u00e3o de tubos atrav\u00e9s da compress\u00e3o. Utiliza um par de rolos que, instalados na m\u00e1quina, reduzem progressivamente o di\u00e2metro dos tubos, compactando o material de enchimento interno, como o \u00f3xido de magn\u00e9sio (MgO).<\/p>\n","protected":false},"excerpt":{"rendered":"<p>A m\u00e1quina laminadora HTC-E1 \u00e9 um equipamento essencial na fabrica\u00e7\u00e3o de resistencias el\u00e9tricas, projetada para otimizar a densidade e o desempenho dos elementos calefatores industriais. Esta redutora de tubos de \u00faltima gera\u00e7\u00e3o utiliza um sistema de rolos para compactar o material isolante, assegurando uma qualidade superior no produto final. A sua versatilidade torna-a numa solu\u00e7\u00e3o indispens\u00e1vel para a produ\u00e7\u00e3o de calentadores el\u00e9tricos de diversas formas e especifica\u00e7\u00f5es.<\/p>\n<p>A HTC-E1 \u00e9 uma m\u00e1quina redutora de tubos econ\u00f3mica, mas altamente eficiente, concebida para o processo de compacta\u00e7\u00e3o de tubos atrav\u00e9s da compress\u00e3o. Utiliza um par de rolos que, instalados na m\u00e1quina, reduzem progressivamente o di\u00e2metro dos tubos, compactando o material de enchimento interno, como o \u00f3xido de magn\u00e9sio (MgO).<\/p>\n","protected":false},"featured_media":863,"comment_status":"open","ping_status":"closed","template":"","meta":{"site-sidebar-layout":"default","site-content-layout":"default","ast-global-header-display":"","ast-main-header-display":"","ast-hfb-above-header-display":"","ast-hfb-below-header-display":"","ast-hfb-mobile-header-display":"","site-post-title":"disabled","ast-breadcrumbs-content":"","ast-featured-img":"","footer-sml-layout":"","theme-transparent-header-meta":"default","adv-header-id-meta":"","stick-header-meta":"","header-above-stick-meta":"","header-main-stick-meta":"","header-below-stick-meta":""},"product_brand":[],"product_cat":[45,24],"product_tag":[],"class_list":{"0":"post-862","1":"product","2":"type-product","3":"status-publish","4":"has-post-thumbnail","6":"product_cat-uncategorized","7":"product_cat-laminador-resistencias","9":"first","10":"instock","11":"shipping-taxable","12":"product-type-simple"},"_links":{"self":[{"href":"https:\/\/www.heatecx.com\/pt\/wp-json\/wp\/v2\/product\/862","targetHints":{"allow":["GET"]}}],"collection":[{"href":"https:\/\/www.heatecx.com\/pt\/wp-json\/wp\/v2\/product"}],"about":[{"href":"https:\/\/www.heatecx.com\/pt\/wp-json\/wp\/v2\/types\/product"}],"replies":[{"embeddable":true,"href":"https:\/\/www.heatecx.com\/pt\/wp-json\/wp\/v2\/comments?post=862"}],"wp:featuredmedia":[{"embeddable":true,"href":"https:\/\/www.heatecx.com\/pt\/wp-json\/wp\/v2\/media\/863"}],"wp:attachment":[{"href":"https:\/\/www.heatecx.com\/pt\/wp-json\/wp\/v2\/media?parent=862"}],"wp:term":[{"taxonomy":"product_brand","embeddable":true,"href":"https:\/\/www.heatecx.com\/pt\/wp-json\/wp\/v2\/product_brand?post=862"},{"taxonomy":"product_cat","embeddable":true,"href":"https:\/\/www.heatecx.com\/pt\/wp-json\/wp\/v2\/product_cat?post=862"},{"taxonomy":"product_tag","embeddable":true,"href":"https:\/\/www.heatecx.com\/pt\/wp-json\/wp\/v2\/product_tag?post=862"}],"curies":[{"name":"wp","href":"https:\/\/api.w.org\/{rel}","templated":true}]}}