{"id":865,"date":"2026-03-25T04:41:59","date_gmt":"2026-03-25T04:41:59","guid":{"rendered":"https:\/\/www.heatecx.com\/pt\/?post_type=product&#038;p=865"},"modified":"2026-05-07T06:35:55","modified_gmt":"2026-05-07T06:35:55","slug":"maquina-redutora-de-tubos-quadrados-htc-30","status":"publish","type":"product","link":"https:\/\/www.heatecx.com\/pt\/producto\/maquina-redutora-de-tubos-quadrados-htc-30\/","title":{"rendered":"M\u00e1quina Redutora de Tubos Quadrados HTC-30"},"content":{"rendered":"<p>A m\u00e1quina redutora de tubos quadrados \u00e9 um equipamento de engenharia de precis\u00e3o, projetada especificamente para a compacta\u00e7\u00e3o de tubos calefatores de canal quente (<em>hot runner<\/em>). Este laminador de martelo \u00e9 fundamental para atingir os exigentes requisitos de alta densidade em resistencias el\u00e9tricas de formas n\u00e3o convencionais, assegurando um desempenho ideal e uma vida \u00fatil prolongada. A sua capacidade de processar tubos quadrados, retangulares e el\u00edpticos torna-a numa solu\u00e7\u00e3o indispens\u00e1vel na fabrica\u00e7\u00e3o de elementos calefatores especializados.<\/p>\n<p>A m\u00e1quina redutora de tubos quadrados \u00e9 uma m\u00e1quina de swagging para tubos de alta especializa\u00e7\u00e3o, concebida para a compacta\u00e7\u00e3o de resistencias de alta densidade. O seu design inspira-se em produtos importados de refer\u00eancia, garantindo uma qualidade e precis\u00e3o superiores. Este equipamento \u00e9 crucial para o processo de encolhimento de tubos na manufatura de tubos calefatores de canal quente, onde a uniformidade e a densidade do material isolante s\u00e3o vitais. A versatilidade deste laminador de tubos quadrados permite trabalhar com uma vasta gama de geometrias, incluindo tubos quadrados, retangulares e el\u00edpticos, sendo ideal para a fabrica\u00e7\u00e3o de elementos calefatores que requerem formas espec\u00edficas e um desempenho excecional.<\/p>\n","protected":false},"excerpt":{"rendered":"<p>A m\u00e1quina redutora de tubos quadrados \u00e9 um equipamento de engenharia de precis\u00e3o, projetada especificamente para a compacta\u00e7\u00e3o de tubos calefatores de canal quente (<em>hot runner<\/em>). Este laminador de martelo \u00e9 fundamental para atingir os exigentes requisitos de alta densidade em resistencias el\u00e9tricas de formas n\u00e3o convencionais, assegurando um desempenho ideal e uma vida \u00fatil prolongada. A sua capacidade de processar tubos quadrados, retangulares e el\u00edpticos torna-a numa solu\u00e7\u00e3o indispens\u00e1vel na fabrica\u00e7\u00e3o de elementos calefatores especializados.<\/p>\n<p>A m\u00e1quina redutora de tubos quadrados \u00e9 uma m\u00e1quina de swagging para tubos de alta especializa\u00e7\u00e3o, concebida para a compacta\u00e7\u00e3o de resistencias de alta densidade. O seu design inspira-se em produtos importados de refer\u00eancia, garantindo uma qualidade e precis\u00e3o superiores. Este equipamento \u00e9 crucial para o processo de encolhimento de tubos na manufatura de tubos calefatores de canal quente, onde a uniformidade e a densidade do material isolante s\u00e3o vitais. A versatilidade deste laminador de tubos quadrados permite trabalhar com uma vasta gama de geometrias, incluindo tubos quadrados, retangulares e el\u00edpticos, sendo ideal para a fabrica\u00e7\u00e3o de elementos calefatores que requerem formas espec\u00edficas e um desempenho excecional.<\/p>\n","protected":false},"featured_media":866,"comment_status":"open","ping_status":"closed","template":"","meta":{"site-sidebar-layout":"default","site-content-layout":"default","ast-global-header-display":"","ast-main-header-display":"","ast-hfb-above-header-display":"","ast-hfb-below-header-display":"","ast-hfb-mobile-header-display":"","site-post-title":"disabled","ast-breadcrumbs-content":"","ast-featured-img":"","footer-sml-layout":"","theme-transparent-header-meta":"default","adv-header-id-meta":"","stick-header-meta":"","header-above-stick-meta":"","header-main-stick-meta":"","header-below-stick-meta":""},"product_brand":[],"product_cat":[24,17],"product_tag":[],"class_list":{"0":"post-865","1":"product","2":"type-product","3":"status-publish","4":"has-post-thumbnail","6":"product_cat-laminador-resistencias","7":"product_cat-maquinas","9":"first","10":"instock","11":"shipping-taxable","12":"product-type-simple"},"_links":{"self":[{"href":"https:\/\/www.heatecx.com\/pt\/wp-json\/wp\/v2\/product\/865","targetHints":{"allow":["GET"]}}],"collection":[{"href":"https:\/\/www.heatecx.com\/pt\/wp-json\/wp\/v2\/product"}],"about":[{"href":"https:\/\/www.heatecx.com\/pt\/wp-json\/wp\/v2\/types\/product"}],"replies":[{"embeddable":true,"href":"https:\/\/www.heatecx.com\/pt\/wp-json\/wp\/v2\/comments?post=865"}],"wp:featuredmedia":[{"embeddable":true,"href":"https:\/\/www.heatecx.com\/pt\/wp-json\/wp\/v2\/media\/866"}],"wp:attachment":[{"href":"https:\/\/www.heatecx.com\/pt\/wp-json\/wp\/v2\/media?parent=865"}],"wp:term":[{"taxonomy":"product_brand","embeddable":true,"href":"https:\/\/www.heatecx.com\/pt\/wp-json\/wp\/v2\/product_brand?post=865"},{"taxonomy":"product_cat","embeddable":true,"href":"https:\/\/www.heatecx.com\/pt\/wp-json\/wp\/v2\/product_cat?post=865"},{"taxonomy":"product_tag","embeddable":true,"href":"https:\/\/www.heatecx.com\/pt\/wp-json\/wp\/v2\/product_tag?post=865"}],"curies":[{"name":"wp","href":"https:\/\/api.w.org\/{rel}","templated":true}]}}