{"id":872,"date":"2026-03-25T06:26:33","date_gmt":"2026-03-25T06:26:33","guid":{"rendered":"https:\/\/www.heatecx.com\/pt\/?post_type=product&#038;p=872"},"modified":"2026-05-07T07:12:33","modified_gmt":"2026-05-07T07:12:33","slug":"maquina-laminadora-de-tubos-de-aluminio-aletados-htr-800","status":"publish","type":"product","link":"https:\/\/www.heatecx.com\/pt\/producto\/maquina-laminadora-de-tubos-de-aluminio-aletados-htr-800\/","title":{"rendered":"M\u00e1quina Laminadora de Tubos de Alum\u00ednio Aletados HTR-800"},"content":{"rendered":"<p>Otimize a produ\u00e7\u00e3o dos seus componentes t\u00e9rmicos com a M\u00e1quina Laminadora de Tubos de Alum\u00ednio Aletados HTR-800, a solu\u00e7\u00e3o definitiva para a redu\u00e7\u00e3o de tubos com aletas. Projetada para a fabrica\u00e7\u00e3o de tubos aletados de alum\u00ednio de alta efici\u00eancia, esta redutora de tubos com aletas \u00e9 indispens\u00e1vel para fabricantes de permutadores de calor, radiadores e sistemas de AVAC. A HTR-800 permite obter tubos com formas reduzidas em &#8216;X&#8217;, maximizando a superf\u00edcie de contacto e a efici\u00eancia t\u00e9rmica. Com esta <em>finned aluminum pipe roll reducing machine<\/em>, a sua empresa alcan\u00e7ar\u00e1 novos padr\u00f5es na produ\u00e7\u00e3o de tubos para permutadores de calor, garantindo produtos de qualidade superior e um desempenho inigual\u00e1vel no mercado.<\/p>\n","protected":false},"excerpt":{"rendered":"<p>Otimize a produ\u00e7\u00e3o dos seus componentes t\u00e9rmicos com a M\u00e1quina Laminadora de Tubos de Alum\u00ednio Aletados HTR-800, a solu\u00e7\u00e3o definitiva para a redu\u00e7\u00e3o de tubos com aletas. Projetada para a fabrica\u00e7\u00e3o de tubos aletados de alum\u00ednio de alta efici\u00eancia, esta redutora de tubos com aletas \u00e9 indispens\u00e1vel para fabricantes de permutadores de calor, radiadores e sistemas de AVAC. A HTR-800 permite obter tubos com formas reduzidas em &#8216;X&#8217;, maximizando a superf\u00edcie de contacto e a efici\u00eancia t\u00e9rmica. Com esta <em>finned aluminum pipe roll reducing machine<\/em>, a sua empresa alcan\u00e7ar\u00e1 novos padr\u00f5es na produ\u00e7\u00e3o de tubos para permutadores de calor, garantindo produtos de qualidade superior e um desempenho inigual\u00e1vel no mercado.<\/p>\n","protected":false},"featured_media":873,"comment_status":"open","ping_status":"closed","template":"","meta":{"site-sidebar-layout":"default","site-content-layout":"default","ast-global-header-display":"","ast-main-header-display":"","ast-hfb-above-header-display":"","ast-hfb-below-header-display":"","ast-hfb-mobile-header-display":"","site-post-title":"disabled","ast-breadcrumbs-content":"","ast-featured-img":"","footer-sml-layout":"","theme-transparent-header-meta":"default","adv-header-id-meta":"","stick-header-meta":"","header-above-stick-meta":"","header-main-stick-meta":"","header-below-stick-meta":""},"product_brand":[],"product_cat":[24,17],"product_tag":[],"class_list":{"0":"post-872","1":"product","2":"type-product","3":"status-publish","4":"has-post-thumbnail","6":"product_cat-laminador-resistencias","7":"product_cat-maquinas","9":"first","10":"instock","11":"shipping-taxable","12":"product-type-simple"},"_links":{"self":[{"href":"https:\/\/www.heatecx.com\/pt\/wp-json\/wp\/v2\/product\/872","targetHints":{"allow":["GET"]}}],"collection":[{"href":"https:\/\/www.heatecx.com\/pt\/wp-json\/wp\/v2\/product"}],"about":[{"href":"https:\/\/www.heatecx.com\/pt\/wp-json\/wp\/v2\/types\/product"}],"replies":[{"embeddable":true,"href":"https:\/\/www.heatecx.com\/pt\/wp-json\/wp\/v2\/comments?post=872"}],"wp:featuredmedia":[{"embeddable":true,"href":"https:\/\/www.heatecx.com\/pt\/wp-json\/wp\/v2\/media\/873"}],"wp:attachment":[{"href":"https:\/\/www.heatecx.com\/pt\/wp-json\/wp\/v2\/media?parent=872"}],"wp:term":[{"taxonomy":"product_brand","embeddable":true,"href":"https:\/\/www.heatecx.com\/pt\/wp-json\/wp\/v2\/product_brand?post=872"},{"taxonomy":"product_cat","embeddable":true,"href":"https:\/\/www.heatecx.com\/pt\/wp-json\/wp\/v2\/product_cat?post=872"},{"taxonomy":"product_tag","embeddable":true,"href":"https:\/\/www.heatecx.com\/pt\/wp-json\/wp\/v2\/product_tag?post=872"}],"curies":[{"name":"wp","href":"https:\/\/api.w.org\/{rel}","templated":true}]}}