{"id":877,"date":"2026-03-25T10:54:52","date_gmt":"2026-03-25T10:54:52","guid":{"rendered":"https:\/\/www.heatecx.com\/pt\/?post_type=product&#038;p=877"},"modified":"2026-03-26T07:05:53","modified_gmt":"2026-03-26T07:05:53","slug":"maquina-laminadora-de-resistencias-de-cartucho-htc-12","status":"publish","type":"product","link":"https:\/\/www.heatecx.com\/pt\/producto\/maquina-laminadora-de-resistencias-de-cartucho-htc-12\/","title":{"rendered":"M\u00e1quina Laminadora de Resistencias de Cartucho HTC-12"},"content":{"rendered":"<p>A M\u00e1quina Laminadora HTC-12 \u00e9 uma solu\u00e7\u00e3o de engenharia de vanguarda para a fabrica\u00e7\u00e3o de resistencias de cartucho e outras resistencias el\u00e9tricas tubulares. A sua fun\u00e7\u00e3o principal \u00e9 comprimir o di\u00e2metro do tubo para aumentar a densidade do p\u00f3 de MgO, um passo crucial que melhora significativamente a condutividade t\u00e9rmica e a rigidez diel\u00e9trica do elemento calefator. Este processo de densifica\u00e7\u00e3o de MgO assegura uma transfer\u00eancia de calor mais eficiente desde o fio resistivo at\u00e9 \u00e0 bainha met\u00e1lica, prolongando a vida \u00fatil da resistencia e otimizando o seu rendimento energ\u00e9tico. Constru\u00edda sobre uma bancada integral de ferro fundido, a HTC-12 garante uma estabilidade e durabilidade excecionais, tendo sido submetida a um tratamento de t\u00eampera a alta temperatura durante 72 horas para eliminar tens\u00f5es internas e assegurar um funcionamento fi\u00e1vel a longo prazo. \u00c9 a ferramenta indispens\u00e1vel para fabricantes que procuram a m\u00e1xima qualidade e efici\u00eancia nas suas resistencias industriais.<\/p>\n","protected":false},"excerpt":{"rendered":"<p>A M\u00e1quina Laminadora HTC-12 \u00e9 uma solu\u00e7\u00e3o de engenharia de vanguarda para a fabrica\u00e7\u00e3o de resistencias de cartucho e outras resistencias el\u00e9tricas tubulares. A sua fun\u00e7\u00e3o principal \u00e9 comprimir o di\u00e2metro do tubo para aumentar a densidade do p\u00f3 de MgO, um passo crucial que melhora significativamente a condutividade t\u00e9rmica e a rigidez diel\u00e9trica do elemento calefator. Este processo de densifica\u00e7\u00e3o de MgO assegura uma transfer\u00eancia de calor mais eficiente desde o fio resistivo at\u00e9 \u00e0 bainha met\u00e1lica, prolongando a vida \u00fatil da resistencia e otimizando o seu rendimento energ\u00e9tico. Constru\u00edda sobre uma bancada integral de ferro fundido, a HTC-12 garante uma estabilidade e durabilidade excecionais, tendo sido submetida a um tratamento de t\u00eampera a alta temperatura durante 72 horas para eliminar tens\u00f5es internas e assegurar um funcionamento fi\u00e1vel a longo prazo. \u00c9 a ferramenta indispens\u00e1vel para fabricantes que procuram a m\u00e1xima qualidade e efici\u00eancia nas suas resistencias industriais.<\/p>\n","protected":false},"featured_media":941,"comment_status":"open","ping_status":"closed","template":"","meta":{"site-sidebar-layout":"default","site-content-layout":"default","ast-global-header-display":"","ast-main-header-display":"","ast-hfb-above-header-display":"","ast-hfb-below-header-display":"","ast-hfb-mobile-header-display":"","site-post-title":"disabled","ast-breadcrumbs-content":"","ast-featured-img":"","footer-sml-layout":"","theme-transparent-header-meta":"default","adv-header-id-meta":"","stick-header-meta":"","header-above-stick-meta":"","header-main-stick-meta":"","header-below-stick-meta":""},"product_brand":[],"product_cat":[24,17],"product_tag":[],"class_list":{"0":"post-877","1":"product","2":"type-product","3":"status-publish","4":"has-post-thumbnail","6":"product_cat-laminador-resistencias","7":"product_cat-maquinas","9":"first","10":"instock","11":"shipping-taxable","12":"product-type-simple"},"_links":{"self":[{"href":"https:\/\/www.heatecx.com\/pt\/wp-json\/wp\/v2\/product\/877","targetHints":{"allow":["GET"]}}],"collection":[{"href":"https:\/\/www.heatecx.com\/pt\/wp-json\/wp\/v2\/product"}],"about":[{"href":"https:\/\/www.heatecx.com\/pt\/wp-json\/wp\/v2\/types\/product"}],"replies":[{"embeddable":true,"href":"https:\/\/www.heatecx.com\/pt\/wp-json\/wp\/v2\/comments?post=877"}],"wp:featuredmedia":[{"embeddable":true,"href":"https:\/\/www.heatecx.com\/pt\/wp-json\/wp\/v2\/media\/941"}],"wp:attachment":[{"href":"https:\/\/www.heatecx.com\/pt\/wp-json\/wp\/v2\/media?parent=877"}],"wp:term":[{"taxonomy":"product_brand","embeddable":true,"href":"https:\/\/www.heatecx.com\/pt\/wp-json\/wp\/v2\/product_brand?post=877"},{"taxonomy":"product_cat","embeddable":true,"href":"https:\/\/www.heatecx.com\/pt\/wp-json\/wp\/v2\/product_cat?post=877"},{"taxonomy":"product_tag","embeddable":true,"href":"https:\/\/www.heatecx.com\/pt\/wp-json\/wp\/v2\/product_tag?post=877"}],"curies":[{"name":"wp","href":"https:\/\/api.w.org\/{rel}","templated":true}]}}