{"id":881,"date":"2026-03-25T11:19:06","date_gmt":"2026-03-25T11:19:06","guid":{"rendered":"https:\/\/www.heatecx.com\/pt\/?post_type=product&#038;p=881"},"modified":"2026-05-07T08:07:54","modified_gmt":"2026-05-07T08:07:54","slug":"laminadora-de-resistencias-eletricas-planas-htr-210","status":"publish","type":"product","link":"https:\/\/www.heatecx.com\/pt\/producto\/laminadora-de-resistencias-eletricas-planas-htr-210\/","title":{"rendered":"Laminadora de Resistencias El\u00e9tricas Planas HTR-210"},"content":{"rendered":"<p>Constru\u00edda sobre uma bancada integral de ferro fundido, a M\u00e1quina Laminadora HTR-210 \u00e9 submetida a um tratamento de t\u00eampera a alta temperatura durante 72 horas para aliviar tens\u00f5es, conferindo-lhe uma rigidez e resist\u00eancia excecionais. Esta robustez garante uma opera\u00e7\u00e3o est\u00e1vel e livre de deforma\u00e7\u00f5es, fundamental para manter a precis\u00e3o de lamina\u00e7\u00e3o ao longo do tempo. A cabe\u00e7a de fuso de rolos de press\u00e3o, uma estrutura unificada, incorpora blocos deslizantes e um corpo de ajuste cortados com rosca, alcan\u00e7ando uma precis\u00e3o de ajuste de di\u00e2metro de 0,03 mm. Disp\u00f5e de um mostrador de ajuste fino e da capacidade de retorno ao zero para uma calibra\u00e7\u00e3o simples. A caixa de engrenagens do motor dos rolos de lamina\u00e7\u00e3o oferece velocidades diferenciais e constantes, adaptando-se \u00e0s necessidades espec\u00edficas do tubo e do cliente. A HTR-210 \u00e9 compat\u00edvel com uma vasta gama de materiais de tubos met\u00e1licos e pode processar formas quadradas, planas, retangulares e redondas mediante a troca de moldes, oferecendo uma versatilidade inigual\u00e1vel na produ\u00e7\u00e3o de resistencias el\u00e9tricas industriais.<\/p>\n","protected":false},"excerpt":{"rendered":"<p>Constru\u00edda sobre uma bancada integral de ferro fundido, a M\u00e1quina Laminadora HTR-210 \u00e9 submetida a um tratamento de t\u00eampera a alta temperatura durante 72 horas para aliviar tens\u00f5es, conferindo-lhe uma rigidez e resist\u00eancia excecionais. Esta robustez garante uma opera\u00e7\u00e3o est\u00e1vel e livre de deforma\u00e7\u00f5es, fundamental para manter a precis\u00e3o de lamina\u00e7\u00e3o ao longo do tempo. A cabe\u00e7a de fuso de rolos de press\u00e3o, uma estrutura unificada, incorpora blocos deslizantes e um corpo de ajuste cortados com rosca, alcan\u00e7ando uma precis\u00e3o de ajuste de di\u00e2metro de 0,03 mm. Disp\u00f5e de um mostrador de ajuste fino e da capacidade de retorno ao zero para uma calibra\u00e7\u00e3o simples. A caixa de engrenagens do motor dos rolos de lamina\u00e7\u00e3o oferece velocidades diferenciais e constantes, adaptando-se \u00e0s necessidades espec\u00edficas do tubo e do cliente. A HTR-210 \u00e9 compat\u00edvel com uma vasta gama de materiais de tubos met\u00e1licos e pode processar formas quadradas, planas, retangulares e redondas mediante a troca de moldes, oferecendo uma versatilidade inigual\u00e1vel na produ\u00e7\u00e3o de resistencias el\u00e9tricas industriais.<\/p>\n","protected":false},"featured_media":882,"comment_status":"open","ping_status":"closed","template":"","meta":{"site-sidebar-layout":"default","site-content-layout":"default","ast-global-header-display":"","ast-main-header-display":"","ast-hfb-above-header-display":"","ast-hfb-below-header-display":"","ast-hfb-mobile-header-display":"","site-post-title":"disabled","ast-breadcrumbs-content":"","ast-featured-img":"","footer-sml-layout":"","theme-transparent-header-meta":"default","adv-header-id-meta":"","stick-header-meta":"","header-above-stick-meta":"","header-main-stick-meta":"","header-below-stick-meta":""},"product_brand":[],"product_cat":[24,17],"product_tag":[],"class_list":{"0":"post-881","1":"product","2":"type-product","3":"status-publish","4":"has-post-thumbnail","6":"product_cat-laminador-resistencias","7":"product_cat-maquinas","9":"first","10":"instock","11":"shipping-taxable","12":"product-type-simple"},"_links":{"self":[{"href":"https:\/\/www.heatecx.com\/pt\/wp-json\/wp\/v2\/product\/881","targetHints":{"allow":["GET"]}}],"collection":[{"href":"https:\/\/www.heatecx.com\/pt\/wp-json\/wp\/v2\/product"}],"about":[{"href":"https:\/\/www.heatecx.com\/pt\/wp-json\/wp\/v2\/types\/product"}],"replies":[{"embeddable":true,"href":"https:\/\/www.heatecx.com\/pt\/wp-json\/wp\/v2\/comments?post=881"}],"wp:featuredmedia":[{"embeddable":true,"href":"https:\/\/www.heatecx.com\/pt\/wp-json\/wp\/v2\/media\/882"}],"wp:attachment":[{"href":"https:\/\/www.heatecx.com\/pt\/wp-json\/wp\/v2\/media?parent=881"}],"wp:term":[{"taxonomy":"product_brand","embeddable":true,"href":"https:\/\/www.heatecx.com\/pt\/wp-json\/wp\/v2\/product_brand?post=881"},{"taxonomy":"product_cat","embeddable":true,"href":"https:\/\/www.heatecx.com\/pt\/wp-json\/wp\/v2\/product_cat?post=881"},{"taxonomy":"product_tag","embeddable":true,"href":"https:\/\/www.heatecx.com\/pt\/wp-json\/wp\/v2\/product_tag?post=881"}],"curies":[{"name":"wp","href":"https:\/\/api.w.org\/{rel}","templated":true}]}}