{"id":889,"date":"2026-03-25T13:19:29","date_gmt":"2026-03-25T13:19:29","guid":{"rendered":"https:\/\/www.heatecx.com\/pt\/?post_type=product&#038;p=889"},"modified":"2026-03-25T14:07:02","modified_gmt":"2026-03-25T14:07:02","slug":"maquina-dobradora-de-tubos-automatica-quwm-modelo-ht-b6","status":"publish","type":"product","link":"https:\/\/www.heatecx.com\/pt\/producto\/maquina-dobradora-de-tubos-automatica-quwm-modelo-ht-b6\/","title":{"rendered":"M\u00e1quina Dobradora de Tubos Autom\u00e1tica QUWM (Modelo HT-B6)"},"content":{"rendered":"<p>A M\u00e1quina Dobradora de Tubos Autom\u00e1tica QUWM (Modelo HT-B6) \u00e9 uma nova solu\u00e7\u00e3o de engenharia de vanguarda, batizada com o nome QUWM devido \u00e0 sua excecional capacidade para o curvamento de precis\u00e3o de tubos met\u00e1licos em formas espec\u00edficas como Q, U, M e W. Esta m\u00e1quina dobradora de tubos Q, U, M, W \u00e9 ideal para a produ\u00e7\u00e3o de configura\u00e7\u00f5es complexas, sejam curvamentos simples ou m\u00faltiplos. A sua tecnologia avan\u00e7ada integra um controlo por servomotor para a gest\u00e3o de diferentes estruturas e uma transmiss\u00e3o hidr\u00e1ulica ou por motor redutor, garantindo uma opera\u00e7\u00e3o suave e eficiente. Equipada com um Sistema de Controlo PLC e uma interface de ecr\u00e3 t\u00e1til, a QUWM (HT-B6) oferece uma opera\u00e7\u00e3o intuitiva e automatizada, desde a alimenta\u00e7\u00e3o manual at\u00e9 \u00e0 conclus\u00e3o autom\u00e1tica de todo o processo de curvamento. \u00c9 a m\u00e1quina dobradora de tubos perfeita para ind\u00fastrias que exigem alta precis\u00e3o e repetibilidade no conformado de tubos, especialmente na fabrica\u00e7\u00e3o de resistencias el\u00e9tricas tubulares com geometrias espec\u00edficas.<\/p>\n","protected":false},"excerpt":{"rendered":"<p>A M\u00e1quina Dobradora de Tubos Autom\u00e1tica QUWM (Modelo HT-B6) \u00e9 uma nova solu\u00e7\u00e3o de engenharia de vanguarda, batizada com o nome QUWM devido \u00e0 sua excecional capacidade para o curvamento de precis\u00e3o de tubos met\u00e1licos em formas espec\u00edficas como Q, U, M e W. Esta m\u00e1quina dobradora de tubos Q, U, M, W \u00e9 ideal para a produ\u00e7\u00e3o de configura\u00e7\u00f5es complexas, sejam curvamentos simples ou m\u00faltiplos. A sua tecnologia avan\u00e7ada integra um controlo por servomotor para a gest\u00e3o de diferentes estruturas e uma transmiss\u00e3o hidr\u00e1ulica ou por motor redutor, garantindo uma opera\u00e7\u00e3o suave e eficiente. Equipada com um Sistema de Controlo PLC e uma interface de ecr\u00e3 t\u00e1til, a QUWM (HT-B6) oferece uma opera\u00e7\u00e3o intuitiva e automatizada, desde a alimenta\u00e7\u00e3o manual at\u00e9 \u00e0 conclus\u00e3o autom\u00e1tica de todo o processo de curvamento. \u00c9 a m\u00e1quina dobradora de tubos perfeita para ind\u00fastrias que exigem alta precis\u00e3o e repetibilidade no conformado de tubos, especialmente na fabrica\u00e7\u00e3o de resistencias el\u00e9tricas tubulares com geometrias espec\u00edficas.<\/p>\n","protected":false},"featured_media":890,"comment_status":"open","ping_status":"closed","template":"","meta":{"site-sidebar-layout":"default","site-content-layout":"default","ast-global-header-display":"","ast-main-header-display":"","ast-hfb-above-header-display":"","ast-hfb-below-header-display":"","ast-hfb-mobile-header-display":"","site-post-title":"disabled","ast-breadcrumbs-content":"","ast-featured-img":"","footer-sml-layout":"","theme-transparent-header-meta":"default","adv-header-id-meta":"","stick-header-meta":"","header-above-stick-meta":"","header-main-stick-meta":"","header-below-stick-meta":""},"product_brand":[],"product_cat":[29,17],"product_tag":[],"class_list":{"0":"post-889","1":"product","2":"type-product","3":"status-publish","4":"has-post-thumbnail","6":"product_cat-dobladoras","7":"product_cat-maquinas","9":"first","10":"instock","11":"shipping-taxable","12":"product-type-simple"},"_links":{"self":[{"href":"https:\/\/www.heatecx.com\/pt\/wp-json\/wp\/v2\/product\/889","targetHints":{"allow":["GET"]}}],"collection":[{"href":"https:\/\/www.heatecx.com\/pt\/wp-json\/wp\/v2\/product"}],"about":[{"href":"https:\/\/www.heatecx.com\/pt\/wp-json\/wp\/v2\/types\/product"}],"replies":[{"embeddable":true,"href":"https:\/\/www.heatecx.com\/pt\/wp-json\/wp\/v2\/comments?post=889"}],"wp:featuredmedia":[{"embeddable":true,"href":"https:\/\/www.heatecx.com\/pt\/wp-json\/wp\/v2\/media\/890"}],"wp:attachment":[{"href":"https:\/\/www.heatecx.com\/pt\/wp-json\/wp\/v2\/media?parent=889"}],"wp:term":[{"taxonomy":"product_brand","embeddable":true,"href":"https:\/\/www.heatecx.com\/pt\/wp-json\/wp\/v2\/product_brand?post=889"},{"taxonomy":"product_cat","embeddable":true,"href":"https:\/\/www.heatecx.com\/pt\/wp-json\/wp\/v2\/product_cat?post=889"},{"taxonomy":"product_tag","embeddable":true,"href":"https:\/\/www.heatecx.com\/pt\/wp-json\/wp\/v2\/product_tag?post=889"}],"curies":[{"name":"wp","href":"https:\/\/api.w.org\/{rel}","templated":true}]}}