{"id":895,"date":"2026-03-25T22:05:43","date_gmt":"2026-03-25T22:05:43","guid":{"rendered":"https:\/\/www.heatecx.com\/pt\/?post_type=product&#038;p=895"},"modified":"2026-03-26T01:28:10","modified_gmt":"2026-03-26T01:28:10","slug":"roladora-circular-de-faixas-metalicas-ht-b6","status":"publish","type":"product","link":"https:\/\/www.heatecx.com\/pt\/producto\/roladora-circular-de-faixas-metalicas-ht-b6\/","title":{"rendered":"Roladora Circular de Faixas Met\u00e1licas HT-B6"},"content":{"rendered":"<p>Uma M\u00e1quina para dobrar metal circular, tamb\u00e9m conhecida como Formadora de tambor para resistencias ou Enroladora de pe\u00e7as planas para resistencias de faixa, \u00e9 um equipamento especializado utilizado para curvar e dar forma a tiras ou l\u00e2minas de metal em configura\u00e7\u00f5es cil\u00edndricas ou anulares. Este processo \u00e9 fundamental na fabrica\u00e7\u00e3o de componentes que requerem uma forma curva ou circular, como as carca\u00e7as de resistencias de faixa ou os elementos aquecedores de bra\u00e7adeira. A m\u00e1quina aplica press\u00e3o e movimento rotativo \u00e0 tira de metal, guiando-a atrav\u00e9s de rolos ajust\u00e1veis para atingir o di\u00e2metro desejado. A capacidade de ajustar o di\u00e2metro e a velocidade de enrolamento permite que esta M\u00e1quina para fabricar resistencias de bra\u00e7adeira se adapte a uma ampla variedade de especifica\u00e7\u00f5es de produto, otimizando a produ\u00e7\u00e3o e garantindo a precis\u00e3o dimensional das pe\u00e7as met\u00e1licas planas.<\/p>\n","protected":false},"excerpt":{"rendered":"<p>Uma M\u00e1quina para dobrar metal circular, tamb\u00e9m conhecida como Formadora de tambor para resistencias ou Enroladora de pe\u00e7as planas para resistencias de faixa, \u00e9 um equipamento especializado utilizado para curvar e dar forma a tiras ou l\u00e2minas de metal em configura\u00e7\u00f5es cil\u00edndricas ou anulares. Este processo \u00e9 fundamental na fabrica\u00e7\u00e3o de componentes que requerem uma forma curva ou circular, como as carca\u00e7as de resistencias de faixa ou os elementos aquecedores de bra\u00e7adeira. A m\u00e1quina aplica press\u00e3o e movimento rotativo \u00e0 tira de metal, guiando-a atrav\u00e9s de rolos ajust\u00e1veis para atingir o di\u00e2metro desejado. A capacidade de ajustar o di\u00e2metro e a velocidade de enrolamento permite que esta M\u00e1quina para fabricar resistencias de bra\u00e7adeira se adapte a uma ampla variedade de especifica\u00e7\u00f5es de produto, otimizando a produ\u00e7\u00e3o e garantindo a precis\u00e3o dimensional das pe\u00e7as met\u00e1licas planas.<\/p>\n","protected":false},"featured_media":896,"comment_status":"open","ping_status":"closed","template":"","meta":{"site-sidebar-layout":"default","site-content-layout":"default","ast-global-header-display":"","ast-main-header-display":"","ast-hfb-above-header-display":"","ast-hfb-below-header-display":"","ast-hfb-mobile-header-display":"","site-post-title":"disabled","ast-breadcrumbs-content":"","ast-featured-img":"","footer-sml-layout":"","theme-transparent-header-meta":"default","adv-header-id-meta":"","stick-header-meta":"","header-above-stick-meta":"","header-main-stick-meta":"","header-below-stick-meta":""},"product_brand":[],"product_cat":[29,17],"product_tag":[],"class_list":{"0":"post-895","1":"product","2":"type-product","3":"status-publish","4":"has-post-thumbnail","6":"product_cat-dobladoras","7":"product_cat-maquinas","9":"first","10":"instock","11":"shipping-taxable","12":"product-type-simple"},"_links":{"self":[{"href":"https:\/\/www.heatecx.com\/pt\/wp-json\/wp\/v2\/product\/895","targetHints":{"allow":["GET"]}}],"collection":[{"href":"https:\/\/www.heatecx.com\/pt\/wp-json\/wp\/v2\/product"}],"about":[{"href":"https:\/\/www.heatecx.com\/pt\/wp-json\/wp\/v2\/types\/product"}],"replies":[{"embeddable":true,"href":"https:\/\/www.heatecx.com\/pt\/wp-json\/wp\/v2\/comments?post=895"}],"wp:featuredmedia":[{"embeddable":true,"href":"https:\/\/www.heatecx.com\/pt\/wp-json\/wp\/v2\/media\/896"}],"wp:attachment":[{"href":"https:\/\/www.heatecx.com\/pt\/wp-json\/wp\/v2\/media?parent=895"}],"wp:term":[{"taxonomy":"product_brand","embeddable":true,"href":"https:\/\/www.heatecx.com\/pt\/wp-json\/wp\/v2\/product_brand?post=895"},{"taxonomy":"product_cat","embeddable":true,"href":"https:\/\/www.heatecx.com\/pt\/wp-json\/wp\/v2\/product_cat?post=895"},{"taxonomy":"product_tag","embeddable":true,"href":"https:\/\/www.heatecx.com\/pt\/wp-json\/wp\/v2\/product_tag?post=895"}],"curies":[{"name":"wp","href":"https:\/\/api.w.org\/{rel}","templated":true}]}}