{"id":898,"date":"2026-03-25T22:25:38","date_gmt":"2026-03-25T22:25:38","guid":{"rendered":"https:\/\/www.heatecx.com\/pt\/?post_type=product&#038;p=898"},"modified":"2026-03-26T01:25:40","modified_gmt":"2026-03-26T01:25:40","slug":"maquina-plegadora-e-conformadora-de-bordas-para-resistencias-coleira","status":"publish","type":"product","link":"https:\/\/www.heatecx.com\/pt\/producto\/maquina-plegadora-e-conformadora-de-bordas-para-resistencias-coleira\/","title":{"rendered":"M\u00e1quina Plegadora e Conformadora de Bordas para Resist\u00eancias Coleira"},"content":{"rendered":"<p>A m\u00e1quina plegadora e formadora de bordas (tamb\u00e9m conhecida como estriadora ou acanaladora de chapa met\u00e1lica) \u00e9 um equipamento industrial de precis\u00e3o projetado especificamente para a conforma\u00e7\u00e3o do chassi externo de resistencias de bra\u00e7adeira cer\u00e2micas e resist\u00eancias Coleira. Sua fun\u00e7\u00e3o principal consiste em processar a fita ou chapa de a\u00e7o inoxid\u00e1vel (geralmente SS 304 ou similar), aplicando um perfil cont\u00ednuo nas bordas para criar uma estrutura dentada, corrugada ou em forma de &#8220;rosca&#8221;. Este perfilado especializado \u00e9 um passo cr\u00edtico na fabrica\u00e7\u00e3o de resistencias de faixa, pois confere \u00e0 carca\u00e7a met\u00e1lica a flexibilidade mec\u00e2nica necess\u00e1ria para ser dobrada posteriormente em formato circular sem comprometer sua integridade estrutural. Gra\u00e7as a este processo, a chapa de a\u00e7o inoxid\u00e1vel pode abrigar com seguran\u00e7a os segmentos de esteatita (n\u00facleo cer\u00e2mico) e o fio resistivo, assegurando um acoplamento perfeito sobre os cilindros das m\u00e1quinas de inje\u00e7\u00e3o e extrus\u00e3o de pl\u00e1sticos.<\/p>\n","protected":false},"excerpt":{"rendered":"<p>A m\u00e1quina plegadora e formadora de bordas (tamb\u00e9m conhecida como estriadora ou acanaladora de chapa met\u00e1lica) \u00e9 um equipamento industrial de precis\u00e3o projetado especificamente para a conforma\u00e7\u00e3o do chassi externo de resistencias de bra\u00e7adeira cer\u00e2micas e resist\u00eancias Coleira. Sua fun\u00e7\u00e3o principal consiste em processar a fita ou chapa de a\u00e7o inoxid\u00e1vel (geralmente SS 304 ou similar), aplicando um perfil cont\u00ednuo nas bordas para criar uma estrutura dentada, corrugada ou em forma de &#8220;rosca&#8221;. Este perfilado especializado \u00e9 um passo cr\u00edtico na fabrica\u00e7\u00e3o de resistencias de faixa, pois confere \u00e0 carca\u00e7a met\u00e1lica a flexibilidade mec\u00e2nica necess\u00e1ria para ser dobrada posteriormente em formato circular sem comprometer sua integridade estrutural. Gra\u00e7as a este processo, a chapa de a\u00e7o inoxid\u00e1vel pode abrigar com seguran\u00e7a os segmentos de esteatita (n\u00facleo cer\u00e2mico) e o fio resistivo, assegurando um acoplamento perfeito sobre os cilindros das m\u00e1quinas de inje\u00e7\u00e3o e extrus\u00e3o de pl\u00e1sticos.<\/p>\n","protected":false},"featured_media":899,"comment_status":"open","ping_status":"closed","template":"","meta":{"site-sidebar-layout":"default","site-content-layout":"default","ast-global-header-display":"","ast-main-header-display":"","ast-hfb-above-header-display":"","ast-hfb-below-header-display":"","ast-hfb-mobile-header-display":"","site-post-title":"disabled","ast-breadcrumbs-content":"","ast-featured-img":"","footer-sml-layout":"","theme-transparent-header-meta":"default","adv-header-id-meta":"","stick-header-meta":"","header-above-stick-meta":"","header-main-stick-meta":"","header-below-stick-meta":""},"product_brand":[],"product_cat":[29,17],"product_tag":[],"class_list":{"0":"post-898","1":"product","2":"type-product","3":"status-publish","4":"has-post-thumbnail","6":"product_cat-dobladoras","7":"product_cat-maquinas","9":"first","10":"instock","11":"shipping-taxable","12":"product-type-simple"},"_links":{"self":[{"href":"https:\/\/www.heatecx.com\/pt\/wp-json\/wp\/v2\/product\/898","targetHints":{"allow":["GET"]}}],"collection":[{"href":"https:\/\/www.heatecx.com\/pt\/wp-json\/wp\/v2\/product"}],"about":[{"href":"https:\/\/www.heatecx.com\/pt\/wp-json\/wp\/v2\/types\/product"}],"replies":[{"embeddable":true,"href":"https:\/\/www.heatecx.com\/pt\/wp-json\/wp\/v2\/comments?post=898"}],"wp:featuredmedia":[{"embeddable":true,"href":"https:\/\/www.heatecx.com\/pt\/wp-json\/wp\/v2\/media\/899"}],"wp:attachment":[{"href":"https:\/\/www.heatecx.com\/pt\/wp-json\/wp\/v2\/media?parent=898"}],"wp:term":[{"taxonomy":"product_brand","embeddable":true,"href":"https:\/\/www.heatecx.com\/pt\/wp-json\/wp\/v2\/product_brand?post=898"},{"taxonomy":"product_cat","embeddable":true,"href":"https:\/\/www.heatecx.com\/pt\/wp-json\/wp\/v2\/product_cat?post=898"},{"taxonomy":"product_tag","embeddable":true,"href":"https:\/\/www.heatecx.com\/pt\/wp-json\/wp\/v2\/product_tag?post=898"}],"curies":[{"name":"wp","href":"https:\/\/api.w.org\/{rel}","templated":true}]}}