{"id":901,"date":"2026-03-25T22:46:08","date_gmt":"2026-03-25T22:46:08","guid":{"rendered":"https:\/\/www.heatecx.com\/pt\/?post_type=product&#038;p=901"},"modified":"2026-03-25T22:46:09","modified_gmt":"2026-03-25T22:46:09","slug":"maquina-de-bobinar-resistencias-tubulares-micro-ht-b4","status":"publish","type":"product","link":"https:\/\/www.heatecx.com\/pt\/producto\/maquina-de-bobinar-resistencias-tubulares-micro-ht-b4\/","title":{"rendered":"M\u00e1quina de Bobinar Resistencias Tubulares Micro HT-B4"},"content":{"rendered":"<p>Esta m\u00e1quina de bobinar de alta precis\u00e3o foi desenvolvida especificamente para a fabrica\u00e7\u00e3o de elementos aquecedores com se\u00e7\u00f5es transversais m\u00ednimas. \u00c9 a solu\u00e7\u00e3o l\u00edder de mercado para a produ\u00e7\u00e3o de componentes onde o espa\u00e7o \u00e9 cr\u00edtico, permitindo o bobinamento em di\u00e2metros internos de 0,5 mm ou menos\u2014uma capacidade t\u00e9cnica inating\u00edvel por equipamentos convencionais. A m\u00e1quina de bobinar fios para resistencias tubulares micro \u00e9 um dispositivo de ponta projetado para processar fios resistivos ultrafinos. Seu sistema de tra\u00e7\u00e3o e guia \u00e9 calibrado para trabalhar com precis\u00e3o microm\u00e9trica, prevenindo o alongamento do material e garantindo um valor \u00f4hmico constante. Gra\u00e7as \u00e0 sua versatilidade, esta m\u00e1quina de bobinar resistencias tubulares mini permite que os fabricantes produzam bobinas com passos vari\u00e1veis, adaptando-se \u00e0s exig\u00eancias t\u00e9rmicas mais demandantes da ind\u00fastria de pl\u00e1sticos e processos de canal quente (hot runner).<\/p>\n","protected":false},"excerpt":{"rendered":"<p>Esta m\u00e1quina de bobinar de alta precis\u00e3o foi desenvolvida especificamente para a fabrica\u00e7\u00e3o de elementos aquecedores com se\u00e7\u00f5es transversais m\u00ednimas. \u00c9 a solu\u00e7\u00e3o l\u00edder de mercado para a produ\u00e7\u00e3o de componentes onde o espa\u00e7o \u00e9 cr\u00edtico, permitindo o bobinamento em di\u00e2metros internos de 0,5 mm ou menos\u2014uma capacidade t\u00e9cnica inating\u00edvel por equipamentos convencionais. A m\u00e1quina de bobinar fios para resistencias tubulares micro \u00e9 um dispositivo de ponta projetado para processar fios resistivos ultrafinos. Seu sistema de tra\u00e7\u00e3o e guia \u00e9 calibrado para trabalhar com precis\u00e3o microm\u00e9trica, prevenindo o alongamento do material e garantindo um valor \u00f4hmico constante. Gra\u00e7as \u00e0 sua versatilidade, esta m\u00e1quina de bobinar resistencias tubulares mini permite que os fabricantes produzam bobinas com passos vari\u00e1veis, adaptando-se \u00e0s exig\u00eancias t\u00e9rmicas mais demandantes da ind\u00fastria de pl\u00e1sticos e processos de canal quente (hot runner).<\/p>\n","protected":false},"featured_media":902,"comment_status":"open","ping_status":"closed","template":"","meta":{"site-sidebar-layout":"default","site-content-layout":"default","ast-global-header-display":"","ast-main-header-display":"","ast-hfb-above-header-display":"","ast-hfb-below-header-display":"","ast-hfb-mobile-header-display":"","site-post-title":"disabled","ast-breadcrumbs-content":"","ast-featured-img":"","footer-sml-layout":"","theme-transparent-header-meta":"default","adv-header-id-meta":"","stick-header-meta":"","header-above-stick-meta":"","header-main-stick-meta":"","header-below-stick-meta":""},"product_brand":[],"product_cat":[30,17],"product_tag":[],"class_list":{"0":"post-901","1":"product","2":"type-product","3":"status-publish","4":"has-post-thumbnail","6":"product_cat-maquinas-de-enrolamento","7":"product_cat-maquinas","9":"first","10":"instock","11":"shipping-taxable","12":"product-type-simple"},"_links":{"self":[{"href":"https:\/\/www.heatecx.com\/pt\/wp-json\/wp\/v2\/product\/901","targetHints":{"allow":["GET"]}}],"collection":[{"href":"https:\/\/www.heatecx.com\/pt\/wp-json\/wp\/v2\/product"}],"about":[{"href":"https:\/\/www.heatecx.com\/pt\/wp-json\/wp\/v2\/types\/product"}],"replies":[{"embeddable":true,"href":"https:\/\/www.heatecx.com\/pt\/wp-json\/wp\/v2\/comments?post=901"}],"wp:featuredmedia":[{"embeddable":true,"href":"https:\/\/www.heatecx.com\/pt\/wp-json\/wp\/v2\/media\/902"}],"wp:attachment":[{"href":"https:\/\/www.heatecx.com\/pt\/wp-json\/wp\/v2\/media?parent=901"}],"wp:term":[{"taxonomy":"product_brand","embeddable":true,"href":"https:\/\/www.heatecx.com\/pt\/wp-json\/wp\/v2\/product_brand?post=901"},{"taxonomy":"product_cat","embeddable":true,"href":"https:\/\/www.heatecx.com\/pt\/wp-json\/wp\/v2\/product_cat?post=901"},{"taxonomy":"product_tag","embeddable":true,"href":"https:\/\/www.heatecx.com\/pt\/wp-json\/wp\/v2\/product_tag?post=901"}],"curies":[{"name":"wp","href":"https:\/\/api.w.org\/{rel}","templated":true}]}}