{"id":911,"date":"2026-03-26T01:36:04","date_gmt":"2026-03-26T01:36:04","guid":{"rendered":"https:\/\/www.heatecx.com\/pt\/?post_type=product&#038;p=911"},"modified":"2026-03-26T07:12:33","modified_gmt":"2026-03-26T07:12:33","slug":"pulidora-industrial-de-barras-tubos-quadrados-planos-mp-02","status":"publish","type":"product","link":"https:\/\/www.heatecx.com\/pt\/producto\/pulidora-industrial-de-barras-tubos-quadrados-planos-mp-02\/","title":{"rendered":"Pulidora Industrial de Barras | Tubos Quadrados | Planos MP-02"},"content":{"rendered":"<p>Experimente o m\u00e1ximo de versatilidade e precis\u00e3o com nossa m\u00e1quina polidora de barras de ferro e perfis. Este equipamento avan\u00e7ado foi projetado para processar uma variedade de materiais, incluindo tubos quadrados, tubos retangulares, barras planas, cantoneiras e perfis em C, com uma precis\u00e3o de polimento de at\u00e9 0,05 mm. Sua capacidade de manuseio de pe\u00e7as de 1\u00d71 cm at\u00e9 10\u00d710 cm, juntamente com uma efici\u00eancia de 1 a 12 metros por minuto, torna-a uma ferramenta indispens\u00e1vel para a carpintaria met\u00e1lica e a fabrica\u00e7\u00e3o industrial. A incorpora\u00e7\u00e3o de um sistema de extra\u00e7\u00e3o de poeira e tampas protetoras transparentes e elev\u00e1veis assegura um ambiente de trabalho seguro e limpo, destacando seu compromisso com a seguran\u00e7a e a efici\u00eancia no tratamento de superf\u00edcies met\u00e1licas industriais.<\/p>\n","protected":false},"excerpt":{"rendered":"<p>Experimente o m\u00e1ximo de versatilidade e precis\u00e3o com nossa m\u00e1quina polidora de barras de ferro e perfis. Este equipamento avan\u00e7ado foi projetado para processar uma variedade de materiais, incluindo tubos quadrados, tubos retangulares, barras planas, cantoneiras e perfis em C, com uma precis\u00e3o de polimento de at\u00e9 0,05 mm. Sua capacidade de manuseio de pe\u00e7as de 1\u00d71 cm at\u00e9 10\u00d710 cm, juntamente com uma efici\u00eancia de 1 a 12 metros por minuto, torna-a uma ferramenta indispens\u00e1vel para a carpintaria met\u00e1lica e a fabrica\u00e7\u00e3o industrial. A incorpora\u00e7\u00e3o de um sistema de extra\u00e7\u00e3o de poeira e tampas protetoras transparentes e elev\u00e1veis assegura um ambiente de trabalho seguro e limpo, destacando seu compromisso com a seguran\u00e7a e a efici\u00eancia no tratamento de superf\u00edcies met\u00e1licas industriais.<\/p>\n","protected":false},"featured_media":912,"comment_status":"open","ping_status":"closed","template":"","meta":{"site-sidebar-layout":"default","site-content-layout":"default","ast-global-header-display":"","ast-main-header-display":"","ast-hfb-above-header-display":"","ast-hfb-below-header-display":"","ast-hfb-mobile-header-display":"","site-post-title":"disabled","ast-breadcrumbs-content":"","ast-featured-img":"","footer-sml-layout":"","theme-transparent-header-meta":"default","adv-header-id-meta":"","stick-header-meta":"","header-above-stick-meta":"","header-main-stick-meta":"","header-below-stick-meta":""},"product_brand":[],"product_cat":[31,17],"product_tag":[],"class_list":{"0":"post-911","1":"product","2":"type-product","3":"status-publish","4":"has-post-thumbnail","6":"product_cat-maquinas-de-polimento","7":"product_cat-maquinas","9":"first","10":"instock","11":"shipping-taxable","12":"product-type-simple"},"_links":{"self":[{"href":"https:\/\/www.heatecx.com\/pt\/wp-json\/wp\/v2\/product\/911","targetHints":{"allow":["GET"]}}],"collection":[{"href":"https:\/\/www.heatecx.com\/pt\/wp-json\/wp\/v2\/product"}],"about":[{"href":"https:\/\/www.heatecx.com\/pt\/wp-json\/wp\/v2\/types\/product"}],"replies":[{"embeddable":true,"href":"https:\/\/www.heatecx.com\/pt\/wp-json\/wp\/v2\/comments?post=911"}],"wp:featuredmedia":[{"embeddable":true,"href":"https:\/\/www.heatecx.com\/pt\/wp-json\/wp\/v2\/media\/912"}],"wp:attachment":[{"href":"https:\/\/www.heatecx.com\/pt\/wp-json\/wp\/v2\/media?parent=911"}],"wp:term":[{"taxonomy":"product_brand","embeddable":true,"href":"https:\/\/www.heatecx.com\/pt\/wp-json\/wp\/v2\/product_brand?post=911"},{"taxonomy":"product_cat","embeddable":true,"href":"https:\/\/www.heatecx.com\/pt\/wp-json\/wp\/v2\/product_cat?post=911"},{"taxonomy":"product_tag","embeddable":true,"href":"https:\/\/www.heatecx.com\/pt\/wp-json\/wp\/v2\/product_tag?post=911"}],"curies":[{"name":"wp","href":"https:\/\/api.w.org\/{rel}","templated":true}]}}