{"id":917,"date":"2026-03-26T03:05:28","date_gmt":"2026-03-26T03:05:28","guid":{"rendered":"https:\/\/www.heatecx.com\/pt\/?post_type=product&#038;p=917"},"modified":"2026-03-26T03:05:28","modified_gmt":"2026-03-26T03:05:28","slug":"pulidora-industrial-de-interior-de-tubos-mp-03","status":"publish","type":"product","link":"https:\/\/www.heatecx.com\/pt\/producto\/pulidora-industrial-de-interior-de-tubos-mp-03\/","title":{"rendered":"Pulidora Industrial de Interior de Tubos MP-03"},"content":{"rendered":"<p>Experimente o m\u00e1ximo de versatilidade e efici\u00eancia com nossa Pulidora de Interior de Tubos, uma solu\u00e7\u00e3o robusta para o tratamento de superf\u00edcies internas. Esta m\u00e1quina \u00e9 capaz de trabalhar com diversos materiais, incluindo a\u00e7o inoxid\u00e1vel, a\u00e7os especiais e tubos hidr\u00e1ulicos, oferecendo um polimento interno uniforme e de alta qualidade. Equipada com um sistema de alimenta\u00e7\u00e3o autom\u00e1tica e um controlador PLC\/CNC opcional, otimiza a produtividade e reduz a interven\u00e7\u00e3o manual. Seu design compacto (1000x900x850 mm) e peso de 200 Kg facilitam sua integra\u00e7\u00e3o em qualquer linha de produ\u00e7\u00e3o. A capacidade de utilizar diferentes ferramentas, como correia abrasiva, roda de tecido\/c\u00e2nhamo, impulsoras e um cabe\u00e7ote de polimento com haste adapt\u00e1vel, torna-a a ferramenta ideal para rebarba\u00e7\u00e3o e retifica\u00e7\u00e3o de tubos retos e tubula\u00e7\u00f5es de precis\u00e3o, garantindo uma limpeza superior das paredes internas e um acabamento superficial \u00f3timo.<\/p>\n","protected":false},"excerpt":{"rendered":"<p>Experimente o m\u00e1ximo de versatilidade e efici\u00eancia com nossa Pulidora de Interior de Tubos, uma solu\u00e7\u00e3o robusta para o tratamento de superf\u00edcies internas. Esta m\u00e1quina \u00e9 capaz de trabalhar com diversos materiais, incluindo a\u00e7o inoxid\u00e1vel, a\u00e7os especiais e tubos hidr\u00e1ulicos, oferecendo um polimento interno uniforme e de alta qualidade. Equipada com um sistema de alimenta\u00e7\u00e3o autom\u00e1tica e um controlador PLC\/CNC opcional, otimiza a produtividade e reduz a interven\u00e7\u00e3o manual. Seu design compacto (1000x900x850 mm) e peso de 200 Kg facilitam sua integra\u00e7\u00e3o em qualquer linha de produ\u00e7\u00e3o. A capacidade de utilizar diferentes ferramentas, como correia abrasiva, roda de tecido\/c\u00e2nhamo, impulsoras e um cabe\u00e7ote de polimento com haste adapt\u00e1vel, torna-a a ferramenta ideal para rebarba\u00e7\u00e3o e retifica\u00e7\u00e3o de tubos retos e tubula\u00e7\u00f5es de precis\u00e3o, garantindo uma limpeza superior das paredes internas e um acabamento superficial \u00f3timo.<\/p>\n","protected":false},"featured_media":918,"comment_status":"open","ping_status":"closed","template":"","meta":{"site-sidebar-layout":"default","site-content-layout":"default","ast-global-header-display":"","ast-main-header-display":"","ast-hfb-above-header-display":"","ast-hfb-below-header-display":"","ast-hfb-mobile-header-display":"","site-post-title":"disabled","ast-breadcrumbs-content":"","ast-featured-img":"","footer-sml-layout":"","theme-transparent-header-meta":"default","adv-header-id-meta":"","stick-header-meta":"","header-above-stick-meta":"","header-main-stick-meta":"","header-below-stick-meta":""},"product_brand":[],"product_cat":[31,17],"product_tag":[],"class_list":{"0":"post-917","1":"product","2":"type-product","3":"status-publish","4":"has-post-thumbnail","6":"product_cat-maquinas-de-polimento","7":"product_cat-maquinas","9":"first","10":"instock","11":"shipping-taxable","12":"product-type-simple"},"_links":{"self":[{"href":"https:\/\/www.heatecx.com\/pt\/wp-json\/wp\/v2\/product\/917","targetHints":{"allow":["GET"]}}],"collection":[{"href":"https:\/\/www.heatecx.com\/pt\/wp-json\/wp\/v2\/product"}],"about":[{"href":"https:\/\/www.heatecx.com\/pt\/wp-json\/wp\/v2\/types\/product"}],"replies":[{"embeddable":true,"href":"https:\/\/www.heatecx.com\/pt\/wp-json\/wp\/v2\/comments?post=917"}],"wp:featuredmedia":[{"embeddable":true,"href":"https:\/\/www.heatecx.com\/pt\/wp-json\/wp\/v2\/media\/918"}],"wp:attachment":[{"href":"https:\/\/www.heatecx.com\/pt\/wp-json\/wp\/v2\/media?parent=917"}],"wp:term":[{"taxonomy":"product_brand","embeddable":true,"href":"https:\/\/www.heatecx.com\/pt\/wp-json\/wp\/v2\/product_brand?post=917"},{"taxonomy":"product_cat","embeddable":true,"href":"https:\/\/www.heatecx.com\/pt\/wp-json\/wp\/v2\/product_cat?post=917"},{"taxonomy":"product_tag","embeddable":true,"href":"https:\/\/www.heatecx.com\/pt\/wp-json\/wp\/v2\/product_tag?post=917"}],"curies":[{"name":"wp","href":"https:\/\/api.w.org\/{rel}","templated":true}]}}