{"id":921,"date":"2026-03-26T03:57:31","date_gmt":"2026-03-26T03:57:31","guid":{"rendered":"https:\/\/www.heatecx.com\/pt\/?post_type=product&#038;p=921"},"modified":"2026-03-26T06:44:54","modified_gmt":"2026-03-26T06:44:54","slug":"pulidora-de-tubos-e-barras-curvas-mp-04","status":"publish","type":"product","link":"https:\/\/www.heatecx.com\/pt\/producto\/pulidora-de-tubos-e-barras-curvas-mp-04\/","title":{"rendered":"Pulidora de Tubos e Barras Curvas MP-04"},"content":{"rendered":"<p>Descubra a efici\u00eancia e a versatilidade da nossa Pulidora de Tubos Curvos, uma solu\u00e7\u00e3o robusta e de alto desempenho para o polimento de perfis redondos e ovalados. Esta polidora industrial est\u00e1 equipada com um motor de 4 Kw e opera com uma fonte de alimenta\u00e7\u00e3o de 380V, oferecendo a pot\u00eancia necess\u00e1ria para trabalhos exigentes. Seu design compacto, com dimens\u00f5es de 800x900x1200 mm e um peso de 230 Kg, facilita sua integra\u00e7\u00e3o em qualquer linha de produ\u00e7\u00e3o. A m\u00e1quina destaca-se pela sua capacidade de lidar com di\u00e2metros de processamento de 5 a 200 mm e comprimentos ilimitados, adaptando-se \u00e0s necessidades espec\u00edficas de cada projeto. A regulagem de velocidade por frequ\u00eancia vari\u00e1vel da roda guia permite um controle preciso sobre o processo de polimento, enquanto a op\u00e7\u00e3o de cintas abrasivas personaliz\u00e1veis garante um acabamento \u00f3timo para qualquer tipo de material ou requisito de brilho. Esta m\u00e1quina para acabamento de metais \u00e9 ideal para empresas que buscam melhorar a qualidade de seus produtos e otimizar seus processos de polimento de metais com um investimento inteligente e dur\u00e1vel.<\/p>\n","protected":false},"excerpt":{"rendered":"<p>Descubra a efici\u00eancia e a versatilidade da nossa Pulidora de Tubos Curvos, uma solu\u00e7\u00e3o robusta e de alto desempenho para o polimento de perfis redondos e ovalados. Esta polidora industrial est\u00e1 equipada com um motor de 4 Kw e opera com uma fonte de alimenta\u00e7\u00e3o de 380V, oferecendo a pot\u00eancia necess\u00e1ria para trabalhos exigentes. Seu design compacto, com dimens\u00f5es de 800x900x1200 mm e um peso de 230 Kg, facilita sua integra\u00e7\u00e3o em qualquer linha de produ\u00e7\u00e3o. A m\u00e1quina destaca-se pela sua capacidade de lidar com di\u00e2metros de processamento de 5 a 200 mm e comprimentos ilimitados, adaptando-se \u00e0s necessidades espec\u00edficas de cada projeto. A regulagem de velocidade por frequ\u00eancia vari\u00e1vel da roda guia permite um controle preciso sobre o processo de polimento, enquanto a op\u00e7\u00e3o de cintas abrasivas personaliz\u00e1veis garante um acabamento \u00f3timo para qualquer tipo de material ou requisito de brilho. Esta m\u00e1quina para acabamento de metais \u00e9 ideal para empresas que buscam melhorar a qualidade de seus produtos e otimizar seus processos de polimento de metais com um investimento inteligente e dur\u00e1vel.<\/p>\n","protected":false},"featured_media":922,"comment_status":"open","ping_status":"closed","template":"","meta":{"site-sidebar-layout":"default","site-content-layout":"default","ast-global-header-display":"","ast-main-header-display":"","ast-hfb-above-header-display":"","ast-hfb-below-header-display":"","ast-hfb-mobile-header-display":"","site-post-title":"disabled","ast-breadcrumbs-content":"","ast-featured-img":"","footer-sml-layout":"","theme-transparent-header-meta":"default","adv-header-id-meta":"","stick-header-meta":"","header-above-stick-meta":"","header-main-stick-meta":"","header-below-stick-meta":""},"product_brand":[],"product_cat":[31,17],"product_tag":[],"class_list":{"0":"post-921","1":"product","2":"type-product","3":"status-publish","4":"has-post-thumbnail","6":"product_cat-maquinas-de-polimento","7":"product_cat-maquinas","9":"first","10":"instock","11":"shipping-taxable","12":"product-type-simple"},"_links":{"self":[{"href":"https:\/\/www.heatecx.com\/pt\/wp-json\/wp\/v2\/product\/921","targetHints":{"allow":["GET"]}}],"collection":[{"href":"https:\/\/www.heatecx.com\/pt\/wp-json\/wp\/v2\/product"}],"about":[{"href":"https:\/\/www.heatecx.com\/pt\/wp-json\/wp\/v2\/types\/product"}],"replies":[{"embeddable":true,"href":"https:\/\/www.heatecx.com\/pt\/wp-json\/wp\/v2\/comments?post=921"}],"wp:featuredmedia":[{"embeddable":true,"href":"https:\/\/www.heatecx.com\/pt\/wp-json\/wp\/v2\/media\/922"}],"wp:attachment":[{"href":"https:\/\/www.heatecx.com\/pt\/wp-json\/wp\/v2\/media?parent=921"}],"wp:term":[{"taxonomy":"product_brand","embeddable":true,"href":"https:\/\/www.heatecx.com\/pt\/wp-json\/wp\/v2\/product_brand?post=921"},{"taxonomy":"product_cat","embeddable":true,"href":"https:\/\/www.heatecx.com\/pt\/wp-json\/wp\/v2\/product_cat?post=921"},{"taxonomy":"product_tag","embeddable":true,"href":"https:\/\/www.heatecx.com\/pt\/wp-json\/wp\/v2\/product_tag?post=921"}],"curies":[{"name":"wp","href":"https:\/\/api.w.org\/{rel}","templated":true}]}}