{"id":926,"date":"2026-03-26T04:21:17","date_gmt":"2026-03-26T04:21:17","guid":{"rendered":"https:\/\/www.heatecx.com\/pt\/?post_type=product&#038;p=926"},"modified":"2026-03-26T04:21:17","modified_gmt":"2026-03-26T04:21:17","slug":"pulidora-para-tubos-redondos-mp-05","status":"publish","type":"product","link":"https:\/\/www.heatecx.com\/pt\/producto\/pulidora-para-tubos-redondos-mp-05\/","title":{"rendered":"Pulidora para Tubos Redondos MP-05"},"content":{"rendered":"<p>Descubra a versatilidade e a precis\u00e3o da nossa Pulidora de Tubos e Barras Cil\u00edndricas, um equipamento essencial para o polimento de metais e o acabamento de superf\u00edcies. Esta m\u00e1quina \u00e9 especialmente projetada para o polimento de precis\u00e3o de pe\u00e7as ap\u00f3s o usinagem em torno, garantindo uma precis\u00e3o de processamento de 0,02 mm. Sua capacidade de trabalhar com uma ampla variedade de materiais, incluindo tubos de cobre, tubos de a\u00e7o, barras de ferro, tubos de a\u00e7o inoxid\u00e1vel e tubos de alum\u00ednio, torna-a uma ferramenta indispens\u00e1vel. Al\u00e9m disso, seu sistema de regulagem de velocidade por frequ\u00eancia vari\u00e1vel para a roda guia e o sistema de remo\u00e7\u00e3o de poeira por ventilador asseguram um controle \u00f3timo do processo e um ambiente de trabalho mais limpo. A m\u00e1quina \u00e9 ideal para o polimento de superf\u00edcies externas de a\u00e7o, madeira, var\u00f5es e acess\u00f3rios de tubula\u00e7\u00e3o, oferecendo resultados superiores e uma melhora not\u00e1vel na qualidade final do produto.<\/p>\n","protected":false},"excerpt":{"rendered":"<p>Descubra a versatilidade e a precis\u00e3o da nossa Pulidora de Tubos e Barras Cil\u00edndricas, um equipamento essencial para o polimento de metais e o acabamento de superf\u00edcies. Esta m\u00e1quina \u00e9 especialmente projetada para o polimento de precis\u00e3o de pe\u00e7as ap\u00f3s o usinagem em torno, garantindo uma precis\u00e3o de processamento de 0,02 mm. Sua capacidade de trabalhar com uma ampla variedade de materiais, incluindo tubos de cobre, tubos de a\u00e7o, barras de ferro, tubos de a\u00e7o inoxid\u00e1vel e tubos de alum\u00ednio, torna-a uma ferramenta indispens\u00e1vel. Al\u00e9m disso, seu sistema de regulagem de velocidade por frequ\u00eancia vari\u00e1vel para a roda guia e o sistema de remo\u00e7\u00e3o de poeira por ventilador asseguram um controle \u00f3timo do processo e um ambiente de trabalho mais limpo. A m\u00e1quina \u00e9 ideal para o polimento de superf\u00edcies externas de a\u00e7o, madeira, var\u00f5es e acess\u00f3rios de tubula\u00e7\u00e3o, oferecendo resultados superiores e uma melhora not\u00e1vel na qualidade final do produto.<\/p>\n","protected":false},"featured_media":927,"comment_status":"open","ping_status":"closed","template":"","meta":{"site-sidebar-layout":"default","site-content-layout":"default","ast-global-header-display":"","ast-main-header-display":"","ast-hfb-above-header-display":"","ast-hfb-below-header-display":"","ast-hfb-mobile-header-display":"","site-post-title":"disabled","ast-breadcrumbs-content":"","ast-featured-img":"","footer-sml-layout":"","theme-transparent-header-meta":"default","adv-header-id-meta":"","stick-header-meta":"","header-above-stick-meta":"","header-main-stick-meta":"","header-below-stick-meta":""},"product_brand":[],"product_cat":[31,17],"product_tag":[],"class_list":{"0":"post-926","1":"product","2":"type-product","3":"status-publish","4":"has-post-thumbnail","6":"product_cat-maquinas-de-polimento","7":"product_cat-maquinas","9":"first","10":"instock","11":"shipping-taxable","12":"product-type-simple"},"_links":{"self":[{"href":"https:\/\/www.heatecx.com\/pt\/wp-json\/wp\/v2\/product\/926","targetHints":{"allow":["GET"]}}],"collection":[{"href":"https:\/\/www.heatecx.com\/pt\/wp-json\/wp\/v2\/product"}],"about":[{"href":"https:\/\/www.heatecx.com\/pt\/wp-json\/wp\/v2\/types\/product"}],"replies":[{"embeddable":true,"href":"https:\/\/www.heatecx.com\/pt\/wp-json\/wp\/v2\/comments?post=926"}],"wp:featuredmedia":[{"embeddable":true,"href":"https:\/\/www.heatecx.com\/pt\/wp-json\/wp\/v2\/media\/927"}],"wp:attachment":[{"href":"https:\/\/www.heatecx.com\/pt\/wp-json\/wp\/v2\/media?parent=926"}],"wp:term":[{"taxonomy":"product_brand","embeddable":true,"href":"https:\/\/www.heatecx.com\/pt\/wp-json\/wp\/v2\/product_brand?post=926"},{"taxonomy":"product_cat","embeddable":true,"href":"https:\/\/www.heatecx.com\/pt\/wp-json\/wp\/v2\/product_cat?post=926"},{"taxonomy":"product_tag","embeddable":true,"href":"https:\/\/www.heatecx.com\/pt\/wp-json\/wp\/v2\/product_tag?post=926"}],"curies":[{"name":"wp","href":"https:\/\/api.w.org\/{rel}","templated":true}]}}