{"id":935,"date":"2026-03-26T06:43:08","date_gmt":"2026-03-26T06:43:08","guid":{"rendered":"https:\/\/www.heatecx.com\/pt\/?post_type=product&#038;p=935"},"modified":"2026-03-26T06:50:39","modified_gmt":"2026-03-26T06:50:39","slug":"maquina-endireitadora-e-cortadora-de-fio-mecanica","status":"publish","type":"product","link":"https:\/\/www.heatecx.com\/pt\/producto\/maquina-endireitadora-e-cortadora-de-fio-mecanica\/","title":{"rendered":"M\u00e1quina Endireitadora e Cortadora de Fio Mec\u00e2nica"},"content":{"rendered":"<p>Esta endireitadora e cortadora de fio \u00e9 uma pe\u00e7a fundamental para ind\u00fastrias que demandam precis\u00e3o e efici\u00eancia no processamento de metais. Capaz de manusear desde fio galvanizado at\u00e9 fio de cobre, esta m\u00e1quina para endireitar fio oferece um desempenho excepcional. Sua capacidade de endireitar e cortar com alta velocidade de alimenta\u00e7\u00e3o e precis\u00e3o milim\u00e9trica a posiciona como um investimento chave para melhorar a produtividade. Seja para saber como endireitar fio galvanizado de forma industrial ou se busca uma solu\u00e7\u00e3o para o endireitamento de fio de alta resistencia, este equipamento fornece resultados consistentes e de qualidade superior. Al\u00e9m disso, est\u00e1 dispon\u00edvel em modelos com alimenta\u00e7\u00e3o servo regulada e de alta precis\u00e3o, adaptando-se \u00e0s necessidades espec\u00edficas de cada aplica\u00e7\u00e3o e garantindo controle \u00f3timo sobre o processo de endireitamento e corte.<\/p>\n","protected":false},"excerpt":{"rendered":"<p>Esta endireitadora e cortadora de fio \u00e9 uma pe\u00e7a fundamental para ind\u00fastrias que demandam precis\u00e3o e efici\u00eancia no processamento de metais. Capaz de manusear desde fio galvanizado at\u00e9 fio de cobre, esta m\u00e1quina para endireitar fio oferece um desempenho excepcional. Sua capacidade de endireitar e cortar com alta velocidade de alimenta\u00e7\u00e3o e precis\u00e3o milim\u00e9trica a posiciona como um investimento chave para melhorar a produtividade. Seja para saber como endireitar fio galvanizado de forma industrial ou se busca uma solu\u00e7\u00e3o para o endireitamento de fio de alta resistencia, este equipamento fornece resultados consistentes e de qualidade superior. Al\u00e9m disso, est\u00e1 dispon\u00edvel em modelos com alimenta\u00e7\u00e3o servo regulada e de alta precis\u00e3o, adaptando-se \u00e0s necessidades espec\u00edficas de cada aplica\u00e7\u00e3o e garantindo controle \u00f3timo sobre o processo de endireitamento e corte.<\/p>\n","protected":false},"featured_media":936,"comment_status":"open","ping_status":"closed","template":"","meta":{"site-sidebar-layout":"default","site-content-layout":"default","ast-global-header-display":"","ast-main-header-display":"","ast-hfb-above-header-display":"","ast-hfb-below-header-display":"","ast-hfb-mobile-header-display":"","site-post-title":"disabled","ast-breadcrumbs-content":"","ast-featured-img":"","footer-sml-layout":"","theme-transparent-header-meta":"default","adv-header-id-meta":"","stick-header-meta":"","header-above-stick-meta":"","header-main-stick-meta":"","header-below-stick-meta":""},"product_brand":[],"product_cat":[32,17],"product_tag":[],"class_list":{"0":"post-935","1":"product","2":"type-product","3":"status-publish","4":"has-post-thumbnail","6":"product_cat-endireitadeira","7":"product_cat-maquinas","9":"first","10":"instock","11":"shipping-taxable","12":"product-type-simple"},"_links":{"self":[{"href":"https:\/\/www.heatecx.com\/pt\/wp-json\/wp\/v2\/product\/935","targetHints":{"allow":["GET"]}}],"collection":[{"href":"https:\/\/www.heatecx.com\/pt\/wp-json\/wp\/v2\/product"}],"about":[{"href":"https:\/\/www.heatecx.com\/pt\/wp-json\/wp\/v2\/types\/product"}],"replies":[{"embeddable":true,"href":"https:\/\/www.heatecx.com\/pt\/wp-json\/wp\/v2\/comments?post=935"}],"wp:featuredmedia":[{"embeddable":true,"href":"https:\/\/www.heatecx.com\/pt\/wp-json\/wp\/v2\/media\/936"}],"wp:attachment":[{"href":"https:\/\/www.heatecx.com\/pt\/wp-json\/wp\/v2\/media?parent=935"}],"wp:term":[{"taxonomy":"product_brand","embeddable":true,"href":"https:\/\/www.heatecx.com\/pt\/wp-json\/wp\/v2\/product_brand?post=935"},{"taxonomy":"product_cat","embeddable":true,"href":"https:\/\/www.heatecx.com\/pt\/wp-json\/wp\/v2\/product_cat?post=935"},{"taxonomy":"product_tag","embeddable":true,"href":"https:\/\/www.heatecx.com\/pt\/wp-json\/wp\/v2\/product_tag?post=935"}],"curies":[{"name":"wp","href":"https:\/\/api.w.org\/{rel}","templated":true}]}}