{"id":948,"date":"2026-03-26T08:14:42","date_gmt":"2026-03-26T08:14:42","guid":{"rendered":"https:\/\/www.heatecx.com\/pt\/?post_type=product&#038;p=948"},"modified":"2026-03-26T13:28:20","modified_gmt":"2026-03-26T13:28:20","slug":"maquina-torneadeira-de-resistencias-de-cartucho-mt-03","status":"publish","type":"product","link":"https:\/\/www.heatecx.com\/pt\/producto\/maquina-torneadeira-de-resistencias-de-cartucho-mt-03\/","title":{"rendered":"M\u00e1quina Torneadeira de Resist\u00eancias de Cartucho MT-03"},"content":{"rendered":"<p>A M\u00e1quina Torneadeira de Resist\u00eancias de Cartucho MT-03 \u00e9 um equipamento especializado projetado especificamente para o corte e acabamento de cabe\u00e7otes de resistencias de cartucho, uma caracter\u00edstica distintiva desses elementos aquecedores. Sua estrutura baseia-se em um sistema de rota\u00e7\u00e3o de ferramentas que, combinado com um mecanismo de fixa\u00e7\u00e3o pneum\u00e1tica, garante um desempenho est\u00e1vel e alta precis\u00e3o no corte. Este design permite um acabamento de cabe\u00e7otes para resist\u00eancias de cartucho eficiente e consistente, assegurando que cada unidade cumpra com as especifica\u00e7\u00f5es dimensionais e de acabamento requeridas. A MT-03 \u00e9 uma recortadora de resist\u00eancias de cartucho que se destaca por sua capacidade de processar pe\u00e7as redondas com comprimentos que variam de 100 a 6000 mm e di\u00e2metros entre 6 e 30 mm, tornando-se uma solu\u00e7\u00e3o vers\u00e1til para diversas necessidades de produ\u00e7\u00e3o em maquinaria para fabrica\u00e7\u00e3o de resist\u00eancias de cartucho.<\/p>\n","protected":false},"excerpt":{"rendered":"<p>A M\u00e1quina Torneadeira de Resist\u00eancias de Cartucho MT-03 \u00e9 um equipamento especializado projetado especificamente para o corte e acabamento de cabe\u00e7otes de resistencias de cartucho, uma caracter\u00edstica distintiva desses elementos aquecedores. Sua estrutura baseia-se em um sistema de rota\u00e7\u00e3o de ferramentas que, combinado com um mecanismo de fixa\u00e7\u00e3o pneum\u00e1tica, garante um desempenho est\u00e1vel e alta precis\u00e3o no corte. Este design permite um acabamento de cabe\u00e7otes para resist\u00eancias de cartucho eficiente e consistente, assegurando que cada unidade cumpra com as especifica\u00e7\u00f5es dimensionais e de acabamento requeridas. A MT-03 \u00e9 uma recortadora de resist\u00eancias de cartucho que se destaca por sua capacidade de processar pe\u00e7as redondas com comprimentos que variam de 100 a 6000 mm e di\u00e2metros entre 6 e 30 mm, tornando-se uma solu\u00e7\u00e3o vers\u00e1til para diversas necessidades de produ\u00e7\u00e3o em maquinaria para fabrica\u00e7\u00e3o de resist\u00eancias de cartucho.<\/p>\n","protected":false},"featured_media":949,"comment_status":"open","ping_status":"closed","template":"","meta":{"site-sidebar-layout":"default","site-content-layout":"default","ast-global-header-display":"","ast-main-header-display":"","ast-hfb-above-header-display":"","ast-hfb-below-header-display":"","ast-hfb-mobile-header-display":"","site-post-title":"disabled","ast-breadcrumbs-content":"","ast-featured-img":"","footer-sml-layout":"","theme-transparent-header-meta":"default","adv-header-id-meta":"","stick-header-meta":"","header-above-stick-meta":"","header-main-stick-meta":"","header-below-stick-meta":""},"product_brand":[],"product_cat":[34,17],"product_tag":[],"class_list":{"0":"post-948","1":"product","2":"type-product","3":"status-publish","4":"has-post-thumbnail","6":"product_cat-torneadoras-de-resistencias","7":"product_cat-maquinas","9":"first","10":"instock","11":"shipping-taxable","12":"product-type-simple"},"_links":{"self":[{"href":"https:\/\/www.heatecx.com\/pt\/wp-json\/wp\/v2\/product\/948","targetHints":{"allow":["GET"]}}],"collection":[{"href":"https:\/\/www.heatecx.com\/pt\/wp-json\/wp\/v2\/product"}],"about":[{"href":"https:\/\/www.heatecx.com\/pt\/wp-json\/wp\/v2\/types\/product"}],"replies":[{"embeddable":true,"href":"https:\/\/www.heatecx.com\/pt\/wp-json\/wp\/v2\/comments?post=948"}],"wp:featuredmedia":[{"embeddable":true,"href":"https:\/\/www.heatecx.com\/pt\/wp-json\/wp\/v2\/media\/949"}],"wp:attachment":[{"href":"https:\/\/www.heatecx.com\/pt\/wp-json\/wp\/v2\/media?parent=948"}],"wp:term":[{"taxonomy":"product_brand","embeddable":true,"href":"https:\/\/www.heatecx.com\/pt\/wp-json\/wp\/v2\/product_brand?post=948"},{"taxonomy":"product_cat","embeddable":true,"href":"https:\/\/www.heatecx.com\/pt\/wp-json\/wp\/v2\/product_cat?post=948"},{"taxonomy":"product_tag","embeddable":true,"href":"https:\/\/www.heatecx.com\/pt\/wp-json\/wp\/v2\/product_tag?post=948"}],"curies":[{"name":"wp","href":"https:\/\/api.w.org\/{rel}","templated":true}]}}