{"id":964,"date":"2026-03-27T05:57:49","date_gmt":"2026-03-27T05:57:49","guid":{"rendered":"https:\/\/www.heatecx.com\/pt\/?post_type=product&#038;p=964"},"modified":"2026-03-27T05:58:37","modified_gmt":"2026-03-27T05:58:37","slug":"maquina-de-soldadura-por-pontos-por-descarga-capacitiva-sp-01","status":"publish","type":"product","link":"https:\/\/www.heatecx.com\/pt\/producto\/maquina-de-soldadura-por-pontos-por-descarga-capacitiva-sp-01\/","title":{"rendered":"M\u00e1quina de Soldadura por Pontos por Descarga Capacitiva SP-01"},"content":{"rendered":"<p>A M\u00e1quina de Soldadura por Pontos por Descarga Capacitiva SP-01 \u00e9 uma solu\u00e7\u00e3o de engenharia avan\u00e7ada projetada para processos de uni\u00e3o met\u00e1lica que exigem precis\u00e3o extrema e um impacto t\u00e9rmico m\u00ednimo. Este equipamento utiliza tecnologia de armazenamento de energia em condensadores para liberar descargas instant\u00e2neas de alta intensidade, permitindo a fus\u00e3o de materiais em \u00e1reas muito localizadas sem comprometer a integridade estrutural ou a est\u00e9tica da pe\u00e7a.<\/p>\n<p>Equipada com um sistema de controle integrado por microcomputador, a SP-01 oferece uma versatilidade operacional sem precedentes. O operador pode ajustar com precis\u00e3o milim\u00e9trica par\u00e2metros cr\u00edticos como o tempo de prepress\u00e3o, a descarga, a forjagem, o tempo de manuten\u00e7\u00e3o e a tens\u00e3o de carga (ajust\u00e1vel de 50V a 400V com precis\u00e3o de 1V). Este n\u00edvel de controle, somado a circuitos projetados para evitar a magnetiza\u00e7\u00e3o do transformador e a perda de energia por calor, garante uma repetibilidade excepcional em cada ciclo de trabalho, tornando esta m\u00e1quina um investimento rent\u00e1vel para linhas de produ\u00e7\u00e3o de alta cad\u00eancia.<\/p>\n","protected":false},"excerpt":{"rendered":"<p>A M\u00e1quina de Soldadura por Pontos por Descarga Capacitiva SP-01 \u00e9 uma solu\u00e7\u00e3o de engenharia avan\u00e7ada projetada para processos de uni\u00e3o met\u00e1lica que exigem precis\u00e3o extrema e um impacto t\u00e9rmico m\u00ednimo. Este equipamento utiliza tecnologia de armazenamento de energia em condensadores para liberar descargas instant\u00e2neas de alta intensidade, permitindo a fus\u00e3o de materiais em \u00e1reas muito localizadas sem comprometer a integridade estrutural ou a est\u00e9tica da pe\u00e7a.<\/p>\n<p>Equipada com um sistema de controle integrado por microcomputador, a SP-01 oferece uma versatilidade operacional sem precedentes. O operador pode ajustar com precis\u00e3o milim\u00e9trica par\u00e2metros cr\u00edticos como o tempo de prepress\u00e3o, a descarga, a forjagem, o tempo de manuten\u00e7\u00e3o e a tens\u00e3o de carga (ajust\u00e1vel de 50V a 400V com precis\u00e3o de 1V). Este n\u00edvel de controle, somado a circuitos projetados para evitar a magnetiza\u00e7\u00e3o do transformador e a perda de energia por calor, garante uma repetibilidade excepcional em cada ciclo de trabalho, tornando esta m\u00e1quina um investimento rent\u00e1vel para linhas de produ\u00e7\u00e3o de alta cad\u00eancia.<\/p>\n","protected":false},"featured_media":965,"comment_status":"open","ping_status":"closed","template":"","meta":{"site-sidebar-layout":"default","site-content-layout":"default","ast-global-header-display":"","ast-main-header-display":"","ast-hfb-above-header-display":"","ast-hfb-below-header-display":"","ast-hfb-mobile-header-display":"","site-post-title":"disabled","ast-breadcrumbs-content":"","ast-featured-img":"","footer-sml-layout":"","theme-transparent-header-meta":"default","adv-header-id-meta":"","stick-header-meta":"","header-above-stick-meta":"","header-main-stick-meta":"","header-below-stick-meta":""},"product_brand":[],"product_cat":[36,17],"product_tag":[],"class_list":{"0":"post-964","1":"product","2":"type-product","3":"status-publish","4":"has-post-thumbnail","6":"product_cat-maquinas-de-solda","7":"product_cat-maquinas","9":"first","10":"instock","11":"shipping-taxable","12":"product-type-simple"},"_links":{"self":[{"href":"https:\/\/www.heatecx.com\/pt\/wp-json\/wp\/v2\/product\/964","targetHints":{"allow":["GET"]}}],"collection":[{"href":"https:\/\/www.heatecx.com\/pt\/wp-json\/wp\/v2\/product"}],"about":[{"href":"https:\/\/www.heatecx.com\/pt\/wp-json\/wp\/v2\/types\/product"}],"replies":[{"embeddable":true,"href":"https:\/\/www.heatecx.com\/pt\/wp-json\/wp\/v2\/comments?post=964"}],"wp:featuredmedia":[{"embeddable":true,"href":"https:\/\/www.heatecx.com\/pt\/wp-json\/wp\/v2\/media\/965"}],"wp:attachment":[{"href":"https:\/\/www.heatecx.com\/pt\/wp-json\/wp\/v2\/media?parent=964"}],"wp:term":[{"taxonomy":"product_brand","embeddable":true,"href":"https:\/\/www.heatecx.com\/pt\/wp-json\/wp\/v2\/product_brand?post=964"},{"taxonomy":"product_cat","embeddable":true,"href":"https:\/\/www.heatecx.com\/pt\/wp-json\/wp\/v2\/product_cat?post=964"},{"taxonomy":"product_tag","embeddable":true,"href":"https:\/\/www.heatecx.com\/pt\/wp-json\/wp\/v2\/product_tag?post=964"}],"curies":[{"name":"wp","href":"https:\/\/api.w.org\/{rel}","templated":true}]}}