{"id":970,"date":"2026-03-27T06:52:25","date_gmt":"2026-03-27T06:52:25","guid":{"rendered":"https:\/\/www.heatecx.com\/pt\/?post_type=product&#038;p=970"},"modified":"2026-03-27T06:52:25","modified_gmt":"2026-03-27T06:52:25","slug":"maquina-de-recozimento-de-alta-frequencia-rt-02","status":"publish","type":"product","link":"https:\/\/www.heatecx.com\/pt\/producto\/maquina-de-recozimento-de-alta-frequencia-rt-02\/","title":{"rendered":"M\u00e1quina de Recozimento de Alta Frequ\u00eancia RT-02"},"content":{"rendered":"<p>A M\u00e1quina de Recozimento de Alta Frequ\u00eancia RT-02 representa uma solu\u00e7\u00e3o tecnol\u00f3gica de vanguarda projetada especificamente para otimizar os processos de transforma\u00e7\u00e3o de tubula\u00e7\u00f5es met\u00e1licas. Este equipamento \u00e9 fundamental em ambientes industriais onde a precis\u00e3o no tratamento t\u00e9rmico e a efici\u00eancia operacional s\u00e3o cr\u00edticas para o sucesso da produ\u00e7\u00e3o.<\/p>\n<p>Do ponto de vista operacional, a RT-02 posiciona-se como uma ferramenta vers\u00e1til para o amaciamento de metais antes de processos cr\u00edticos, como dobramento ou compress\u00e3o extrema. Sua capacidade de operar com uma pot\u00eancia de at\u00e9 45KW a torna ideal para aplica\u00e7\u00f5es de <strong>tube swaging<\/strong>\u200b (redu\u00e7\u00e3o de tubula\u00e7\u00e3o) onde se busca alcan\u00e7ar dimens\u00f5es espec\u00edficas com toler\u00e2ncias m\u00ednimas. A m\u00e1quina n\u00e3o s\u00f3 facilita a deforma\u00e7\u00e3o pl\u00e1stica necess\u00e1ria para o conformamento de tubos, como tamb\u00e9m otimiza os tempos de ciclo ao proporcionar um aquecimento r\u00e1pido e controlado, adaptando-se \u00e0s exig\u00eancias da ind\u00fastria metalmec\u00e2nica moderna.<\/p>\n","protected":false},"excerpt":{"rendered":"<p>A M\u00e1quina de Recozimento de Alta Frequ\u00eancia RT-02 representa uma solu\u00e7\u00e3o tecnol\u00f3gica de vanguarda projetada especificamente para otimizar os processos de transforma\u00e7\u00e3o de tubula\u00e7\u00f5es met\u00e1licas. Este equipamento \u00e9 fundamental em ambientes industriais onde a precis\u00e3o no tratamento t\u00e9rmico e a efici\u00eancia operacional s\u00e3o cr\u00edticas para o sucesso da produ\u00e7\u00e3o.<\/p>\n<p>Do ponto de vista operacional, a RT-02 posiciona-se como uma ferramenta vers\u00e1til para o amaciamento de metais antes de processos cr\u00edticos, como dobramento ou compress\u00e3o extrema. Sua capacidade de operar com uma pot\u00eancia de at\u00e9 45KW a torna ideal para aplica\u00e7\u00f5es de <strong>tube swaging<\/strong>\u200b (redu\u00e7\u00e3o de tubula\u00e7\u00e3o) onde se busca alcan\u00e7ar dimens\u00f5es espec\u00edficas com toler\u00e2ncias m\u00ednimas. A m\u00e1quina n\u00e3o s\u00f3 facilita a deforma\u00e7\u00e3o pl\u00e1stica necess\u00e1ria para o conformamento de tubos, como tamb\u00e9m otimiza os tempos de ciclo ao proporcionar um aquecimento r\u00e1pido e controlado, adaptando-se \u00e0s exig\u00eancias da ind\u00fastria metalmec\u00e2nica moderna.<\/p>\n","protected":false},"featured_media":971,"comment_status":"open","ping_status":"closed","template":"","meta":{"site-sidebar-layout":"default","site-content-layout":"default","ast-global-header-display":"","ast-main-header-display":"","ast-hfb-above-header-display":"","ast-hfb-below-header-display":"","ast-hfb-mobile-header-display":"","site-post-title":"disabled","ast-breadcrumbs-content":"","ast-featured-img":"","footer-sml-layout":"","theme-transparent-header-meta":"default","adv-header-id-meta":"","stick-header-meta":"","header-above-stick-meta":"","header-main-stick-meta":"","header-below-stick-meta":""},"product_brand":[],"product_cat":[39,17],"product_tag":[],"class_list":{"0":"post-970","1":"product","2":"type-product","3":"status-publish","4":"has-post-thumbnail","6":"product_cat-maquina-de-recozimento","7":"product_cat-maquinas","9":"first","10":"instock","11":"shipping-taxable","12":"product-type-simple"},"_links":{"self":[{"href":"https:\/\/www.heatecx.com\/pt\/wp-json\/wp\/v2\/product\/970","targetHints":{"allow":["GET"]}}],"collection":[{"href":"https:\/\/www.heatecx.com\/pt\/wp-json\/wp\/v2\/product"}],"about":[{"href":"https:\/\/www.heatecx.com\/pt\/wp-json\/wp\/v2\/types\/product"}],"replies":[{"embeddable":true,"href":"https:\/\/www.heatecx.com\/pt\/wp-json\/wp\/v2\/comments?post=970"}],"wp:featuredmedia":[{"embeddable":true,"href":"https:\/\/www.heatecx.com\/pt\/wp-json\/wp\/v2\/media\/971"}],"wp:attachment":[{"href":"https:\/\/www.heatecx.com\/pt\/wp-json\/wp\/v2\/media?parent=970"}],"wp:term":[{"taxonomy":"product_brand","embeddable":true,"href":"https:\/\/www.heatecx.com\/pt\/wp-json\/wp\/v2\/product_brand?post=970"},{"taxonomy":"product_cat","embeddable":true,"href":"https:\/\/www.heatecx.com\/pt\/wp-json\/wp\/v2\/product_cat?post=970"},{"taxonomy":"product_tag","embeddable":true,"href":"https:\/\/www.heatecx.com\/pt\/wp-json\/wp\/v2\/product_tag?post=970"}],"curies":[{"name":"wp","href":"https:\/\/api.w.org\/{rel}","templated":true}]}}