{"id":972,"date":"2026-03-27T08:30:17","date_gmt":"2026-03-27T08:30:17","guid":{"rendered":"https:\/\/www.heatecx.com\/pt\/?post_type=product&#038;p=972"},"modified":"2026-03-27T08:30:17","modified_gmt":"2026-03-27T08:30:17","slug":"maquina-de-aquecimento-por-inducao-rt03","status":"publish","type":"product","link":"https:\/\/www.heatecx.com\/pt\/producto\/maquina-de-aquecimento-por-inducao-rt03\/","title":{"rendered":"M\u00e1quina de Aquecimento por Indu\u00e7\u00e3o RT03"},"content":{"rendered":"<p>A M\u00e1quina de Aquecimento por Indu\u00e7\u00e3o de Alta Frequ\u00eancia s\u00e9rie RT03 representa a vanguarda da tecnologia de processamento t\u00e9rmico industrial. Projetada para oferecer uma efici\u00eancia energ\u00e9tica superior, esta unidade utiliza princ\u00edpios de indu\u00e7\u00e3o eletromagn\u00e9tica para gerar calor diretamente no material condutor, eliminando as perdas associadas \u00e0 transfer\u00eancia de calor convencional. Seu design compacto e robusto a torna a solu\u00e7\u00e3o ideal para oficinas e plantas de produ\u00e7\u00e3o que buscam otimizar seus processos de forjamento, t\u00eampera e fundi\u00e7\u00e3o. Gra\u00e7as \u00e0 sua eletr\u00f4nica de pot\u00eancia avan\u00e7ada, o equipamento garante controle preciso da temperatura e repetibilidade excepcional, fatores cr\u00edticos para manter os mais altos padr\u00f5es de qualidade na ind\u00fastria metal\u00fargica moderna.<\/p>\n","protected":false},"excerpt":{"rendered":"<p>A M\u00e1quina de Aquecimento por Indu\u00e7\u00e3o de Alta Frequ\u00eancia s\u00e9rie RT03 representa a vanguarda da tecnologia de processamento t\u00e9rmico industrial. Projetada para oferecer uma efici\u00eancia energ\u00e9tica superior, esta unidade utiliza princ\u00edpios de indu\u00e7\u00e3o eletromagn\u00e9tica para gerar calor diretamente no material condutor, eliminando as perdas associadas \u00e0 transfer\u00eancia de calor convencional. Seu design compacto e robusto a torna a solu\u00e7\u00e3o ideal para oficinas e plantas de produ\u00e7\u00e3o que buscam otimizar seus processos de forjamento, t\u00eampera e fundi\u00e7\u00e3o. Gra\u00e7as \u00e0 sua eletr\u00f4nica de pot\u00eancia avan\u00e7ada, o equipamento garante controle preciso da temperatura e repetibilidade excepcional, fatores cr\u00edticos para manter os mais altos padr\u00f5es de qualidade na ind\u00fastria metal\u00fargica moderna.<\/p>\n","protected":false},"featured_media":973,"comment_status":"open","ping_status":"closed","template":"","meta":{"site-sidebar-layout":"default","site-content-layout":"default","ast-global-header-display":"","ast-main-header-display":"","ast-hfb-above-header-display":"","ast-hfb-below-header-display":"","ast-hfb-mobile-header-display":"","site-post-title":"disabled","ast-breadcrumbs-content":"","ast-featured-img":"","footer-sml-layout":"","theme-transparent-header-meta":"default","adv-header-id-meta":"","stick-header-meta":"","header-above-stick-meta":"","header-main-stick-meta":"","header-below-stick-meta":""},"product_brand":[],"product_cat":[39,17],"product_tag":[],"class_list":{"0":"post-972","1":"product","2":"type-product","3":"status-publish","4":"has-post-thumbnail","6":"product_cat-maquina-de-recozimento","7":"product_cat-maquinas","9":"first","10":"instock","11":"shipping-taxable","12":"product-type-simple"},"_links":{"self":[{"href":"https:\/\/www.heatecx.com\/pt\/wp-json\/wp\/v2\/product\/972","targetHints":{"allow":["GET"]}}],"collection":[{"href":"https:\/\/www.heatecx.com\/pt\/wp-json\/wp\/v2\/product"}],"about":[{"href":"https:\/\/www.heatecx.com\/pt\/wp-json\/wp\/v2\/types\/product"}],"replies":[{"embeddable":true,"href":"https:\/\/www.heatecx.com\/pt\/wp-json\/wp\/v2\/comments?post=972"}],"wp:featuredmedia":[{"embeddable":true,"href":"https:\/\/www.heatecx.com\/pt\/wp-json\/wp\/v2\/media\/973"}],"wp:attachment":[{"href":"https:\/\/www.heatecx.com\/pt\/wp-json\/wp\/v2\/media?parent=972"}],"wp:term":[{"taxonomy":"product_brand","embeddable":true,"href":"https:\/\/www.heatecx.com\/pt\/wp-json\/wp\/v2\/product_brand?post=972"},{"taxonomy":"product_cat","embeddable":true,"href":"https:\/\/www.heatecx.com\/pt\/wp-json\/wp\/v2\/product_cat?post=972"},{"taxonomy":"product_tag","embeddable":true,"href":"https:\/\/www.heatecx.com\/pt\/wp-json\/wp\/v2\/product_tag?post=972"}],"curies":[{"name":"wp","href":"https:\/\/api.w.org\/{rel}","templated":true}]}}