{"id":980,"date":"2026-03-27T08:57:53","date_gmt":"2026-03-27T08:57:53","guid":{"rendered":"https:\/\/www.heatecx.com\/pt\/?post_type=product&#038;p=980"},"modified":"2026-03-27T08:57:53","modified_gmt":"2026-03-27T08:57:53","slug":"maquina-de-recozimento-e-trefilacao-de-cabo-rt-04","status":"publish","type":"product","link":"https:\/\/www.heatecx.com\/pt\/producto\/maquina-de-recozimento-e-trefilacao-de-cabo-rt-04\/","title":{"rendered":"M\u00e1quina de Recozimento e Trefila\u00e7\u00e3o de Cabo RT-04"},"content":{"rendered":"<p>A M\u00e1quina de Trefila\u00e7\u00e3o Fina e Recozimento Cont\u00ednuo RT-04 \u00e9 uma solu\u00e7\u00e3o de vanguarda projetada para a produ\u00e7\u00e3o de fio de cobre de alta qualidade. Este equipamento integral combina a trefila\u00e7\u00e3o cont\u00ednua de cobre com um recozimento em linha avan\u00e7ado, tornando-a uma maquinaria para cabos indispens\u00e1vel na fabrica\u00e7\u00e3o de condutores el\u00e9tricos. A RT-04 est\u00e1 otimizada para transformar eficientemente o fio de cobre de entrada em fio de cobre macio e recozido, pronto para processos posteriores como a extrus\u00e3o ou o revestimento. Seu design vertical e sua capacidade para a trefila\u00e7\u00e3o de cobre de bitola fina asseguram uma efici\u00eancia de trefila\u00e7\u00e3o superior e uma qualidade de cabo excepcional, posicionando-a como uma m\u00e1quina de trefila\u00e7\u00e3o de cobre l\u00edder no mercado para a automa\u00e7\u00e3o industrial na produ\u00e7\u00e3o de cabos.<\/p>\n","protected":false},"excerpt":{"rendered":"<p>A M\u00e1quina de Trefila\u00e7\u00e3o Fina e Recozimento Cont\u00ednuo RT-04 \u00e9 uma solu\u00e7\u00e3o de vanguarda projetada para a produ\u00e7\u00e3o de fio de cobre de alta qualidade. Este equipamento integral combina a trefila\u00e7\u00e3o cont\u00ednua de cobre com um recozimento em linha avan\u00e7ado, tornando-a uma maquinaria para cabos indispens\u00e1vel na fabrica\u00e7\u00e3o de condutores el\u00e9tricos. A RT-04 est\u00e1 otimizada para transformar eficientemente o fio de cobre de entrada em fio de cobre macio e recozido, pronto para processos posteriores como a extrus\u00e3o ou o revestimento. Seu design vertical e sua capacidade para a trefila\u00e7\u00e3o de cobre de bitola fina asseguram uma efici\u00eancia de trefila\u00e7\u00e3o superior e uma qualidade de cabo excepcional, posicionando-a como uma m\u00e1quina de trefila\u00e7\u00e3o de cobre l\u00edder no mercado para a automa\u00e7\u00e3o industrial na produ\u00e7\u00e3o de cabos.<\/p>\n","protected":false},"featured_media":981,"comment_status":"open","ping_status":"closed","template":"","meta":{"site-sidebar-layout":"default","site-content-layout":"default","ast-global-header-display":"","ast-main-header-display":"","ast-hfb-above-header-display":"","ast-hfb-below-header-display":"","ast-hfb-mobile-header-display":"","site-post-title":"disabled","ast-breadcrumbs-content":"","ast-featured-img":"","footer-sml-layout":"","theme-transparent-header-meta":"default","adv-header-id-meta":"","stick-header-meta":"","header-above-stick-meta":"","header-main-stick-meta":"","header-below-stick-meta":""},"product_brand":[],"product_cat":[39,17],"product_tag":[],"class_list":{"0":"post-980","1":"product","2":"type-product","3":"status-publish","4":"has-post-thumbnail","6":"product_cat-maquina-de-recozimento","7":"product_cat-maquinas","9":"first","10":"instock","11":"shipping-taxable","12":"product-type-simple"},"_links":{"self":[{"href":"https:\/\/www.heatecx.com\/pt\/wp-json\/wp\/v2\/product\/980","targetHints":{"allow":["GET"]}}],"collection":[{"href":"https:\/\/www.heatecx.com\/pt\/wp-json\/wp\/v2\/product"}],"about":[{"href":"https:\/\/www.heatecx.com\/pt\/wp-json\/wp\/v2\/types\/product"}],"replies":[{"embeddable":true,"href":"https:\/\/www.heatecx.com\/pt\/wp-json\/wp\/v2\/comments?post=980"}],"wp:featuredmedia":[{"embeddable":true,"href":"https:\/\/www.heatecx.com\/pt\/wp-json\/wp\/v2\/media\/981"}],"wp:attachment":[{"href":"https:\/\/www.heatecx.com\/pt\/wp-json\/wp\/v2\/media?parent=980"}],"wp:term":[{"taxonomy":"product_brand","embeddable":true,"href":"https:\/\/www.heatecx.com\/pt\/wp-json\/wp\/v2\/product_brand?post=980"},{"taxonomy":"product_cat","embeddable":true,"href":"https:\/\/www.heatecx.com\/pt\/wp-json\/wp\/v2\/product_cat?post=980"},{"taxonomy":"product_tag","embeddable":true,"href":"https:\/\/www.heatecx.com\/pt\/wp-json\/wp\/v2\/product_tag?post=980"}],"curies":[{"name":"wp","href":"https:\/\/api.w.org\/{rel}","templated":true}]}}